{"id":9552,"date":"2023-12-20T19:06:04","date_gmt":"2023-12-20T18:06:04","guid":{"rendered":"https:\/\/vivarapro.nl\/product\/vk-mp-10-fledermaus-giebelkasten\/"},"modified":"2026-01-15T16:36:28","modified_gmt":"2026-01-15T15:36:28","slug":"vk-mp-10-fledermaus-giebelkasten","status":"publish","type":"product","link":"https:\/\/viva.ezxdemo.com\/de\/produkt\/vk-mp-10-fledermaus-giebelkasten\/","title":{"rendered":"VK MP 10 Fledermaus Fassadenkasten"},"content":{"rendered":"<p>Dieser Fledermauskasten besteht aus vier Kammern mit schr\u00e4g angebrachten Lamellen, wodurch unterschiedliche Spaltenbreiten entstehen. Der Kasten wird bei tempor\u00e4ren Ma\u00dfnahmen zur Umsiedlung von Wochenstuben-Kolonien an Fassaden eingesetzt<\/p>\n<p>Es gibt verschiedene Fledermausarten, die diesen Fledermauskasten nutzen k\u00f6nnen, dies h\u00e4ngt von den lokal vorkommenden Arten und dem Standort ab, an dem der Fledermauskasten aufgeh\u00e4ngt wird. Der Kasten eignet sich vorrangig als Wochenstube, kann jedoch auch als Sommer- oder Paarungsquartier verwendet werden. In milden Wintern kann der Kasten auch als Unterschlupf dienen.<\/p>\n<p>Als Sommer-Paarungsquartier m\u00f6glich f\u00fcr:<\/p>\n<ul>\n<li>Kleine Bartfledermaus<\/li>\n<li>Zwergfledermaus<\/li>\n<li>M\u00fcckenfledermaus<\/li>\n<li>Breitfl\u00fcgelfledermaus (experimentell)<\/li>\n<li>Teichfledermaus (experimentell)<\/li>\n<li>Rauhautfledermaus<\/li>\n<li>Zweifarbfledermaus<\/li>\n<\/ul>\n<p>In milden Wintern, m\u00f6gliche Nutzung durch:<\/p>\n<ul>\n<li>Zwergfledermaus<\/li>\n<\/ul>\n<p>Der Kasten ist wei\u00df lackiert, so dass sich die Temperatur im Inneren des Kastens weniger stark aufheizt, wenn er an einem sonnigen, warmen Ort h\u00e4ngt. Die vier Kammern schaffen unterschiedliche Mikroklimata im Kasten.<\/p>\n<p>Dieser Kasten ist aus wasserfest verleimtem Multiplex gefertigt. An der Innenseite der R\u00fcckwand und an einer Seite der Trennwand ist dieser Fledermauskasten mit griffigem Spr\u00fchkork versehen. Der Kasten wird mit D\u00fcbeln und Schrauben f\u00fcr die Montage geliefert.<\/p>\n","protected":false},"excerpt":{"rendered":"<p>VK MP 10 Fledermaus-Giebelkasten<\/p>\n","protected":false},"featured_media":9021,"template":"","meta":{"_acf_changed":false,"_relevanssi_hide_post":"","_relevanssi_hide_content":"","_relevanssi_pin_for_all":"","_relevanssi_pin_keywords":"","_relevanssi_unpin_keywords":"","_relevanssi_related_keywords":"","_relevanssi_related_include_ids":"","_relevanssi_related_exclude_ids":"","_relevanssi_related_no_append":"","_relevanssi_related_not_related":"","_relevanssi_related_posts":"","_relevanssi_noindex_reason":""},"product_brand":[],"product_cat":[4601,4598,4584,4600],"product_tag":[],"class_list":{"0":"post-9552","1":"product","2":"type-product","3":"status-publish","4":"has-post-thumbnail","6":"product_cat-fassadenkaesten","7":"product_cat-fassadenkaesten-fledermause","8":"product_cat-fledermause","9":"product_cat-wochenstube-fledermause","10":"pa_binnenmaat-b-x-h-x-d-cm-79-x-104-x-4-x-125-de","11":"pa_buitenmaat-b-x-h-x-d-cm-85-x-110-x-145-de","12":"pa_kleur-weis","13":"pa_materiaal-multiplex-fur-den-ausenbereich-fsc","14":"pa_materiaal-spruhkorken","15":"pa_materiaal-voor-filter-fsc-holz","16":"pa_soort-braunes-langohr","17":"pa_soort-breitflugelfledermaus","18":"pa_soort-kleine-bartfledermaus","19":"pa_soort-muckenfledermaus","20":"pa_soort-rauhautfledermaus","21":"pa_soort-zwergfledermaus","22":"pa_soortgroep-fledermause","24":"first","25":"instock","26":"purchasable","27":"product-type-simple"},"acf":[],"_links":{"self":[{"href":"https:\/\/viva.ezxdemo.com\/de\/wp-json\/wp\/v2\/product\/9552","targetHints":{"allow":["GET"]}}],"collection":[{"href":"https:\/\/viva.ezxdemo.com\/de\/wp-json\/wp\/v2\/product"}],"about":[{"href":"https:\/\/viva.ezxdemo.com\/de\/wp-json\/wp\/v2\/types\/product"}],"wp:featuredmedia":[{"embeddable":true,"href":"https:\/\/viva.ezxdemo.com\/de\/wp-json\/wp\/v2\/media\/9021"}],"wp:attachment":[{"href":"https:\/\/viva.ezxdemo.com\/de\/wp-json\/wp\/v2\/media?parent=9552"}],"wp:term":[{"taxonomy":"product_brand","embeddable":true,"href":"https:\/\/viva.ezxdemo.com\/de\/wp-json\/wp\/v2\/product_brand?post=9552"},{"taxonomy":"product_cat","embeddable":true,"href":"https:\/\/viva.ezxdemo.com\/de\/wp-json\/wp\/v2\/product_cat?post=9552"},{"taxonomy":"product_tag","embeddable":true,"href":"https:\/\/viva.ezxdemo.com\/de\/wp-json\/wp\/v2\/product_tag?post=9552"}],"curies":[{"name":"wp","href":"https:\/\/api.w.org\/{rel}","templated":true}]}}