{"id":9556,"date":"2023-12-20T19:06:04","date_gmt":"2023-12-20T18:06:04","guid":{"rendered":"https:\/\/vivarapro.nl\/product\/vk-sk-01-giebelkasten-fuer-fledermaeuse\/"},"modified":"2025-12-01T17:09:50","modified_gmt":"2025-12-01T16:09:50","slug":"vk-sk-01-giebelkasten-fuer-fledermaeuse","status":"publish","type":"product","link":"https:\/\/viva.ezxdemo.com\/de\/produkt\/vk-sk-01-giebelkasten-fuer-fledermaeuse\/","title":{"rendered":"VK SK 01 Fledermaus Fassadenkasten"},"content":{"rendered":"<p>Dieser gro\u00dfe Nistkasten ist f\u00fcr die Platzierung an Mauerwerk und anderen rauen Fassaden geeignet. Flederm\u00e4use k\u00f6nnen auf zwei Arten in den Kasten kriechen. Durch die Wand, weil die R\u00fcckwand 2 cm frei ist, und durch die \u00d6ffnungen am Boden. Der offene Boden des Kastens erm\u00f6glicht eine einfache Kontrolle. Die drei F\u00e4cher, die einen Abstand von 19 mm haben, sind durch L\u00f6cher in den Trennw\u00e4nden gegenseitig zug\u00e4nglich.<\/p>\n<p>Es gibt mehrere Fledermausarten, die diesen Fledermauskasten nutzen k\u00f6nnen. Unter anderem die Zwergfledermaus, die Rauhautfledermaus, die Kleine Bartfledermaus, die Bartfledermaus und die Bartfledermaus. Das h\u00e4ngt von den lokal vorkommenden Arten ab. Dieser Kasten eignet sich als Nistunterschlupf, kann aber auch als Sommer- und\/oder Paarungsquartier genutzt werden. In milden Wintern kann der Kasten auch als Unterschlupf dienen. Die F\u00e4cher (einschlie\u00dflich des Raums zwischen der Wand und dem Kasten) schaffen unterschiedliche Mikroklimata im Kasten.<\/p>\n<p>Als Sommer-Paarungsquartier m\u00f6glich f\u00fcr:<\/p>\n<ul>\n<li>Kleine Bartfledermaus<\/li>\n<li>Zwergfledermaus<\/li>\n<li>M\u00fcckenfledermaus<\/li>\n<li>Breitfl\u00fcgelfledermaus (experimentell)<\/li>\n<li>Teichfledermaus (experimentell)<\/li>\n<li>Rauhautfledermaus<\/li>\n<li>Zweifarbfledermaus (m\u00f6glicherweise auch als Nistunterschlupf)<\/li>\n<\/ul>\n<p>In milden Wintern, m\u00f6gliche Nutzung durch:<\/p>\n<ul>\n<li>Zwergfledermaus<\/li>\n<\/ul>\n<p>Der Kasten ist aus wasserfest verleimtem Multiplex f\u00fcr den Au\u00dfenbereich gefertigt. Die Innenseite der R\u00fcckwand und eine Seite der Trennwand sind mit griffigem Spritzkork versehen. Um den Kasten besser zu sch\u00fctzen und zu isolieren, ist die Au\u00dfenseite des Kastens ebenfalls mit Spr\u00fchkork versehen. Der Kasten wird mit den passenden Aufh\u00e4ngebeschl\u00e4gen f\u00fcr eine einfache Montage geliefert.<\/p>\n","protected":false},"excerpt":{"rendered":"<p>VK SK 01 Giebelkasten f\u00fcr Flederm\u00e4use<\/p>\n","protected":false},"featured_media":8941,"template":"","meta":{"_acf_changed":false,"_relevanssi_hide_post":"","_relevanssi_hide_content":"","_relevanssi_pin_for_all":"","_relevanssi_pin_keywords":"","_relevanssi_unpin_keywords":"","_relevanssi_related_keywords":"","_relevanssi_related_include_ids":"","_relevanssi_related_exclude_ids":"","_relevanssi_related_no_append":"","_relevanssi_related_not_related":"","_relevanssi_related_posts":"","_relevanssi_noindex_reason":""},"product_brand":[],"product_cat":[4584,4601,4598,4600],"product_tag":[],"class_list":{"0":"post-9556","1":"product","2":"type-product","3":"status-publish","4":"has-post-thumbnail","6":"product_cat-fledermause","7":"product_cat-fassadenkaesten","8":"product_cat-fassadenkaesten-fledermause","9":"product_cat-wochenstube-fledermause","10":"pa_binnenmaat-b-x-h-x-d-cm-68-x-79-x-3-x-19-de","11":"pa_buitenmaat-b-x-h-x-d-cm-70-x-80-x-135-de","12":"pa_gewicht-kg-15-de-2","13":"pa_materiaal-multiplex-fur-den-ausenbereich-fsc","14":"pa_materiaal-spruhkorken","15":"pa_materiaal-voor-filter-fsc-holz","16":"pa_soort-braunes-langohr","17":"pa_soort-breitflugelfledermaus","18":"pa_soort-kleine-bartfledermaus","19":"pa_soort-muckenfledermaus","20":"pa_soort-rauhautfledermaus","21":"pa_soort-zwergfledermaus","22":"pa_soortgroep-fledermause","24":"first","25":"instock","26":"purchasable","27":"product-type-simple"},"acf":[],"_links":{"self":[{"href":"https:\/\/viva.ezxdemo.com\/de\/wp-json\/wp\/v2\/product\/9556","targetHints":{"allow":["GET"]}}],"collection":[{"href":"https:\/\/viva.ezxdemo.com\/de\/wp-json\/wp\/v2\/product"}],"about":[{"href":"https:\/\/viva.ezxdemo.com\/de\/wp-json\/wp\/v2\/types\/product"}],"wp:featuredmedia":[{"embeddable":true,"href":"https:\/\/viva.ezxdemo.com\/de\/wp-json\/wp\/v2\/media\/8941"}],"wp:attachment":[{"href":"https:\/\/viva.ezxdemo.com\/de\/wp-json\/wp\/v2\/media?parent=9556"}],"wp:term":[{"taxonomy":"product_brand","embeddable":true,"href":"https:\/\/viva.ezxdemo.com\/de\/wp-json\/wp\/v2\/product_brand?post=9556"},{"taxonomy":"product_cat","embeddable":true,"href":"https:\/\/viva.ezxdemo.com\/de\/wp-json\/wp\/v2\/product_cat?post=9556"},{"taxonomy":"product_tag","embeddable":true,"href":"https:\/\/viva.ezxdemo.com\/de\/wp-json\/wp\/v2\/product_tag?post=9556"}],"curies":[{"name":"wp","href":"https:\/\/api.w.org\/{rel}","templated":true}]}}