{"id":9557,"date":"2023-12-20T19:06:04","date_gmt":"2023-12-20T18:06:04","guid":{"rendered":"https:\/\/vivarapro.nl\/product\/vk-ws-08-fledermaus-baumkasten\/"},"modified":"2025-08-19T16:50:40","modified_gmt":"2025-08-19T14:50:40","slug":"vk-ws-08-fledermaus-baumkasten","status":"publish","type":"product","link":"https:\/\/viva.ezxdemo.com\/de\/produkt\/vk-ws-08-fledermaus-baumkasten\/","title":{"rendered":"VK WS 08 Fledermaus Baumkasten"},"content":{"rendered":"<p>Dieser Fledermauskasten wird haupts\u00e4chlich in B\u00e4umen verwendet, kann aber auch auf Dachb\u00f6den angebracht werden. Das Modell wurde in Zusammenarbeit mit\u00a0 Experten erstellt und seitdem verbessert. Der Kasten eignet sich besonders f\u00fcr den Gro\u00dfen Abendsegler und das Braune Langohr. Auch andere Fledermausarten k\u00f6nnen diesen Fledermauskasten nutzen. Das h\u00e4ngt davon ab, welche Arten vor Ort vorkommen und wo der Fledermauskasten aufgeh\u00e4ngt wird. Dieser Kasten ist als Sommer- und\/oder Paarungsquartier geeignet und wird manchmal von kleinen Muttertiergruppen genutzt. In milden Wintern kann der Kasten auch als Unterschlupf dienen.<\/p>\n<p>Als Sommer-Paarungsquartier und evtl. Mutterschaftsgruppen m\u00f6glich f\u00fcr:<\/p>\n<ul>\n<li>Zwergfledermaus<\/li>\n<li>Rauhautfledermaus<\/li>\n<li>M\u00fcckenfledermaus<\/li>\n<li>Braunes Langohr<\/li>\n<li>Kleiner Abendsegler<\/li>\n<li>Fransenfledermaus<\/li>\n<li>Wasserfledermaus<\/li>\n<li>Gro\u00dfer Abendsegler<\/li>\n<\/ul>\n<p>In milden Wintern, m\u00f6gliche Nutzung durch:<\/p>\n<ul>\n<li>Zwergfledermaus<\/li>\n<li>Braunes Langohr<\/li>\n<\/ul>\n<p>Der Kasten besteht aus 100% Holzbeton und hat zwei Eing\u00e4nge mit integrierter Meisensperre, einen an der Vorderseite und einen an der Unterseite. Im Inneren befindet sich eine Betonstruktur, zwischen der die Flederm\u00e4use h\u00e4ngen k\u00f6nnen. Oben im Kasten befindet sich ein freier Raum, in dem sich die Flederm\u00e4use mit mehreren zusammen aufhalten k\u00f6nnen. Die Betonstruktur ist abnehmbar, ideal f\u00fcr \u00dcberwachung und Reinigung.<\/p>\n","protected":false},"excerpt":{"rendered":"<p>VK WS 08 Fledermaus-Baumkasten<\/p>\n","protected":false},"featured_media":29248,"template":"","meta":{"_acf_changed":false,"_relevanssi_hide_post":"","_relevanssi_hide_content":"","_relevanssi_pin_for_all":"","_relevanssi_pin_keywords":"","_relevanssi_unpin_keywords":"","_relevanssi_related_keywords":"","_relevanssi_related_include_ids":"","_relevanssi_related_exclude_ids":"","_relevanssi_related_no_append":"","_relevanssi_related_not_related":"","_relevanssi_related_posts":"","_relevanssi_noindex_reason":""},"product_brand":[],"product_cat":[4603,4584,4600,7838],"product_tag":[],"class_list":{"0":"post-9557","1":"product","2":"type-product","3":"status-publish","4":"has-post-thumbnail","6":"product_cat-baumkasten-fledermause","7":"product_cat-fledermause","8":"product_cat-wochenstube-fledermause","9":"product_cat-nabu-empfohlen","10":"pa_binnenmaat-b-x-h-x-d-cm-14-x-34-x-11-de","11":"pa_buitenmaat-b-x-h-x-d-cm-215-x-39-x-20-de","12":"pa_gewicht-kg-8-de","13":"pa_kleur-braun-schwarz","14":"pa_materiaal-woodstone-de","15":"pa_materiaal-voor-filter-holzbeton","16":"pa_soort-braunes-langohr","17":"pa_soort-fransenfledermaus","18":"pa_soort-groser-abendsegler","19":"pa_soort-kleiner-abendsegler","20":"pa_soort-muckenfledermaus","21":"pa_soort-rauhautfledermaus","22":"pa_soort-wasserfledermaus","23":"pa_soort-zwergfledermaus","24":"pa_soortgroep-fledermause","26":"first","27":"instock","28":"purchasable","29":"product-type-simple"},"acf":[],"_links":{"self":[{"href":"https:\/\/viva.ezxdemo.com\/de\/wp-json\/wp\/v2\/product\/9557","targetHints":{"allow":["GET"]}}],"collection":[{"href":"https:\/\/viva.ezxdemo.com\/de\/wp-json\/wp\/v2\/product"}],"about":[{"href":"https:\/\/viva.ezxdemo.com\/de\/wp-json\/wp\/v2\/types\/product"}],"wp:featuredmedia":[{"embeddable":true,"href":"https:\/\/viva.ezxdemo.com\/de\/wp-json\/wp\/v2\/media\/29248"}],"wp:attachment":[{"href":"https:\/\/viva.ezxdemo.com\/de\/wp-json\/wp\/v2\/media?parent=9557"}],"wp:term":[{"taxonomy":"product_brand","embeddable":true,"href":"https:\/\/viva.ezxdemo.com\/de\/wp-json\/wp\/v2\/product_brand?post=9557"},{"taxonomy":"product_cat","embeddable":true,"href":"https:\/\/viva.ezxdemo.com\/de\/wp-json\/wp\/v2\/product_cat?post=9557"},{"taxonomy":"product_tag","embeddable":true,"href":"https:\/\/viva.ezxdemo.com\/de\/wp-json\/wp\/v2\/product_tag?post=9557"}],"curies":[{"name":"wp","href":"https:\/\/api.w.org\/{rel}","templated":true}]}}