{"id":9558,"date":"2023-12-20T19:08:38","date_gmt":"2023-12-20T18:08:38","guid":{"rendered":"https:\/\/vivarapro.nl\/product\/ht-hz-03-haus-schwalbe-wandhaengend\/"},"modified":"2025-11-25T14:50:25","modified_gmt":"2025-11-25T13:50:25","slug":"ht-hz-03-haus-schwalbe-wandhaengend","status":"publish","type":"product","link":"https:\/\/viva.ezxdemo.com\/de\/produkt\/ht-hz-03-haus-schwalbe-wandhaengend\/","title":{"rendered":"HT HZ 03 Mehlschwalbenhaus Wandmodell"},"content":{"rendered":"<p>Dieses Mehlschwalbenhaus bietet mehrere k\u00fcnstliche Nistpl\u00e4tze und l\u00e4sst gleichzeitig ausreichend Raum, damit Mehlschwalben zus\u00e4tzlich nat\u00fcrliche Nester anbringen k\u00f6nnen. Mit dem Wandmodell l\u00e4sst sich an der Hauswand gezielt eine Schwalbenkolonie f\u00f6rdern.<\/p>\n<p>Die Wahrscheinlichkeit, dass das Schwalbenhaus entdeckt und genutzt wird, ist am gr\u00f6\u00dften, wenn es in der N\u00e4he bestehender Kolonien platziert wird. Befindet sich keine Kolonie in der N\u00e4he, ist die Nutzung weniger wahrscheinlich. Lockrufe k\u00f6nnen die Besiedelung zus\u00e4tzlich unterst\u00fctzen, bieten jedoch keine Garantie.<\/p>\n<p>Insgesamt sind neun Nistpl\u00e4tze vormontiert. Um das Haus f\u00fcr Mehlschwalben besonders attraktiv zu gestalten, kann in der Umgebung eine kleine Lehm- oder Schlammpf\u00fctze angelegt werden. Die V\u00f6gel nutzen den Lehm, um den Nesteingang zu gestalten oder selbst Nester zu bauen.<\/p>\n<p>Der Korpus des Hauses besteht aus einem Metallrahmen, der mit wetterfestem Multiplex verkleidet ist. Innenfl\u00e4chen sind mit Spr\u00fchkork versehen, au\u00dfen sorgt eine Ecolabel-konforme Farbe (RAL 9010) f\u00fcr zus\u00e4tzlichen Schutz. Das Dach ist mit einer witterungsbest\u00e4ndigen Dachabdichtungsbahn versehen.<\/p>\n","protected":false},"excerpt":{"rendered":"<p>HT HZ 03 Mehlschwalbenhaus Wandmodell | mit 18 Nistpl\u00e4tzen | optimale L\u00f6sung f\u00fcr Ersatznistpl\u00e4tze, Biodiversit\u00e4t und naturnahe Bauprojekte.<\/p>\n","protected":false},"featured_media":8893,"template":"","meta":{"_acf_changed":false,"_relevanssi_hide_post":"","_relevanssi_hide_content":"","_relevanssi_pin_for_all":"","_relevanssi_pin_keywords":"","_relevanssi_unpin_keywords":"","_relevanssi_related_keywords":"","_relevanssi_related_include_ids":"","_relevanssi_related_exclude_ids":"","_relevanssi_related_no_append":"","_relevanssi_related_not_related":"","_relevanssi_related_posts":"","_relevanssi_noindex_reason":""},"product_brand":[],"product_cat":[4601,4609,4636,4610,4608,4587,7870],"product_tag":[7300,7287,7579,7582,7302,7305,7577,7293,7581],"class_list":{"0":"post-9558","1":"product","2":"type-product","3":"status-publish","4":"has-post-thumbnail","6":"product_cat-fassadenkaesten","7":"product_cat-fassadenkaesten-schwalben","8":"product_cat-haus-und-pfahlkasten","9":"product_cat-mehlschwalbenhauser","10":"product_cat-nistkasten-fur-mehlschwalben","11":"product_cat-schwalben","12":"product_cat-nistkaesten","13":"product_tag-holz","14":"product_tag-holzbeton","15":"product_tag-mehlschwalben","16":"product_tag-mehlschwalbenhaus","17":"product_tag-nistkasten","18":"product_tag-schwalbe","19":"product_tag-schwalben","20":"product_tag-voegel","21":"product_tag-wandmodell","22":"pa_buitenmaat-b-x-h-x-d-cm-120-x-85-x-60-de","23":"pa_gewicht-kg-50-de","24":"pa_materiaal-voor-filter-holzbeton","25":"pa_soort-mehlschwalbe","26":"pa_soortgroep-schwalben","28":"first","29":"instock","30":"purchasable","31":"product-type-simple"},"acf":[],"_links":{"self":[{"href":"https:\/\/viva.ezxdemo.com\/de\/wp-json\/wp\/v2\/product\/9558","targetHints":{"allow":["GET"]}}],"collection":[{"href":"https:\/\/viva.ezxdemo.com\/de\/wp-json\/wp\/v2\/product"}],"about":[{"href":"https:\/\/viva.ezxdemo.com\/de\/wp-json\/wp\/v2\/types\/product"}],"wp:featuredmedia":[{"embeddable":true,"href":"https:\/\/viva.ezxdemo.com\/de\/wp-json\/wp\/v2\/media\/8893"}],"wp:attachment":[{"href":"https:\/\/viva.ezxdemo.com\/de\/wp-json\/wp\/v2\/media?parent=9558"}],"wp:term":[{"taxonomy":"product_brand","embeddable":true,"href":"https:\/\/viva.ezxdemo.com\/de\/wp-json\/wp\/v2\/product_brand?post=9558"},{"taxonomy":"product_cat","embeddable":true,"href":"https:\/\/viva.ezxdemo.com\/de\/wp-json\/wp\/v2\/product_cat?post=9558"},{"taxonomy":"product_tag","embeddable":true,"href":"https:\/\/viva.ezxdemo.com\/de\/wp-json\/wp\/v2\/product_tag?post=9558"}],"curies":[{"name":"wp","href":"https:\/\/api.w.org\/{rel}","templated":true}]}}