{"id":9559,"date":"2023-12-20T19:08:38","date_gmt":"2023-12-20T18:08:38","guid":{"rendered":"https:\/\/vivarapro.nl\/product\/uk-ke-01-schleiereulennistkasten\/"},"modified":"2026-02-03T12:52:52","modified_gmt":"2026-02-03T11:52:52","slug":"uk-ke-01-schleiereulennistkasten","status":"publish","type":"product","link":"https:\/\/viva.ezxdemo.com\/de\/produkt\/uk-ke-01-schleiereulennistkasten\/","title":{"rendered":"UK KE 01 Schleiereulennistkasten"},"content":{"rendered":"<p>Dieser Schleiereulenkasten ist aus Multiplex gefertigt und mit einer Bel\u00fcftung ausgestattet. Der Kasten hat einen separaten Nistbereich und einen Deckel zum \u00d6ffnen des Kastens f\u00fcr Inspektion und Pflege. Der Nistkasten ist nicht f\u00fcr die Aufstellung im Freien bei Wind und Wetter geeignet.<\/p>\n","protected":false},"excerpt":{"rendered":"<p>UK KE 01 Schleiereulennistkasten | Schleiereulenkasten aus Multiplex mit Bel\u00fcftung | Separater Nistbereich und Deckel f\u00fcr einfache Inspektion<\/p>\n","protected":false},"featured_media":8960,"template":"","meta":{"_acf_changed":false,"_relevanssi_hide_post":"","_relevanssi_hide_content":"","_relevanssi_pin_for_all":"","_relevanssi_pin_keywords":"","_relevanssi_unpin_keywords":"","_relevanssi_related_keywords":"","_relevanssi_related_include_ids":"","_relevanssi_related_exclude_ids":"","_relevanssi_related_no_append":"","_relevanssi_related_not_related":"","_relevanssi_related_posts":"","_relevanssi_noindex_reason":""},"product_brand":[],"product_cat":[4617,7838,5101],"product_tag":[],"class_list":{"0":"post-9559","1":"product","2":"type-product","3":"status-publish","4":"has-post-thumbnail","6":"product_cat-unterkunft-fur-eulen","7":"product_cat-nabu-empfohlen","8":"product_cat-nisthilfen-fur-greifvogel-und-eulen","9":"pa_binnenmaat-b-x-h-x-d-cm-56-x-43-x-365-de","10":"pa_buitenmaat-b-x-h-x-d-cm-79-x-46-x-39-de","11":"pa_gewicht-kg-13-de","12":"pa_invliegopening-110mm-x-110mm-de","13":"pa_kleur-naturlich","14":"pa_materiaal-sperrholz-fsc","15":"pa_materiaal-voor-filter-fsc-holz","16":"pa_soort-schleiereule","17":"pa_soortgroep-eulen","19":"first","20":"instock","21":"purchasable","22":"product-type-simple"},"acf":[],"_links":{"self":[{"href":"https:\/\/viva.ezxdemo.com\/de\/wp-json\/wp\/v2\/product\/9559","targetHints":{"allow":["GET"]}}],"collection":[{"href":"https:\/\/viva.ezxdemo.com\/de\/wp-json\/wp\/v2\/product"}],"about":[{"href":"https:\/\/viva.ezxdemo.com\/de\/wp-json\/wp\/v2\/types\/product"}],"wp:featuredmedia":[{"embeddable":true,"href":"https:\/\/viva.ezxdemo.com\/de\/wp-json\/wp\/v2\/media\/8960"}],"wp:attachment":[{"href":"https:\/\/viva.ezxdemo.com\/de\/wp-json\/wp\/v2\/media?parent=9559"}],"wp:term":[{"taxonomy":"product_brand","embeddable":true,"href":"https:\/\/viva.ezxdemo.com\/de\/wp-json\/wp\/v2\/product_brand?post=9559"},{"taxonomy":"product_cat","embeddable":true,"href":"https:\/\/viva.ezxdemo.com\/de\/wp-json\/wp\/v2\/product_cat?post=9559"},{"taxonomy":"product_tag","embeddable":true,"href":"https:\/\/viva.ezxdemo.com\/de\/wp-json\/wp\/v2\/product_tag?post=9559"}],"curies":[{"name":"wp","href":"https:\/\/api.w.org\/{rel}","templated":true}]}}