{"id":9560,"date":"2023-12-20T19:06:04","date_gmt":"2023-12-20T18:06:04","guid":{"rendered":"https:\/\/vivarapro.nl\/product\/vk-ws-13-fledermaus-giebelkasten\/"},"modified":"2025-12-01T16:57:18","modified_gmt":"2025-12-01T15:57:18","slug":"vk-ws-13-fledermauskasten","status":"publish","type":"product","link":"https:\/\/viva.ezxdemo.com\/de\/produkt\/vk-ws-13-fledermauskasten\/","title":{"rendered":"VK WS 13 Fledermaus Fassadenkasten"},"content":{"rendered":"<p>Dieser Fledermauskasten ist f\u00fcr die Platzierung direkt auf einem rauen Hintergrund wie einer gemauerten Fassade gedacht. Der Kasten hat keine R\u00fcckwand. Die Flederm\u00e4use krabbeln entlang der Fassade hinein.<\/p>\n<p>Der Kasten ist in Wei\u00df gehalten, so dass sich die Temperatur im Inneren nicht zu schnell aufheizt, wenn er an einem sonnigen, warmen Ort steht. Dieser Kasten ist aus 100% Holzbeton gefertigt und wird mit 2 D\u00fcbeln und Schrauben f\u00fcr die Wandmontage geliefert. Kleben Sie vor der Platzierung das mitgelieferte Dichtungsband \u00fcber die gesamte Hinterkante der Wandverkleidung, um eine perfekte Verbindung mit der Fassade herzustellen.<\/p>\n<p>Dieser Fledermauskasten eignet sich als Sommer- und\/oder Paarungsquartier vor allem f\u00fcr die Zwergfledermaus. Es gibt auch andere Fledermausarten, die diesen Fassadenkasten nutzen k\u00f6nnen. Dies h\u00e4ngt von den vor Ort vorkommenden Arten und dem Ort ab, an dem der Kasten aufgeh\u00e4ngt wird. Der Kasten ist als Sommer- und\/oder Paarungsquartier geeignet. In milden Wintern kann der Kasten auch als Unterschlupf dienen.<\/p>\n<p>Als Sommer-Paarungsquartier m\u00f6glich f\u00fcr:<\/p>\n<ul>\n<li>Kleine Bartfledermaus<\/li>\n<li>Zwergfledermaus<\/li>\n<li>Braunes Langohr<\/li>\n<li>M\u00fcckenfledermaus<\/li>\n<li>Teichfledermaus (bei Verwendung im Winterquartier)<\/li>\n<li>Rauhautfledermaus<\/li>\n<li>Zweifarbfledermaus<\/li>\n<li>Wasserfledermaus (bei Verwendung im Winterquartier)<\/li>\n<\/ul>\n<p>In milden Wintern, m\u00f6gliche Nutzung durch:<\/p>\n<ul>\n<li>Zwergfledermaus<\/li>\n<li>Braunes Langohr<\/li>\n<\/ul>\n","protected":false},"excerpt":{"rendered":"<p>VK WS 13 Fledermaus-Giebelkasten | Wei\u00dfer Kasten aus Holzbeton \u2013 ideal f\u00fcr warme Fassaden, Sommerquartier f\u00fcr Flederm\u00e4use.<\/p>\n","protected":false},"featured_media":28969,"template":"","meta":{"_acf_changed":false,"_relevanssi_hide_post":"","_relevanssi_hide_content":"","_relevanssi_pin_for_all":"","_relevanssi_pin_keywords":"","_relevanssi_unpin_keywords":"","_relevanssi_related_keywords":"","_relevanssi_related_include_ids":"","_relevanssi_related_exclude_ids":"","_relevanssi_related_no_append":"","_relevanssi_related_not_related":"","_relevanssi_related_posts":"","_relevanssi_noindex_reason":""},"product_brand":[],"product_cat":[4584,4601,4598],"product_tag":[7281,7282,7278,7280,7286,7284],"class_list":{"0":"post-9560","1":"product","2":"type-product","3":"status-publish","4":"has-post-thumbnail","6":"product_cat-fledermause","7":"product_cat-fassadenkaesten","8":"product_cat-fassadenkaesten-fledermause","9":"product_tag-fassade","10":"product_tag-fassadekasten","11":"product_tag-fledermaus","12":"product_tag-kast","13":"product_tag-kasten","14":"product_tag-weiss","15":"pa_binnenmaat-b-x-h-x-d-cm-25-x-47-x-25-de","16":"pa_buitenmaat-b-x-h-x-d-cm-30-x-50-x-6-de","17":"pa_gewicht-kg-4-de","18":"pa_kleur-weis","19":"pa_materiaal-woodstone-de","20":"pa_materiaal-voor-filter-holzbeton","21":"pa_soort-braunes-langohr","22":"pa_soort-breitflugelfledermaus","23":"pa_soort-fransenfledermaus","24":"pa_soort-kleine-bartfledermaus","25":"pa_soort-muckenfledermaus","26":"pa_soort-rauhautfledermaus","27":"pa_soort-teichfledermaus","28":"pa_soort-wasserfledermaus","29":"pa_soort-zwergfledermaus","30":"pa_soortgroep-fledermause","32":"first","33":"instock","34":"purchasable","35":"product-type-simple"},"acf":[],"_links":{"self":[{"href":"https:\/\/viva.ezxdemo.com\/de\/wp-json\/wp\/v2\/product\/9560","targetHints":{"allow":["GET"]}}],"collection":[{"href":"https:\/\/viva.ezxdemo.com\/de\/wp-json\/wp\/v2\/product"}],"about":[{"href":"https:\/\/viva.ezxdemo.com\/de\/wp-json\/wp\/v2\/types\/product"}],"wp:featuredmedia":[{"embeddable":true,"href":"https:\/\/viva.ezxdemo.com\/de\/wp-json\/wp\/v2\/media\/28969"}],"wp:attachment":[{"href":"https:\/\/viva.ezxdemo.com\/de\/wp-json\/wp\/v2\/media?parent=9560"}],"wp:term":[{"taxonomy":"product_brand","embeddable":true,"href":"https:\/\/viva.ezxdemo.com\/de\/wp-json\/wp\/v2\/product_brand?post=9560"},{"taxonomy":"product_cat","embeddable":true,"href":"https:\/\/viva.ezxdemo.com\/de\/wp-json\/wp\/v2\/product_cat?post=9560"},{"taxonomy":"product_tag","embeddable":true,"href":"https:\/\/viva.ezxdemo.com\/de\/wp-json\/wp\/v2\/product_tag?post=9560"}],"curies":[{"name":"wp","href":"https:\/\/api.w.org\/{rel}","templated":true}]}}