{"id":9563,"date":"2023-12-20T19:08:38","date_gmt":"2023-12-20T18:08:38","guid":{"rendered":"https:\/\/vivarapro.nl\/product\/ht-hz-01-mehlschwalbenhaus-komplett\/"},"modified":"2025-11-25T14:44:23","modified_gmt":"2025-11-25T13:44:23","slug":"ht-hz-01-mehlschwalbenhaus-komplett","status":"publish","type":"product","link":"https:\/\/viva.ezxdemo.com\/de\/produkt\/ht-hz-01-mehlschwalbenhaus-komplett\/","title":{"rendered":"HT HZ 01 Mehlschwalbenhaus komplett"},"content":{"rendered":"<p>Ein Mehlschwalbenhaus ist eine effiziente L\u00f6sung, um bei Bauprojekten Ersatznistpl\u00e4tze zu schaffen und Ausgleichsma\u00dfnahmen umzusetzen. Es bietet mehrere k\u00fcnstliche Nistpl\u00e4tze, gleichzeitig bleibt gen\u00fcgend Raum, damit Schwalben auch eigene nat\u00fcrliche Nester errichten k\u00f6nnen.<\/p>\n<p>Die Wahrscheinlichkeit, dass das Haus entdeckt und genutzt wird, ist am gr\u00f6\u00dften, wenn es in unmittelbarer N\u00e4he einer bestehenden Schwalbenkolonie aufgestellt wird. Befindet sich keine Kolonie in der N\u00e4he, ist die Nutzung weniger wahrscheinlich. Lockrufe k\u00f6nnen die Entdeckung zus\u00e4tzlich f\u00f6rdern, bieten jedoch keine Garantie.<\/p>\n<p>Insgesamt sind 18 Nistpl\u00e4tze bereits vormontiert. Um das Haus besonders attraktiv zu machen, kann in der N\u00e4he eine kleine Lehm- oder Schlammpf\u00fctze angelegt werden. Die Schwalben k\u00f6nnen den Lehm nutzen, um die Nest\u00f6ffnung zu verengen oder nat\u00fcrliche Nester zu bauen.<\/p>\n<p>Das Mehlschwalbenhaus besteht aus einem stabilen Metallrahmen und ist mit witterungsbest\u00e4ndigem Multiplex verkleidet. Innen- und Au\u00dfenseiten sind mit einer Schicht Spr\u00fchkork und Ecolabel-Farbe (RAL 9010) behandelt. Das Dach ist mit einer witterungsbest\u00e4ndigen Dachabdichtungsbahn versehen.<\/p>\n<p>Bei korrekter Montage ist das Haus windstabil und h\u00e4lt Belastungen von mindestens Windst\u00e4rke 10 stand.<\/p>\n","protected":false},"excerpt":{"rendered":"<p>HT HZ 01 Mehlschwalbenhaus komplett | Mit 18 Nistpl\u00e4tzen | optimale L\u00f6sung f\u00fcr Ersatznistpl\u00e4tze, Biodiversit\u00e4t und naturnahe Bauprojekte.<\/p>\n","protected":false},"featured_media":17037,"template":"","meta":{"_acf_changed":false,"_relevanssi_hide_post":"","_relevanssi_hide_content":"","_relevanssi_pin_for_all":"","_relevanssi_pin_keywords":"","_relevanssi_unpin_keywords":"","_relevanssi_related_keywords":"","_relevanssi_related_include_ids":"","_relevanssi_related_exclude_ids":"","_relevanssi_related_no_append":"","_relevanssi_related_not_related":"","_relevanssi_related_posts":"","_relevanssi_noindex_reason":""},"product_brand":[],"product_cat":[4636,4610,4587],"product_tag":[7306,7287,7286,7579,7580,7305,7577,7578,7293],"class_list":{"0":"post-9563","1":"product","2":"type-product","3":"status-publish","4":"has-post-thumbnail","6":"product_cat-haus-und-pfahlkasten","7":"product_cat-mehlschwalbenhauser","8":"product_cat-schwalben","9":"product_tag-brutplatz","10":"product_tag-holzbeton","11":"product_tag-kasten","12":"product_tag-mehlschwalben","13":"product_tag-nistmoeglichkeiten","14":"product_tag-schwalbe","15":"product_tag-schwalben","16":"product_tag-schwalbenhaus","17":"product_tag-voegel","18":"pa_buitenmaat-b-x-h-x-d-cm-60-til-x-130-de","19":"pa_gewicht-kg-95-exkl-mast","20":"pa_materiaal-voor-filter-holzbeton","21":"pa_soort-mehlschwalbe","22":"pa_soortgroep-schwalben","24":"first","25":"instock","26":"purchasable","27":"product-type-variable"},"acf":[],"_links":{"self":[{"href":"https:\/\/viva.ezxdemo.com\/de\/wp-json\/wp\/v2\/product\/9563","targetHints":{"allow":["GET"]}}],"collection":[{"href":"https:\/\/viva.ezxdemo.com\/de\/wp-json\/wp\/v2\/product"}],"about":[{"href":"https:\/\/viva.ezxdemo.com\/de\/wp-json\/wp\/v2\/types\/product"}],"wp:featuredmedia":[{"embeddable":true,"href":"https:\/\/viva.ezxdemo.com\/de\/wp-json\/wp\/v2\/media\/17037"}],"wp:attachment":[{"href":"https:\/\/viva.ezxdemo.com\/de\/wp-json\/wp\/v2\/media?parent=9563"}],"wp:term":[{"taxonomy":"product_brand","embeddable":true,"href":"https:\/\/viva.ezxdemo.com\/de\/wp-json\/wp\/v2\/product_brand?post=9563"},{"taxonomy":"product_cat","embeddable":true,"href":"https:\/\/viva.ezxdemo.com\/de\/wp-json\/wp\/v2\/product_cat?post=9563"},{"taxonomy":"product_tag","embeddable":true,"href":"https:\/\/viva.ezxdemo.com\/de\/wp-json\/wp\/v2\/product_tag?post=9563"}],"curies":[{"name":"wp","href":"https:\/\/api.w.org\/{rel}","templated":true}]}}