{"id":9564,"date":"2023-12-20T19:06:04","date_gmt":"2023-12-20T18:06:04","guid":{"rendered":"https:\/\/vivarapro.nl\/product\/vk-ws-04-fledermaus-baumkasten\/"},"modified":"2025-08-01T11:05:26","modified_gmt":"2025-08-01T09:05:26","slug":"vk-ws-04-fledermaus-baumkasten","status":"publish","type":"product","link":"https:\/\/viva.ezxdemo.com\/de\/produkt\/vk-ws-04-fledermaus-baumkasten\/","title":{"rendered":"VK WS 04 Fledermaus Baumkasten"},"content":{"rendered":"<p>Dieser Fledermauskasten ist ideal zum Aufh\u00e4ngen in B\u00e4umen, kann aber auch an einer Fassade angebracht werden. Der Kasten eignet sich besonders f\u00fcr den Gro\u00dfen Abendsegler und das Braune Langohr. Auch andere Fledermausarten k\u00f6nnen diesen Fledermauskasten nutzen. Das h\u00e4ngt davon ab, welche Arten vor Ort vorkommen und wo der Fledermauskasten aufgeh\u00e4ngt wird.<\/p>\n<p>Als Sommer- und Paarquartier sowie ggf. auch als Wochenstube f\u00fcr Flederm\u00e4use geeignet:<\/p>\n<ul>\n<li>Zwergfledermaus<\/li>\n<li>Rauhautfledermaus<\/li>\n<li>M\u00fcckenfledermaus<\/li>\n<li>Kleine Bartfledermaus<\/li>\n<li>Gro\u00dfe Bartfledermaus<\/li>\n<li>Mopsfledermaus<\/li>\n<li>Fransenfledermaus<\/li>\n<li>Wasserfledermaus<\/li>\n<li>Gro\u00dfer Abendsegler<\/li>\n<li>Teichfledermaus<\/li>\n<\/ul>\n<p>In milden Wintern, m\u00f6gliche Nutzung durch:<\/p>\n<ul>\n<li>Zwergfledermaus<\/li>\n<li>Braunes Langohr<\/li>\n<\/ul>\n<p>Dieser Kasten ist als Sommer- und\/oder Paarungsquartier geeignet. In milden Wintern kann der Kasten auch als Unterschlupf dienen. Der aus 100% FSC\u00ae-Holzbeton gefertigte Kasten ist in drei F\u00e4cher mit Holzpaneelen unterteilt, um verschiedene Mikroklimata im Kasten zu schaffen.<\/p>\n","protected":false},"excerpt":{"rendered":"<p>VK WS 04 Fledermaus-Baumkasten<\/p>\n","protected":false},"featured_media":9164,"template":"","meta":{"_acf_changed":false,"_relevanssi_hide_post":"","_relevanssi_hide_content":"","_relevanssi_pin_for_all":"","_relevanssi_pin_keywords":"","_relevanssi_unpin_keywords":"","_relevanssi_related_keywords":"","_relevanssi_related_include_ids":"","_relevanssi_related_exclude_ids":"","_relevanssi_related_no_append":"","_relevanssi_related_not_related":"","_relevanssi_related_posts":"","_relevanssi_noindex_reason":""},"product_brand":[],"product_cat":[4603,4584,4600,7838],"product_tag":[],"class_list":{"0":"post-9564","1":"product","2":"type-product","3":"status-publish","4":"has-post-thumbnail","6":"product_cat-baumkasten-fledermause","7":"product_cat-fledermause","8":"product_cat-wochenstube-fledermause","9":"product_cat-nabu-empfohlen","10":"pa_binnenmaat-b-x-h-x-d-cm-71-x-185-de","11":"pa_buitenmaat-b-x-h-x-d-cm-85-x-25-de","12":"pa_gewicht-kg-12-de-2","13":"pa_kleur-schwarz","14":"pa_materiaal-woodstone-de","15":"pa_materiaal-voor-filter-holzbeton","16":"pa_soort-braunes-langohr","17":"pa_soort-fransenfledermaus","18":"pa_soort-groser-abendsegler","19":"pa_soort-kleine-bartfledermaus","20":"pa_soort-kleiner-abendsegler","21":"pa_soort-mopsfledermaus","22":"pa_soort-muckenfledermaus","23":"pa_soort-rauhautfledermaus","24":"pa_soort-teichfledermaus","25":"pa_soort-wasserfledermaus","26":"pa_soort-zwergfledermaus","27":"pa_soortgroep-fledermause","29":"first","30":"instock","31":"purchasable","32":"product-type-simple"},"acf":[],"_links":{"self":[{"href":"https:\/\/viva.ezxdemo.com\/de\/wp-json\/wp\/v2\/product\/9564","targetHints":{"allow":["GET"]}}],"collection":[{"href":"https:\/\/viva.ezxdemo.com\/de\/wp-json\/wp\/v2\/product"}],"about":[{"href":"https:\/\/viva.ezxdemo.com\/de\/wp-json\/wp\/v2\/types\/product"}],"wp:featuredmedia":[{"embeddable":true,"href":"https:\/\/viva.ezxdemo.com\/de\/wp-json\/wp\/v2\/media\/9164"}],"wp:attachment":[{"href":"https:\/\/viva.ezxdemo.com\/de\/wp-json\/wp\/v2\/media?parent=9564"}],"wp:term":[{"taxonomy":"product_brand","embeddable":true,"href":"https:\/\/viva.ezxdemo.com\/de\/wp-json\/wp\/v2\/product_brand?post=9564"},{"taxonomy":"product_cat","embeddable":true,"href":"https:\/\/viva.ezxdemo.com\/de\/wp-json\/wp\/v2\/product_cat?post=9564"},{"taxonomy":"product_tag","embeddable":true,"href":"https:\/\/viva.ezxdemo.com\/de\/wp-json\/wp\/v2\/product_tag?post=9564"}],"curies":[{"name":"wp","href":"https:\/\/api.w.org\/{rel}","templated":true}]}}