{"id":9565,"date":"2023-12-20T19:06:04","date_gmt":"2023-12-20T18:06:04","guid":{"rendered":"https:\/\/vivarapro.nl\/product\/vk-mp-07-giebelkasten-fuer-fledermaeuse\/"},"modified":"2026-01-15T16:34:18","modified_gmt":"2026-01-15T15:34:18","slug":"vk-mp-07-fassadenkasten-fuer-fledermaeuse","status":"publish","type":"product","link":"https:\/\/viva.ezxdemo.com\/de\/produkt\/vk-mp-07-fassadenkasten-fuer-fledermaeuse\/","title":{"rendered":"VK MP 07 Fassadenkasten f\u00fcr Flederm\u00e4use"},"content":{"rendered":"<p>Dieser kompakte Fledermauskasten eignet sich f\u00fcr vor\u00fcbergehende Unterbringung und kann sowohl an Fassaden als auch in B\u00e4umen montiert werden. Fachkundige empfehlen jedoch h\u00e4ufig zweischichtige K\u00e4sten f\u00fcr eine l\u00e4ngere Nutzung.<\/p>\n<p>Die Nutzung durch verschiedene Fledermausarten h\u00e4ngt von der lokalen Artenvielfalt und dem jeweiligen Standort ab. Der Kasten eignet sich als Sommer- und\/oder Paarungsquartier. In milden Wintern kann er zudem als Unterschlupf dienen.<\/p>\n<p>Als Sommer-Paarungsquartier m\u00f6glich f\u00fcr:<\/p>\n<ul>\n<li>Kleine Bartfledermaus<\/li>\n<li>Zwergfledermaus<\/li>\n<li>M\u00fcckenfledermaus<\/li>\n<li>Rauhautfledermaus<\/li>\n<\/ul>\n<p>In milden Wintern, m\u00f6gliche Nutzung durch:<\/p>\n<ul>\n<li>Zwergfledermaus<\/li>\n<\/ul>\n<p>Der Kasten ist wei\u00df lackiert, so dass sich die Temperatur im Inneren des Kastens weniger schnell aufheizt, wenn er an sonnigen, warmen Orten platziert wird. Dieser Fledermauskasten ist auch in der Farbe Schwarz erh\u00e4ltlich <a href=\"https:\/\/www.vivarapro.de\/produkt\/vk-mp-04-fledermauskasten\/\" target=\"_blank\" rel=\"noopener\">(VK MP 04)<\/a>. Schwarz hat den Vorteil, dass sich die Temperatur im Inneren des Kastens schnell erw\u00e4rmen kann, wenn der Kasten an einem schattigen, k\u00fchleren Ort steht.<\/p>\n","protected":false},"excerpt":{"rendered":"<p>VK MP 07 Fassadenkasten f\u00fcr Flederm\u00e4use | kompakt, ideal als Sommer- oder Paarungsquartier, auch in Schwarz f\u00fcr k\u00fchlere Standorte erh\u00e4ltlich.<\/p>\n","protected":false},"featured_media":29117,"template":"","meta":{"_acf_changed":false,"_relevanssi_hide_post":"","_relevanssi_hide_content":"","_relevanssi_pin_for_all":"","_relevanssi_pin_keywords":"","_relevanssi_unpin_keywords":"","_relevanssi_related_keywords":"","_relevanssi_related_include_ids":"","_relevanssi_related_exclude_ids":"","_relevanssi_related_no_append":"","_relevanssi_related_not_related":"","_relevanssi_related_posts":"","_relevanssi_noindex_reason":""},"product_brand":[],"product_cat":[4584,4601,4598],"product_tag":[7281,7282,7278,7375,7286,7302,7284],"class_list":{"0":"post-9565","1":"product","2":"type-product","3":"status-publish","4":"has-post-thumbnail","6":"product_cat-fledermause","7":"product_cat-fassadenkaesten","8":"product_cat-fassadenkaesten-fledermause","9":"product_tag-fassade","10":"product_tag-fassadekasten","11":"product_tag-fledermaus","12":"product_tag-fledermauese","13":"product_tag-kasten","14":"product_tag-nistkasten","15":"product_tag-weiss","16":"pa_binnenmaat-b-x-h-x-d-cm-225-x-33-x-15-de","17":"pa_buitenmaat-b-x-h-x-d-cm-28-x-41-x-65-de","18":"pa_gewicht-kg-2-de","19":"pa_kleur-weis","20":"pa_materiaal-multiplex-fur-den-ausenbereich-fsc","21":"pa_materiaal-spruhkorken","22":"pa_materiaal-voor-filter-fsc-holz","23":"pa_soort-kleine-bartfledermaus","24":"pa_soort-muckenfledermaus","25":"pa_soort-rauhautfledermaus","26":"pa_soort-zwergfledermaus","27":"pa_soortgroep-fledermause","29":"first","30":"instock","31":"purchasable","32":"product-type-simple"},"acf":[],"_links":{"self":[{"href":"https:\/\/viva.ezxdemo.com\/de\/wp-json\/wp\/v2\/product\/9565","targetHints":{"allow":["GET"]}}],"collection":[{"href":"https:\/\/viva.ezxdemo.com\/de\/wp-json\/wp\/v2\/product"}],"about":[{"href":"https:\/\/viva.ezxdemo.com\/de\/wp-json\/wp\/v2\/types\/product"}],"wp:featuredmedia":[{"embeddable":true,"href":"https:\/\/viva.ezxdemo.com\/de\/wp-json\/wp\/v2\/media\/29117"}],"wp:attachment":[{"href":"https:\/\/viva.ezxdemo.com\/de\/wp-json\/wp\/v2\/media?parent=9565"}],"wp:term":[{"taxonomy":"product_brand","embeddable":true,"href":"https:\/\/viva.ezxdemo.com\/de\/wp-json\/wp\/v2\/product_brand?post=9565"},{"taxonomy":"product_cat","embeddable":true,"href":"https:\/\/viva.ezxdemo.com\/de\/wp-json\/wp\/v2\/product_cat?post=9565"},{"taxonomy":"product_tag","embeddable":true,"href":"https:\/\/viva.ezxdemo.com\/de\/wp-json\/wp\/v2\/product_tag?post=9565"}],"curies":[{"name":"wp","href":"https:\/\/api.w.org\/{rel}","templated":true}]}}