{"id":9566,"date":"2023-12-20T19:08:38","date_gmt":"2023-12-20T18:08:38","guid":{"rendered":"https:\/\/vivarapro.nl\/product\/uk-ke-02-schleiereulen-nistkasten\/"},"modified":"2026-02-03T12:54:17","modified_gmt":"2026-02-03T11:54:17","slug":"uk-ke-02-schleiereulen-nistkasten","status":"publish","type":"product","link":"https:\/\/viva.ezxdemo.com\/de\/produkt\/uk-ke-02-schleiereulen-nistkasten\/","title":{"rendered":"UK KE 02 Schleiereulen Nistkasten"},"content":{"rendered":"<ul>\n<li>Dieser Schleiereulenkasten ist aus Multiplex gefertigt und mit einem Lack auf Wasserbasis lackiert. F\u00fcr zus\u00e4tzliche Haltbarkeit kann das Dach bei Bedarf mit einer Schicht EPDM oder Bitumen (nicht im Lieferumfang enthalten) versehen werden.<\/li>\n<li>Der Kasten wird mit einer gro\u00dfen Landeplattform geliefert, die nach Belieben montiert werden kann. Dies ist nicht erforderlich.<\/li>\n<li>Der Kasten hat einen separaten Nistbereich und verf\u00fcgt \u00fcber eine Klappe an der Vorderseite, um den Kasten zur Inspektion und Pflege zu \u00f6ffnen.<\/li>\n<\/ul>\n","protected":false},"excerpt":{"rendered":"<p>UK KE 02 Schleiereulen-Nistkasten | Schleiereulenkasten mit separatem Nistbereich, Frontklappe und optionaler Landeplattform aus Multiplex<\/p>\n","protected":false},"featured_media":8910,"template":"","meta":{"_acf_changed":false,"_relevanssi_hide_post":"","_relevanssi_hide_content":"","_relevanssi_pin_for_all":"","_relevanssi_pin_keywords":"","_relevanssi_unpin_keywords":"","_relevanssi_related_keywords":"","_relevanssi_related_include_ids":"","_relevanssi_related_exclude_ids":"","_relevanssi_related_no_append":"","_relevanssi_related_not_related":"","_relevanssi_related_posts":"","_relevanssi_noindex_reason":""},"product_brand":[],"product_cat":[4617,5101],"product_tag":[],"class_list":{"0":"post-9566","1":"product","2":"type-product","3":"status-publish","4":"has-post-thumbnail","6":"product_cat-unterkunft-fur-eulen","7":"product_cat-nisthilfen-fur-greifvogel-und-eulen","8":"pa_buitenmaat-b-x-h-x-d-cm-47-x-67-x-88-de","9":"pa_materiaal-voor-filter-fsc-holz","10":"pa_soort-schleiereule","11":"pa_soortgroep-eulen","13":"first","14":"instock","15":"purchasable","16":"product-type-simple"},"acf":[],"_links":{"self":[{"href":"https:\/\/viva.ezxdemo.com\/de\/wp-json\/wp\/v2\/product\/9566","targetHints":{"allow":["GET"]}}],"collection":[{"href":"https:\/\/viva.ezxdemo.com\/de\/wp-json\/wp\/v2\/product"}],"about":[{"href":"https:\/\/viva.ezxdemo.com\/de\/wp-json\/wp\/v2\/types\/product"}],"wp:featuredmedia":[{"embeddable":true,"href":"https:\/\/viva.ezxdemo.com\/de\/wp-json\/wp\/v2\/media\/8910"}],"wp:attachment":[{"href":"https:\/\/viva.ezxdemo.com\/de\/wp-json\/wp\/v2\/media?parent=9566"}],"wp:term":[{"taxonomy":"product_brand","embeddable":true,"href":"https:\/\/viva.ezxdemo.com\/de\/wp-json\/wp\/v2\/product_brand?post=9566"},{"taxonomy":"product_cat","embeddable":true,"href":"https:\/\/viva.ezxdemo.com\/de\/wp-json\/wp\/v2\/product_cat?post=9566"},{"taxonomy":"product_tag","embeddable":true,"href":"https:\/\/viva.ezxdemo.com\/de\/wp-json\/wp\/v2\/product_tag?post=9566"}],"curies":[{"name":"wp","href":"https:\/\/api.w.org\/{rel}","templated":true}]}}