{"id":9567,"date":"2023-12-20T19:03:26","date_gmt":"2023-12-20T18:03:26","guid":{"rendered":"https:\/\/vivarapro.nl\/product\/ip-bl-02-insektenblock\/"},"modified":"2025-12-12T16:29:40","modified_gmt":"2025-12-12T15:29:40","slug":"ip-bl-02-insektenblock","status":"publish","type":"product","link":"https:\/\/viva.ezxdemo.com\/de\/produkt\/ip-bl-02-insektenblock\/","title":{"rendered":"IP BL 02 Insektenblock"},"content":{"rendered":"<p><span lang=\"DE\" style=\"color: black;\">Dieser Insektenblock bietet Solit\u00e4rbienen einen sicheren Nistplatz und unterst\u00fctzt aktiv die Artenvielfalt in Ihrem Garten oder auf dem Balkon. Durch die Besiedlung tragen die Bienen zur Best\u00e4ubung von Blumen, Obstb\u00e4umen und Nutzpflanzen bei.<\/span><\/p>\n<p><span lang=\"DE\" style=\"color: black;\">Der Block ist aus FSC-zertifiziertem Holzbeton gefertigt und mit hohlen Bambusrohren unterschiedlicher Durchmesser gef\u00fcllt, sodass verschiedene Solit\u00e4rbienenarten optimal gef\u00f6rdert werden. Trotz ihrer Aktivit\u00e4t sind diese Bienen vollkommen friedlich. Sie stechen nicht und bel\u00e4stigen Menschen nicht.<\/span><\/p>\n","protected":false},"excerpt":{"rendered":"<p>IP BL 02 Insektenblock | Nistblock f\u00fcr friedliche Solit\u00e4rbienen | f\u00f6rdert Artenvielfalt und Best\u00e4ubun<\/p>\n","protected":false},"featured_media":9139,"template":"","meta":{"_acf_changed":false,"_relevanssi_hide_post":"","_relevanssi_hide_content":"","_relevanssi_pin_for_all":"","_relevanssi_pin_keywords":"","_relevanssi_unpin_keywords":"","_relevanssi_related_keywords":"","_relevanssi_related_include_ids":"","_relevanssi_related_exclude_ids":"","_relevanssi_related_no_append":"","_relevanssi_related_not_related":"","_relevanssi_related_posts":"","_relevanssi_noindex_reason":""},"product_brand":[],"product_cat":[4583,4613,4618,4591,7838],"product_tag":[],"class_list":{"0":"post-9567","1":"product","2":"type-product","3":"status-publish","4":"has-post-thumbnail","6":"product_cat-einbausteine","7":"product_cat-einbausteine-insekten","8":"product_cat-insektenhotel","9":"product_cat-insektennisthilfen","10":"product_cat-nabu-empfohlen","11":"pa_buitenmaat-b-x-h-x-d-cm-185-x-27-x-9-de","12":"pa_gewicht-kg-32-de","13":"pa_kleur-grau-naturlich","14":"pa_materiaal-bambus-de","15":"pa_materiaal-holzbeton","16":"pa_materiaal-voor-filter-holzbeton","17":"pa_soort-solitaere-bienen","18":"pa_soortgroep-insekten","20":"first","21":"instock","22":"purchasable","23":"product-type-simple"},"acf":[],"_links":{"self":[{"href":"https:\/\/viva.ezxdemo.com\/de\/wp-json\/wp\/v2\/product\/9567","targetHints":{"allow":["GET"]}}],"collection":[{"href":"https:\/\/viva.ezxdemo.com\/de\/wp-json\/wp\/v2\/product"}],"about":[{"href":"https:\/\/viva.ezxdemo.com\/de\/wp-json\/wp\/v2\/types\/product"}],"wp:featuredmedia":[{"embeddable":true,"href":"https:\/\/viva.ezxdemo.com\/de\/wp-json\/wp\/v2\/media\/9139"}],"wp:attachment":[{"href":"https:\/\/viva.ezxdemo.com\/de\/wp-json\/wp\/v2\/media?parent=9567"}],"wp:term":[{"taxonomy":"product_brand","embeddable":true,"href":"https:\/\/viva.ezxdemo.com\/de\/wp-json\/wp\/v2\/product_brand?post=9567"},{"taxonomy":"product_cat","embeddable":true,"href":"https:\/\/viva.ezxdemo.com\/de\/wp-json\/wp\/v2\/product_cat?post=9567"},{"taxonomy":"product_tag","embeddable":true,"href":"https:\/\/viva.ezxdemo.com\/de\/wp-json\/wp\/v2\/product_tag?post=9567"}],"curies":[{"name":"wp","href":"https:\/\/api.w.org\/{rel}","templated":true}]}}