{"id":9568,"date":"2023-12-20T19:03:26","date_gmt":"2023-12-20T18:03:26","guid":{"rendered":"https:\/\/vivarapro.nl\/product\/ib-gz-04-eingebauter-nistkasten-fuer-mauersegler\/"},"modified":"2026-02-03T12:02:15","modified_gmt":"2026-02-03T11:02:15","slug":"ib-gz-04-eingebauter-nistkasten-fuer-mauersegler","status":"publish","type":"product","link":"https:\/\/viva.ezxdemo.com\/de\/produkt\/ib-gz-04-eingebauter-nistkasten-fuer-mauersegler\/","title":{"rendered":"IB GZ 04 Einbaunistkasten f\u00fcr Mauersegler (Renovierung)"},"content":{"rendered":"<p>Dieser Einbaunistkasten bietet eine praktische L\u00f6sung zum Ausgleich verlorener Nistpl\u00e4tze f\u00fcr Mauersegler und eignet sich sowohl f\u00fcr Neubauten als auch f\u00fcr Renovierungs- oder Nachd\u00e4mmungsma\u00dfnahmen an Bestandsgeb\u00e4uden. Der Einbaustein ist auf das g\u00e4ngige Waalformat abgestimmt und l\u00e4sst sich somit nahtlos in vielen Fassaden integrieren.<\/p>\n<p>Auch Haussperlinge nutzen diesen Einbaunistkasten gerne. Ihre Anwesenheit kann f\u00fcr die Entdeckung durch Mauersegler sogar von Vorteil sein. Wenn ein Mauersegler den Kasten \u00fcbernehmen m\u00f6chte, vertreibt er die Haussperlinge jedoch oft entschlossen \u2013 nicht selten mit Nachdruck.<\/p>\n<p>Der Einbaunistkasten ist aus FSC\u00ae-Holzbeton mit einer wasserfest verleimten Multiplex-R\u00fcckwand gefertigt.<\/p>\n","protected":false},"excerpt":{"rendered":"<p>IB GZ 04 Eingebauter Nistkasten f\u00fcr Mauersegler | Kompakter FSC-Holzbeton-Nistkasten f\u00fcr Mauersegler, perfekt f\u00fcr Fassaden und D\u00e4mmung<\/p>\n","protected":false},"featured_media":30298,"template":"","meta":{"_acf_changed":false,"_relevanssi_hide_post":"","_relevanssi_hide_content":"","_relevanssi_pin_for_all":"","_relevanssi_pin_keywords":"","_relevanssi_unpin_keywords":"","_relevanssi_related_keywords":"","_relevanssi_related_include_ids":"","_relevanssi_related_exclude_ids":"","_relevanssi_related_no_append":"","_relevanssi_related_not_related":"","_relevanssi_related_posts":"","_relevanssi_noindex_reason":""},"product_brand":[],"product_cat":[4583,4599,4585,7838],"product_tag":[7325,7306,7376,7287,7286,7586],"class_list":{"0":"post-9568","1":"product","2":"type-product","3":"status-publish","4":"has-post-thumbnail","6":"product_cat-einbausteine","7":"product_cat-einbausteine-mauersegler","8":"product_cat-mauersegler","9":"product_cat-nabu-empfohlen","10":"product_tag-braun","11":"product_tag-brutplatz","12":"product_tag-einbaustein","13":"product_tag-holzbeton","14":"product_tag-kasten","15":"product_tag-mauersegler","16":"pa_binnenmaat-b-x-h-x-d-cm-37-x-13-x-145-de","17":"pa_buitenmaat-b-x-h-x-d-cm-42-x-18-x-15-6-de","18":"pa_gewicht-kg-55-de","19":"pa_invliegopening-65-x-30-mm-oval-de","20":"pa_kleur-grau","21":"pa_materiaal-woodstone-de","22":"pa_materiaal-voor-filter-holzbeton","23":"pa_soort-schwalben","24":"pa_soortgroep-mauersegler","26":"first","27":"instock","28":"purchasable","29":"product-type-simple"},"acf":[],"_links":{"self":[{"href":"https:\/\/viva.ezxdemo.com\/de\/wp-json\/wp\/v2\/product\/9568","targetHints":{"allow":["GET"]}}],"collection":[{"href":"https:\/\/viva.ezxdemo.com\/de\/wp-json\/wp\/v2\/product"}],"about":[{"href":"https:\/\/viva.ezxdemo.com\/de\/wp-json\/wp\/v2\/types\/product"}],"wp:featuredmedia":[{"embeddable":true,"href":"https:\/\/viva.ezxdemo.com\/de\/wp-json\/wp\/v2\/media\/30298"}],"wp:attachment":[{"href":"https:\/\/viva.ezxdemo.com\/de\/wp-json\/wp\/v2\/media?parent=9568"}],"wp:term":[{"taxonomy":"product_brand","embeddable":true,"href":"https:\/\/viva.ezxdemo.com\/de\/wp-json\/wp\/v2\/product_brand?post=9568"},{"taxonomy":"product_cat","embeddable":true,"href":"https:\/\/viva.ezxdemo.com\/de\/wp-json\/wp\/v2\/product_cat?post=9568"},{"taxonomy":"product_tag","embeddable":true,"href":"https:\/\/viva.ezxdemo.com\/de\/wp-json\/wp\/v2\/product_tag?post=9568"}],"curies":[{"name":"wp","href":"https:\/\/api.w.org\/{rel}","templated":true}]}}