{"id":9569,"date":"2023-12-20T19:03:26","date_gmt":"2023-12-20T18:03:26","guid":{"rendered":"https:\/\/vivarapro.nl\/product\/vk-ws-01-fledermaus-giebelkasten\/"},"modified":"2026-01-15T16:08:39","modified_gmt":"2026-01-15T15:08:39","slug":"vk-ws-01-fledermaus-giebelkasten","status":"publish","type":"product","link":"https:\/\/viva.ezxdemo.com\/de\/produkt\/vk-ws-01-fledermaus-giebelkasten\/","title":{"rendered":"VK WS 01 Fledermaus Fassadenkasten"},"content":{"rendered":"<p>Dieser kleine Fledermauskasten wird vorzugsweise an der Fassade angebracht, kann aber auch in B\u00e4umen platziert werden.<\/p>\n<p>Der Kasten ist in Schwarz gehalten, damit sich die Temperatur im Inneren schnell erw\u00e4rmt, wenn er an einem schattigen, k\u00fchleren Ort steht. Dieser Fledermauskasten ist auch in der Farbe Wei\u00df erh\u00e4ltlich<a href=\"https:\/\/viva.ezxdemo.com\/product\/vk-ws-10-vleermuizenkast\/\">(VK WS 10<\/a>). Wei\u00df hat den Vorteil, dass sich die Temperatur im Inneren des Kastens weniger schnell aufheizt, wenn er an sonnigen, warmen Orten platziert wird.<\/p>\n<p>Es gibt verschiedene Fledermausarten, die diesen Fledermauskasten nutzen k\u00f6nnen, dies h\u00e4ngt von den lokal vorkommenden Arten und dem Standort ab, an dem der Fledermauskasten aufgeh\u00e4ngt wird. Der Kasten ist als Sommer- und\/oder Paarungsquartier geeignet. In milden Wintern kann der Kasten auch als Unterschlupf dienen.<\/p>\n<p>Der Kasten ist aus 100% Holzbeton gefertigt und wird mit D\u00fcbeln und Schrauben zur Befestigung geliefert.<\/p>\n<p>Als Sommer-Paarungsquartier m\u00f6glich f\u00fcr:<\/p>\n<ul>\n<li>Zwergfledermaus<\/li>\n<li>M\u00fcckenfledermaus<\/li>\n<li>Rauhautfledermaus<\/li>\n<li>Kleine Bartfledermaus<\/li>\n<li>Gro\u00dfe Bartfledermaus<\/li>\n<li>Kleiner Abendsegler<\/li>\n<li>Braunes Langohr<\/li>\n<li>Wasserfledermaus<\/li>\n<\/ul>\n<p>In milden Wintern, m\u00f6gliche Nutzung durch:<\/p>\n<ul>\n<li>Zwergfledermaus<\/li>\n<li>Braunes Langohr<\/li>\n<\/ul>\n","protected":false},"excerpt":{"rendered":"<p>VK WS 01 Fledermaus-Giebelkasten<\/p>\n","protected":false},"featured_media":28708,"template":"","meta":{"_acf_changed":false,"_relevanssi_hide_post":"","_relevanssi_hide_content":"","_relevanssi_pin_for_all":"","_relevanssi_pin_keywords":"","_relevanssi_unpin_keywords":"","_relevanssi_related_keywords":"","_relevanssi_related_include_ids":"","_relevanssi_related_exclude_ids":"","_relevanssi_related_no_append":"","_relevanssi_related_not_related":"","_relevanssi_related_posts":"","_relevanssi_noindex_reason":""},"product_brand":[],"product_cat":[4601,4598,4584,7838],"product_tag":[],"class_list":{"0":"post-9569","1":"product","2":"type-product","3":"status-publish","4":"has-post-thumbnail","6":"product_cat-fassadenkaesten","7":"product_cat-fassadenkaesten-fledermause","8":"product_cat-fledermause","9":"product_cat-nabu-empfohlen","10":"pa_binnenmaat-b-x-h-x-d-cm-19-x-30-x-2-de","11":"pa_buitenmaat-b-x-h-x-d-cm-29-x-40-x-7-de","12":"pa_gewicht-kg-5-de","13":"pa_kleur-schwarz-oder-weis","14":"pa_materiaal-woodstone-de","15":"pa_materiaal-voor-filter-holzbeton","16":"pa_soort-braunes-langohr","17":"pa_soort-breitflugelfledermaus","18":"pa_soort-fransenfledermaus","19":"pa_soort-grose-bartfledermaus","20":"pa_soort-groser-abendsegler","21":"pa_soort-kleine-bartfledermaus","22":"pa_soort-muckenfledermaus","23":"pa_soort-rauhautfledermaus","24":"pa_soort-teichfledermaus","25":"pa_soort-wasserfledermaus","26":"pa_soort-zwergfledermaus","27":"pa_soortgroep-fledermause","29":"first","30":"instock","31":"purchasable","32":"product-type-simple"},"acf":[],"_links":{"self":[{"href":"https:\/\/viva.ezxdemo.com\/de\/wp-json\/wp\/v2\/product\/9569","targetHints":{"allow":["GET"]}}],"collection":[{"href":"https:\/\/viva.ezxdemo.com\/de\/wp-json\/wp\/v2\/product"}],"about":[{"href":"https:\/\/viva.ezxdemo.com\/de\/wp-json\/wp\/v2\/types\/product"}],"wp:featuredmedia":[{"embeddable":true,"href":"https:\/\/viva.ezxdemo.com\/de\/wp-json\/wp\/v2\/media\/28708"}],"wp:attachment":[{"href":"https:\/\/viva.ezxdemo.com\/de\/wp-json\/wp\/v2\/media?parent=9569"}],"wp:term":[{"taxonomy":"product_brand","embeddable":true,"href":"https:\/\/viva.ezxdemo.com\/de\/wp-json\/wp\/v2\/product_brand?post=9569"},{"taxonomy":"product_cat","embeddable":true,"href":"https:\/\/viva.ezxdemo.com\/de\/wp-json\/wp\/v2\/product_cat?post=9569"},{"taxonomy":"product_tag","embeddable":true,"href":"https:\/\/viva.ezxdemo.com\/de\/wp-json\/wp\/v2\/product_tag?post=9569"}],"curies":[{"name":"wp","href":"https:\/\/api.w.org\/{rel}","templated":true}]}}