{"id":9573,"date":"2023-12-20T19:03:26","date_gmt":"2023-12-20T18:03:26","guid":{"rendered":"https:\/\/vivarapro.nl\/product\/ib-di-01-eingebauter-nistkasten-halb-geoeffnet\/"},"modified":"2026-01-16T14:03:36","modified_gmt":"2026-01-16T13:03:36","slug":"ib-di-01-einbaunistkasten-halboffen","status":"publish","type":"product","link":"https:\/\/viva.ezxdemo.com\/de\/produkt\/ib-di-01-einbaunistkasten-halboffen\/","title":{"rendered":"IB DI 01 Einbaunistkasten halboffen"},"content":{"rendered":"<p>Dieser Einbaunistkasten bietet Halbh\u00f6hlenbr\u00fcter geeignete Nistpl\u00e4tze. Bei fachgerechter Integration in neue Geb\u00e4udefassaden k\u00f6nnen ihn unter anderem Hausrotschwanz und Bachstelze nutzen. Je nach Standort wird der Kasten zudem auch von Rotkehlchen, Grauschn\u00e4ppern oder Haussperlingen angenommen.<\/p>\n<p>Die H\u00f6he des Einbausteins ist auf das Waalformat abgestimmt. Gefertigt aus langlebigem, FSC-zertifiziertem Holzbeton, erf\u00fcllt der Kasten hohe Anforderungen an Stabilit\u00e4t und Nachhaltigkeit.<\/p>\n","protected":false},"excerpt":{"rendered":"<p>IB DI 01 Einbaunistkasten halboffen | Langlebiger FSC-Holzbeton-Einbaukasten f\u00fcr Arten wie Hausrotschwanz, Bachstelze und Sperlingen<\/p>\n","protected":false},"featured_media":9072,"template":"","meta":{"_acf_changed":false,"_relevanssi_hide_post":"","_relevanssi_hide_content":"","_relevanssi_pin_for_all":"","_relevanssi_pin_keywords":"","_relevanssi_unpin_keywords":"","_relevanssi_related_keywords":"","_relevanssi_related_include_ids":"","_relevanssi_related_exclude_ids":"","_relevanssi_related_no_append":"","_relevanssi_related_not_related":"","_relevanssi_related_posts":"","_relevanssi_noindex_reason":""},"product_brand":[],"product_cat":[4583,4597,4586,4589,7838,7870],"product_tag":[],"class_list":{"0":"post-9573","1":"product","2":"type-product","3":"status-publish","4":"has-post-thumbnail","6":"product_cat-einbausteine","7":"product_cat-einbausteine-andere","8":"product_cat-haussperlinge","9":"product_cat-singvogel","10":"product_cat-nabu-empfohlen","11":"product_cat-nistkaesten","12":"pa_binnenmaat-b-x-h-x-d-cm-17-x-13-x-14-de","13":"pa_buitenmaat-b-x-h-x-d-cm-21-x-17-x-18-de","14":"pa_gewicht-kg-42-de","15":"pa_kleur-grau","16":"pa_materiaal-woodstone-de","17":"pa_materiaal-voor-filter-holzbeton","18":"pa_soort-bachstelze","19":"pa_soort-grauschnapper","20":"pa_soort-hausrotschwanz","21":"pa_soort-rotkehlchen","22":"pa_soortgroep-singvogel","24":"first","25":"instock","26":"purchasable","27":"product-type-simple"},"acf":[],"_links":{"self":[{"href":"https:\/\/viva.ezxdemo.com\/de\/wp-json\/wp\/v2\/product\/9573","targetHints":{"allow":["GET"]}}],"collection":[{"href":"https:\/\/viva.ezxdemo.com\/de\/wp-json\/wp\/v2\/product"}],"about":[{"href":"https:\/\/viva.ezxdemo.com\/de\/wp-json\/wp\/v2\/types\/product"}],"wp:featuredmedia":[{"embeddable":true,"href":"https:\/\/viva.ezxdemo.com\/de\/wp-json\/wp\/v2\/media\/9072"}],"wp:attachment":[{"href":"https:\/\/viva.ezxdemo.com\/de\/wp-json\/wp\/v2\/media?parent=9573"}],"wp:term":[{"taxonomy":"product_brand","embeddable":true,"href":"https:\/\/viva.ezxdemo.com\/de\/wp-json\/wp\/v2\/product_brand?post=9573"},{"taxonomy":"product_cat","embeddable":true,"href":"https:\/\/viva.ezxdemo.com\/de\/wp-json\/wp\/v2\/product_cat?post=9573"},{"taxonomy":"product_tag","embeddable":true,"href":"https:\/\/viva.ezxdemo.com\/de\/wp-json\/wp\/v2\/product_tag?post=9573"}],"curies":[{"name":"wp","href":"https:\/\/api.w.org\/{rel}","templated":true}]}}