{"id":9574,"date":"2023-12-20T19:03:26","date_gmt":"2023-12-20T18:03:26","guid":{"rendered":"https:\/\/vivarapro.nl\/product\/ib-vl-09-fledermauseingangsstein\/"},"modified":"2026-01-15T16:50:18","modified_gmt":"2026-01-15T15:50:18","slug":"ib-vl-09-fledermauseingangsstein","status":"publish","type":"product","link":"https:\/\/viva.ezxdemo.com\/de\/produkt\/ib-vl-09-fledermauseingangsstein\/","title":{"rendered":"IB VL 09 Fledermauseingangsstein"},"content":{"rendered":"<p>Dieser Eingangsstein kann in die Fassade eingemauert werden. Welche Arten den Stein nutzen, h\u00e4ngt von dem Gebiet ab, in dem der Stein aufgebracht wird und welche Arten dort bereits vorkommen. Dieser Einbaustein ist f\u00fcr die Zwergfledermaus, Rauhautfledermaus, M\u00fcckenfledermaus, Breitfl\u00fcgelfledermaus und Zweifarbfledermaus geeignet. Der Stein hat an der Vorderseite einen Schlitz, der als Zugang zur Hohlraumwand dient. Der Schlitz ist 2 cm hoch und 15 cm breit und hat eine schr\u00e4ge Bodenfl\u00e4che.<\/p>\n<p>Der Eingangsstein ist vollst\u00e4ndig aus dem nachhaltigen Material Holzbeton gefertigt. Es handelt sich um ein nat\u00fcrliches Material, bei dem keine chemischen Zusatzstoffe verwendet wurden. Die raue Oberfl\u00e4che gibt Flederm\u00e4usen einen guten Halt.<\/p>\n","protected":false},"excerpt":{"rendered":"<p>IB VL 09 Fledermauseingangsstein | Hergestellt aus nachhaltigem Holzbeton | idealer Zugang und Halt f\u00fcr Zwerg- &amp; Rauhautflederm\u00e4use.<\/p>\n","protected":false},"featured_media":29821,"template":"","meta":{"_acf_changed":false,"_relevanssi_hide_post":"","_relevanssi_hide_content":"","_relevanssi_pin_for_all":"","_relevanssi_pin_keywords":"","_relevanssi_unpin_keywords":"","_relevanssi_related_keywords":"","_relevanssi_related_include_ids":"","_relevanssi_related_exclude_ids":"","_relevanssi_related_no_append":"","_relevanssi_related_not_related":"","_relevanssi_related_posts":"","_relevanssi_noindex_reason":""},"product_brand":[],"product_cat":[4583,4596,4584],"product_tag":[7422,7418,7278,7375,7425,7423,7424,7377],"class_list":{"0":"post-9574","1":"product","2":"type-product","3":"status-publish","4":"has-post-thumbnail","6":"product_cat-einbausteine","7":"product_cat-einbausteine-fledermaeuse","8":"product_cat-fledermause","9":"product_tag-eingang","10":"product_tag-fassaden","11":"product_tag-fledermaus","12":"product_tag-fledermauese","13":"product_tag-gebaeude","14":"product_tag-haus","15":"product_tag-hohlraum","16":"product_tag-stein","17":"pa_buitenmaat-b-x-h-x-d-cm-21-x-11-x-10-de","18":"pa_gewicht-kg-36-de","19":"pa_kleur-grau","20":"pa_materiaal-woodstone-de","21":"pa_materiaal-voor-filter-holzbeton","22":"pa_soort-braunes-langohr","23":"pa_soort-breitflugelfledermaus","24":"pa_soort-fransenfledermaus","25":"pa_soort-kleine-bartfledermaus","26":"pa_soort-muckenfledermaus","27":"pa_soort-rauhautfledermaus","28":"pa_soort-teichfledermaus","29":"pa_soort-wasserfledermaus","30":"pa_soort-zwergfledermaus","31":"pa_soortgroep-fledermause","33":"first","34":"instock","35":"purchasable","36":"product-type-simple"},"acf":[],"_links":{"self":[{"href":"https:\/\/viva.ezxdemo.com\/de\/wp-json\/wp\/v2\/product\/9574","targetHints":{"allow":["GET"]}}],"collection":[{"href":"https:\/\/viva.ezxdemo.com\/de\/wp-json\/wp\/v2\/product"}],"about":[{"href":"https:\/\/viva.ezxdemo.com\/de\/wp-json\/wp\/v2\/types\/product"}],"wp:featuredmedia":[{"embeddable":true,"href":"https:\/\/viva.ezxdemo.com\/de\/wp-json\/wp\/v2\/media\/29821"}],"wp:attachment":[{"href":"https:\/\/viva.ezxdemo.com\/de\/wp-json\/wp\/v2\/media?parent=9574"}],"wp:term":[{"taxonomy":"product_brand","embeddable":true,"href":"https:\/\/viva.ezxdemo.com\/de\/wp-json\/wp\/v2\/product_brand?post=9574"},{"taxonomy":"product_cat","embeddable":true,"href":"https:\/\/viva.ezxdemo.com\/de\/wp-json\/wp\/v2\/product_cat?post=9574"},{"taxonomy":"product_tag","embeddable":true,"href":"https:\/\/viva.ezxdemo.com\/de\/wp-json\/wp\/v2\/product_tag?post=9574"}],"curies":[{"name":"wp","href":"https:\/\/api.w.org\/{rel}","templated":true}]}}