{"id":9576,"date":"2023-12-20T19:03:26","date_gmt":"2023-12-20T18:03:26","guid":{"rendered":"https:\/\/vivarapro.nl\/product\/ib-gz-05-eingebauter-nistkasten-fuer-mauersegler-neubau\/"},"modified":"2026-02-03T12:04:20","modified_gmt":"2026-02-03T11:04:20","slug":"ib-gz-05-eingebauter-nistkasten-fuer-mauersegler-neubau","status":"publish","type":"product","link":"https:\/\/viva.ezxdemo.com\/de\/produkt\/ib-gz-05-eingebauter-nistkasten-fuer-mauersegler-neubau\/","title":{"rendered":"IB GZ 05 Einbaunistkasten f\u00fcr Mauersegler (Neubau)"},"content":{"rendered":"<p>Dieser Einbaunistkasten bietet eine praktische L\u00f6sung zum Ausgleich verlorener Nistpl\u00e4tze f\u00fcr Mauersegler und eignet sich ideal f\u00fcr Neubauten. Der Kasten kann entweder mit der Einflug\u00f6ffnung auf der linken oder rechten Seite angebracht werden.<\/p>\n<p>Auch Haussperlinge nutzen diesen Einbaunistkasten gerne. Ihre Anwesenheit kann f\u00fcr die Entdeckung durch Mauersegler sogar von Vorteil sein. Wenn ein Mauersegler den Kasten \u00fcbernehmen m\u00f6chte, vertreibt er die Haussperlinge jedoch oft entschlossen \u2013 nicht selten mit Nachdruck.<\/p>\n<p>Der Einbaunistkasten ist aus FSC-Holzbeton mit einer wasserfest verleimten Multiplex-R\u00fcckwand gefertigt und erf\u00fcllt die Vorgaben des offiziellen Fachleitfadens zum Schutz des Mauerseglers.<\/p>\n","protected":false},"excerpt":{"rendered":"<p>IB GZ 05 Eingebauter Nistkasten f\u00fcr Mauersegler (Neubau) | Kompakter FSC-Holzbeton-Nistkasten | perfekt f\u00fcr Fassaden und D\u00e4mmung<\/p>\n","protected":false},"featured_media":30327,"template":"","meta":{"_acf_changed":false,"_relevanssi_hide_post":"","_relevanssi_hide_content":"","_relevanssi_pin_for_all":"","_relevanssi_pin_keywords":"","_relevanssi_unpin_keywords":"","_relevanssi_related_keywords":"","_relevanssi_related_include_ids":"","_relevanssi_related_exclude_ids":"","_relevanssi_related_no_append":"","_relevanssi_related_not_related":"","_relevanssi_related_posts":"","_relevanssi_noindex_reason":""},"product_brand":[],"product_cat":[4583,4599,4595,4586,4585],"product_tag":[7325,7306,7376,7287,7286,7586,7293],"class_list":{"0":"post-9576","1":"product","2":"type-product","3":"status-publish","4":"has-post-thumbnail","6":"product_cat-einbausteine","7":"product_cat-einbausteine-mauersegler","8":"product_cat-einbausteine-sperlinge","9":"product_cat-haussperlinge","10":"product_cat-mauersegler","11":"product_tag-braun","12":"product_tag-brutplatz","13":"product_tag-einbaustein","14":"product_tag-holzbeton","15":"product_tag-kasten","16":"product_tag-mauersegler","17":"product_tag-voegel","18":"pa_binnenmaat-b-x-h-x-d-cm-37-x-13-x-15-de","19":"pa_buitenmaat-b-x-h-x-d-cm-42-x-18-x-18-1-de","20":"pa_gewicht-kg-67-de","21":"pa_invliegopening-30-x-65-de","22":"pa_kleur-grau","23":"pa_materiaal-woodstone-de","24":"pa_materiaal-voor-filter-holzbeton","25":"pa_soort-schwalben","26":"pa_soortgroep-mauersegler","28":"first","29":"instock","30":"purchasable","31":"product-type-simple"},"acf":[],"_links":{"self":[{"href":"https:\/\/viva.ezxdemo.com\/de\/wp-json\/wp\/v2\/product\/9576","targetHints":{"allow":["GET"]}}],"collection":[{"href":"https:\/\/viva.ezxdemo.com\/de\/wp-json\/wp\/v2\/product"}],"about":[{"href":"https:\/\/viva.ezxdemo.com\/de\/wp-json\/wp\/v2\/types\/product"}],"wp:featuredmedia":[{"embeddable":true,"href":"https:\/\/viva.ezxdemo.com\/de\/wp-json\/wp\/v2\/media\/30327"}],"wp:attachment":[{"href":"https:\/\/viva.ezxdemo.com\/de\/wp-json\/wp\/v2\/media?parent=9576"}],"wp:term":[{"taxonomy":"product_brand","embeddable":true,"href":"https:\/\/viva.ezxdemo.com\/de\/wp-json\/wp\/v2\/product_brand?post=9576"},{"taxonomy":"product_cat","embeddable":true,"href":"https:\/\/viva.ezxdemo.com\/de\/wp-json\/wp\/v2\/product_cat?post=9576"},{"taxonomy":"product_tag","embeddable":true,"href":"https:\/\/viva.ezxdemo.com\/de\/wp-json\/wp\/v2\/product_tag?post=9576"}],"curies":[{"name":"wp","href":"https:\/\/api.w.org\/{rel}","templated":true}]}}