{"id":9577,"date":"2023-12-20T19:03:26","date_gmt":"2023-12-20T18:03:26","guid":{"rendered":"https:\/\/vivarapro.nl\/product\/ib-vl-05-fledermauskasten\/"},"modified":"2025-12-01T17:42:37","modified_gmt":"2025-12-01T16:42:37","slug":"ib-vl-05-fledermauskasten","status":"publish","type":"product","link":"https:\/\/viva.ezxdemo.com\/de\/produkt\/ib-vl-05-fledermauskasten\/","title":{"rendered":"IB VL 05 Fledermaus Einbaustein"},"content":{"rendered":"<p>Das IB VL 05 ist in zwei F\u00e4cher mit einem Abstand von 22 mm unterteilt. Der Zugang zu den F\u00e4chern erfolgt durch die Kriech\u00f6ffnung und durch die \u00d6ffnung in der Trennwand. Dieser Einbaustein ist ideal f\u00fcr Flederm\u00e4use als Sommerquartier, Paarungsquartier und in milden Wintern als Winterquartier. Welche Arten den Einbaustein nutzen, h\u00e4ngt von dem Gebiet ab, in dem der Einbaustein verwendet wird und welche Arten dort bereits vorkommen.<\/p>\n<p>Wenn ein Stein pro Standort verwendet wird, dient er entweder als Sommerresidenz oder als Paarungsquartier. Der Einbaustein eignet sich auch als Nistunterschlupf, aber dazu m\u00fcssen mehrere (mindestens 3) Steine miteinander verbunden werden, um einen gr\u00f6\u00dferen Raum zu schaffen. Die Zusammenlegung kann mit mehreren IB VL 05-Produkten erfolgen. Wenn Sie weniger Kriech\u00f6ffnungen in der Fassade bevorzugen, kann der Kasten auch mit einem oder mehreren <a href=\"https:\/\/www.vivarapro.de\/produkt\/ib-vl-15-fledermauskasten\/\" target=\"_blank\" rel=\"noopener\">\u00a0IB VL 15-Produkten<\/a>\u00a0zusammengelegt werden.<\/p>\n<p>Als Sommer-, Paarungs- und Nistkasten (wenn mindestens 3 miteinander verbunden sind) m\u00f6glich f\u00fcr:<\/p>\n<ul>\n<li>Zwergfledermaus, Rauhautfledermaus und Kleine M\u00fcckenfledermaus<\/li>\n<li>Breitfl\u00fcgelfledermaus<\/li>\n<li>Zweifarbfledermaus<\/li>\n<\/ul>\n<p>In milden Wintern, m\u00f6gliche Nutzung durch:<\/p>\n<ul>\n<li>Zwergfledermaus<\/li>\n<\/ul>\n<p>F\u00fcr Flederm\u00e4use gilt: Je mehr Platz sie zur Verf\u00fcgung haben, desto besser!<\/p>\n","protected":false},"excerpt":{"rendered":"<p>IB VL 05 Fledermauskasten | ideal als Sommer-, Paarungs- und bei Verbindung mehrerer Steine auch als Nistquartier f\u00fcr Flederm\u00e4use.<\/p>\n","protected":false},"featured_media":29761,"template":"","meta":{"_acf_changed":false,"_relevanssi_hide_post":"","_relevanssi_hide_content":"","_relevanssi_pin_for_all":"","_relevanssi_pin_keywords":"","_relevanssi_unpin_keywords":"","_relevanssi_related_keywords":"","_relevanssi_related_include_ids":"","_relevanssi_related_exclude_ids":"","_relevanssi_related_no_append":"","_relevanssi_related_not_related":"","_relevanssi_related_posts":"","_relevanssi_noindex_reason":""},"product_brand":[],"product_cat":[4583,4596,4584],"product_tag":[7278,7375,7287,7378,7302,7377],"class_list":{"0":"post-9577","1":"product","2":"type-product","3":"status-publish","4":"has-post-thumbnail","6":"product_cat-einbausteine","7":"product_cat-einbausteine-fledermaeuse","8":"product_cat-fledermause","9":"product_tag-fledermaus","10":"product_tag-fledermauese","11":"product_tag-holzbeton","12":"product_tag-inbaustein","13":"product_tag-nistkasten","14":"product_tag-stein","15":"pa_binnenmaat-b-x-h-x-d-cm-185-x-40-x-22-2x-de","16":"pa_buitenmaat-b-x-h-x-d-cm-21-x-50-x-77-de","17":"pa_gewicht-kg-6-de","18":"pa_kleur-grau","19":"pa_materiaal-holzbeton","20":"pa_materiaal-sperrholz-fsc","21":"pa_materiaal-voor-filter-holzbeton","22":"pa_soort-breitflugelfledermaus","23":"pa_soort-kleine-bartfledermaus","24":"pa_soort-muckenfledermaus","25":"pa_soort-rauhautfledermaus","26":"pa_soort-teichfledermaus","27":"pa_soort-zwergfledermaus","28":"pa_soortgroep-fledermause","30":"first","31":"instock","32":"purchasable","33":"product-type-simple"},"acf":[],"_links":{"self":[{"href":"https:\/\/viva.ezxdemo.com\/de\/wp-json\/wp\/v2\/product\/9577","targetHints":{"allow":["GET"]}}],"collection":[{"href":"https:\/\/viva.ezxdemo.com\/de\/wp-json\/wp\/v2\/product"}],"about":[{"href":"https:\/\/viva.ezxdemo.com\/de\/wp-json\/wp\/v2\/types\/product"}],"wp:featuredmedia":[{"embeddable":true,"href":"https:\/\/viva.ezxdemo.com\/de\/wp-json\/wp\/v2\/media\/29761"}],"wp:attachment":[{"href":"https:\/\/viva.ezxdemo.com\/de\/wp-json\/wp\/v2\/media?parent=9577"}],"wp:term":[{"taxonomy":"product_brand","embeddable":true,"href":"https:\/\/viva.ezxdemo.com\/de\/wp-json\/wp\/v2\/product_brand?post=9577"},{"taxonomy":"product_cat","embeddable":true,"href":"https:\/\/viva.ezxdemo.com\/de\/wp-json\/wp\/v2\/product_cat?post=9577"},{"taxonomy":"product_tag","embeddable":true,"href":"https:\/\/viva.ezxdemo.com\/de\/wp-json\/wp\/v2\/product_tag?post=9577"}],"curies":[{"name":"wp","href":"https:\/\/api.w.org\/{rel}","templated":true}]}}