{"id":9579,"date":"2023-12-20T19:03:26","date_gmt":"2023-12-20T18:03:26","guid":{"rendered":"https:\/\/vivarapro.nl\/product\/ib-vl-10-fledermauskasten\/"},"modified":"2026-01-15T16:51:13","modified_gmt":"2026-01-15T15:51:13","slug":"ib-vl-10-fledermauskasten","status":"publish","type":"product","link":"https:\/\/viva.ezxdemo.com\/de\/produkt\/ib-vl-10-fledermauskasten\/","title":{"rendered":"IB VL 10 Fledermaus Einbaukasten"},"content":{"rendered":"<p>Achtung! Dieser Kasten wird immer in Kombination mit dem Eingangsstein IB VL 09 verwendet, der in die Au\u00dfenwand eingemauert wird. Das abgeschr\u00e4gte Design an der Innenseite des IB VL 10 sorgt daf\u00fcr, dass der Kot der Flederm\u00e4use automatisch durch den Eingangsstein abgeleitet wird, so dass sich im Inneren des Kastens kein Kot ansammeln kann. Die aufgebrachte Schicht aus Spr\u00fchkork auf der Au\u00dfenseite des Kastens sorgt f\u00fcr zus\u00e4tzliche Isolierung.<\/p>\n<p>Geeignet als Mutterschafts- und Winterhabitat f\u00fcr:<\/p>\n<ul>\n<li>Zwergfledermaus<\/li>\n<li>Rauhautfledermaus<\/li>\n<li>M\u00fcckenfledermaus<\/li>\n<\/ul>\n<p>&nbsp;<\/p>\n","protected":false},"excerpt":{"rendered":"<p>IB VL 10 Fledermauskasten<\/p>\n","protected":false},"featured_media":16789,"template":"","meta":{"_acf_changed":false,"_relevanssi_hide_post":"","_relevanssi_hide_content":"","_relevanssi_pin_for_all":"","_relevanssi_pin_keywords":"","_relevanssi_unpin_keywords":"","_relevanssi_related_keywords":"","_relevanssi_related_include_ids":"","_relevanssi_related_exclude_ids":"","_relevanssi_related_no_append":"","_relevanssi_related_not_related":"","_relevanssi_related_posts":"","_relevanssi_noindex_reason":""},"product_brand":[],"product_cat":[4583,4596,4584,4600],"product_tag":[],"class_list":{"0":"post-9579","1":"product","2":"type-product","3":"status-publish","4":"has-post-thumbnail","6":"product_cat-einbausteine","7":"product_cat-einbausteine-fledermaeuse","8":"product_cat-fledermause","9":"product_cat-wochenstube-fledermause","10":"pa_binnenmaat-b-x-h-x-d-cm-76-x-116-x-3-de","11":"pa_buitenmaat-b-x-h-x-d-cm-78-x-118-x-5-de","12":"pa_gewicht-kg-26-de","13":"pa_materiaal-spruhkorken","14":"pa_materiaal-wasserdichtes-mulitplex","15":"pa_materiaal-voor-filter-fsc-holz","16":"pa_soort-breitflugelfledermaus","17":"pa_soort-kleine-bartfledermaus","18":"pa_soort-rauhautfledermaus","19":"pa_soort-teichfledermaus","20":"pa_soort-zwergfledermaus","21":"pa_soortgroep-fledermause","23":"first","24":"instock","25":"purchasable","26":"product-type-simple"},"acf":[],"_links":{"self":[{"href":"https:\/\/viva.ezxdemo.com\/de\/wp-json\/wp\/v2\/product\/9579","targetHints":{"allow":["GET"]}}],"collection":[{"href":"https:\/\/viva.ezxdemo.com\/de\/wp-json\/wp\/v2\/product"}],"about":[{"href":"https:\/\/viva.ezxdemo.com\/de\/wp-json\/wp\/v2\/types\/product"}],"wp:featuredmedia":[{"embeddable":true,"href":"https:\/\/viva.ezxdemo.com\/de\/wp-json\/wp\/v2\/media\/16789"}],"wp:attachment":[{"href":"https:\/\/viva.ezxdemo.com\/de\/wp-json\/wp\/v2\/media?parent=9579"}],"wp:term":[{"taxonomy":"product_brand","embeddable":true,"href":"https:\/\/viva.ezxdemo.com\/de\/wp-json\/wp\/v2\/product_brand?post=9579"},{"taxonomy":"product_cat","embeddable":true,"href":"https:\/\/viva.ezxdemo.com\/de\/wp-json\/wp\/v2\/product_cat?post=9579"},{"taxonomy":"product_tag","embeddable":true,"href":"https:\/\/viva.ezxdemo.com\/de\/wp-json\/wp\/v2\/product_tag?post=9579"}],"curies":[{"name":"wp","href":"https:\/\/api.w.org\/{rel}","templated":true}]}}