{"id":9580,"date":"2023-12-20T19:03:26","date_gmt":"2023-12-20T18:03:26","guid":{"rendered":"https:\/\/vivarapro.nl\/product\/ib-gz-06-eingebauter-nistkasten-fuer-mauersegler-neubau\/"},"modified":"2026-02-03T12:05:33","modified_gmt":"2026-02-03T11:05:33","slug":"ib-gz-06-eingebauter-nistkasten-fuer-mauersegler-neubau","status":"publish","type":"product","link":"https:\/\/viva.ezxdemo.com\/de\/produkt\/ib-gz-06-eingebauter-nistkasten-fuer-mauersegler-neubau\/","title":{"rendered":"IB GZ 06 Einbaunistkasten f\u00fcr Mauersegler (Neubau)"},"content":{"rendered":"<p>Dieser Einbaukasten bietet eine wirkungsvolle Ausgleichsma\u00dfnahme f\u00fcr Nistpl\u00e4tze von Mauerseglern in Geb\u00e4udefassaden und eignet sich besonders f\u00fcr den Einsatz in Neubauten. Seine H\u00f6he ist auf das Waalformat abgestimmt, sodass er sich optimal in die Fassade integrieren l\u00e4sst.<\/p>\n<p>Auch Haussperlinge nutzen den Kasten gerne. Ihre Anwesenheit kann die Ansiedlung von Mauerseglern sogar beg\u00fcnstigen. Entscheidet sich ein Mauersegler f\u00fcr den Kasten, setzt er sich in der Regel durch und \u00fcbernimmt den Platz.<\/p>\n<p>Der Einbaunistkasten ist aus FSC-Holzbeton mit einer wasserfest verleimten Multiplex-R\u00fcckwand gefertigt und erf\u00fcllt die Vorgaben des offiziellen Fachleitfadens zum Schutz des Mauerseglers.<\/p>\n","protected":false},"excerpt":{"rendered":"<p>IB GZ 06 Eingebauter Nistkasten f\u00fcr Mauersegler (Neubau) | Kompakter FSC-Holzbeton-Nistkasten | perfekt f\u00fcr Fassaden und D\u00e4mmung<\/p>\n","protected":false},"featured_media":31102,"template":"","meta":{"_acf_changed":false,"_relevanssi_hide_post":"","_relevanssi_hide_content":"","_relevanssi_pin_for_all":"","_relevanssi_pin_keywords":"","_relevanssi_unpin_keywords":"","_relevanssi_related_keywords":"","_relevanssi_related_include_ids":"","_relevanssi_related_exclude_ids":"","_relevanssi_related_no_append":"","_relevanssi_related_not_related":"","_relevanssi_related_posts":"","_relevanssi_noindex_reason":""},"product_brand":[],"product_cat":[4583,4599,4585,7838],"product_tag":[7325,7306,7376,7287,7586,7302,7293],"class_list":{"0":"post-9580","1":"product","2":"type-product","3":"status-publish","4":"has-post-thumbnail","6":"product_cat-einbausteine","7":"product_cat-einbausteine-mauersegler","8":"product_cat-mauersegler","9":"product_cat-nabu-empfohlen","10":"product_tag-braun","11":"product_tag-brutplatz","12":"product_tag-einbaustein","13":"product_tag-holzbeton","14":"product_tag-mauersegler","15":"product_tag-nistkasten","16":"product_tag-voegel","17":"pa_binnenmaat-b-x-h-x-d-cm-37-x-13-x-15-de","18":"pa_buitenmaat-b-x-h-x-d-cm-42-x-18-x-16-8-de","19":"pa_gewicht-kg-57-de","20":"pa_invliegopening-65-x-30-mm-oval-de","21":"pa_kleur-grau","22":"pa_materiaal-woodstone-de","23":"pa_materiaal-voor-filter-holzbeton","24":"pa_soort-schwalben","25":"pa_soortgroep-mauersegler","27":"first","28":"instock","29":"purchasable","30":"product-type-simple"},"acf":[],"_links":{"self":[{"href":"https:\/\/viva.ezxdemo.com\/de\/wp-json\/wp\/v2\/product\/9580","targetHints":{"allow":["GET"]}}],"collection":[{"href":"https:\/\/viva.ezxdemo.com\/de\/wp-json\/wp\/v2\/product"}],"about":[{"href":"https:\/\/viva.ezxdemo.com\/de\/wp-json\/wp\/v2\/types\/product"}],"wp:featuredmedia":[{"embeddable":true,"href":"https:\/\/viva.ezxdemo.com\/de\/wp-json\/wp\/v2\/media\/31102"}],"wp:attachment":[{"href":"https:\/\/viva.ezxdemo.com\/de\/wp-json\/wp\/v2\/media?parent=9580"}],"wp:term":[{"taxonomy":"product_brand","embeddable":true,"href":"https:\/\/viva.ezxdemo.com\/de\/wp-json\/wp\/v2\/product_brand?post=9580"},{"taxonomy":"product_cat","embeddable":true,"href":"https:\/\/viva.ezxdemo.com\/de\/wp-json\/wp\/v2\/product_cat?post=9580"},{"taxonomy":"product_tag","embeddable":true,"href":"https:\/\/viva.ezxdemo.com\/de\/wp-json\/wp\/v2\/product_tag?post=9580"}],"curies":[{"name":"wp","href":"https:\/\/api.w.org\/{rel}","templated":true}]}}