{"id":9581,"date":"2023-12-20T19:03:26","date_gmt":"2023-12-20T18:03:26","guid":{"rendered":"https:\/\/vivarapro.nl\/product\/ib-vl-06-fledermauskasten\/"},"modified":"2025-12-01T17:40:25","modified_gmt":"2025-12-01T16:40:25","slug":"ib-vl-06-fledermauskasten","status":"publish","type":"product","link":"https:\/\/viva.ezxdemo.com\/de\/produkt\/ib-vl-06-fledermauskasten\/","title":{"rendered":"IB VL 06 Fledermaus Einbaustein"},"content":{"rendered":"<p>Dieser Einbaustein eignet sich als Ausgleichsma\u00dfnahme f\u00fcr Sommer- und Paarungsquartiere von Flederm\u00e4usen und kann sowohl bei Renovierungen als auch bei Neubauten verwendet werden. Die geschlitzte Vorderseite passt genau in das Waalformat. Der Stein kann einzeln verbaut oder seitlich mit mehreren IB VL 06 kombiniert werden; au\u00dferdem ist eine horizontale oder vertikale Verbindung mit dem Modell <a href=\"https:\/\/www.vivarapro.de\/produkt\/ib-vl-07-fledermauskasten\/\" target=\"_blank\" rel=\"noopener\">IB VL 07<\/a> im Hohlraum m\u00f6glich.<\/p>\n<p>Arten wie Zwergfledermaus, M\u00fcckenfledermaus, Rauhautfledermaus und Zweifarbfledermaus k\u00f6nnen diesen Einbaustein nutzen. W\u00e4hrend die Einflug\u00f6ffnung b\u00fcndig in der Fassade liegt, befindet sich der eigentliche Nistkasten hinter der \u00e4u\u00dferen Mauerschale. Dadurch sind die Flederm\u00e4use besser vor extremen Temperaturen gesch\u00fctzt.<\/p>\n<p>Der Einbaustein besteht aus FSC\u00ae-Holzbeton und ist mit einer wasserfest verleimten Multiplex-R\u00fcckwand ausgestattet. Diese R\u00fcckwand ist auf der Innenseite mit Spr\u00fchkork beschichtet, um den Tieren besseren Halt zu geben. Der Nistkasten erf\u00fcllt die Vorgaben des offiziellen Fachleitfadens zum Schutz der Zwergflederm\u00e4use.<\/p>\n","protected":false},"excerpt":{"rendered":"<p>IB VL 06 Fledermauskasten | Einbaustein aus FSC\u00ae-Holzbeton | ideal f\u00fcr Neubau &amp; Sanierung, bietet sicheren Nistplatz hinter der Fassade.<\/p>\n","protected":false},"featured_media":30149,"template":"","meta":{"_acf_changed":false,"_relevanssi_hide_post":"","_relevanssi_hide_content":"","_relevanssi_pin_for_all":"","_relevanssi_pin_keywords":"","_relevanssi_unpin_keywords":"","_relevanssi_related_keywords":"","_relevanssi_related_include_ids":"","_relevanssi_related_exclude_ids":"","_relevanssi_related_no_append":"","_relevanssi_related_not_related":"","_relevanssi_related_posts":"","_relevanssi_noindex_reason":""},"product_brand":[],"product_cat":[4583,4596,4584],"product_tag":[7376,7278,7375,7287,7302],"class_list":{"0":"post-9581","1":"product","2":"type-product","3":"status-publish","4":"has-post-thumbnail","6":"product_cat-einbausteine","7":"product_cat-einbausteine-fledermaeuse","8":"product_cat-fledermause","9":"product_tag-einbaustein","10":"product_tag-fledermaus","11":"product_tag-fledermauese","12":"product_tag-holzbeton","13":"product_tag-nistkasten","14":"pa_binnenmaat-b-x-h-x-d-cm-16-x-425-x-22-de","15":"pa_buitenmaat-b-x-h-x-d-cm-21-x-50-x-15-de","16":"pa_gewicht-kg-75-de","17":"pa_kleur-grau","18":"pa_materiaal-holzbeton","19":"pa_materiaal-sperrholz-fsc","20":"pa_materiaal-voor-filter-holzbeton","21":"pa_soort-breitflugelfledermaus","22":"pa_soort-kleine-bartfledermaus","23":"pa_soort-muckenfledermaus","24":"pa_soort-rauhautfledermaus","25":"pa_soort-teichfledermaus","26":"pa_soort-zwergfledermaus","27":"pa_soortgroep-fledermause","29":"first","30":"instock","31":"purchasable","32":"product-type-simple"},"acf":[],"_links":{"self":[{"href":"https:\/\/viva.ezxdemo.com\/de\/wp-json\/wp\/v2\/product\/9581","targetHints":{"allow":["GET"]}}],"collection":[{"href":"https:\/\/viva.ezxdemo.com\/de\/wp-json\/wp\/v2\/product"}],"about":[{"href":"https:\/\/viva.ezxdemo.com\/de\/wp-json\/wp\/v2\/types\/product"}],"wp:featuredmedia":[{"embeddable":true,"href":"https:\/\/viva.ezxdemo.com\/de\/wp-json\/wp\/v2\/media\/30149"}],"wp:attachment":[{"href":"https:\/\/viva.ezxdemo.com\/de\/wp-json\/wp\/v2\/media?parent=9581"}],"wp:term":[{"taxonomy":"product_brand","embeddable":true,"href":"https:\/\/viva.ezxdemo.com\/de\/wp-json\/wp\/v2\/product_brand?post=9581"},{"taxonomy":"product_cat","embeddable":true,"href":"https:\/\/viva.ezxdemo.com\/de\/wp-json\/wp\/v2\/product_cat?post=9581"},{"taxonomy":"product_tag","embeddable":true,"href":"https:\/\/viva.ezxdemo.com\/de\/wp-json\/wp\/v2\/product_tag?post=9581"}],"curies":[{"name":"wp","href":"https:\/\/api.w.org\/{rel}","templated":true}]}}