{"id":9583,"date":"2023-12-20T19:03:26","date_gmt":"2023-12-20T18:03:26","guid":{"rendered":"https:\/\/vivarapro.nl\/product\/vk-ws-09-fledermaus-giebelkasten\/"},"modified":"2025-09-11T11:54:46","modified_gmt":"2025-09-11T09:54:46","slug":"vk-ws-09-fledermaus-fassadenkasten","status":"publish","type":"product","link":"https:\/\/viva.ezxdemo.com\/de\/produkt\/vk-ws-09-fledermaus-fassadenkasten\/","title":{"rendered":"VK WS 09 Fledermaus Fassadenkasten"},"content":{"rendered":"<p>Der Fledermauskasten VK WS 09 ist ideal f\u00fcr die Platzierung direkt unter einer Dachrinne, einem Dachvorsprung oder zum Beispiel unter Br\u00fccken und Wehren. Dieser Fassadenkasten kann einzeln oder mit mehreren nebeneinander platziert werden, um einen gro\u00dfen horizontalen Raum zu schaffen. Der Kasten ist in Schwarz gehalten, so dass sich die Temperatur im Inneren schnell erw\u00e4rmt, wenn er an einem schattigen, k\u00fchleren Ort steht.<\/p>\n<p>Es gibt mehrere Fledermausarten, die diesen Fledermauskasten nutzen k\u00f6nnen. Das h\u00e4ngt von den Arten ab, die vor Ort vorkommen, und davon, wo der Fledermauskasten aufgeh\u00e4ngt wird. Der Kasten ist als Sommer- und\/oder Paarungsquartier geeignet. In milden Wintern kann der Kasten auch als Unterschlupf dienen. Der Kasten ist aus 100% Holzbeton gefertigt und wird mit dem praktischen Z-Haken zur Wandmontage geliefert.<\/p>\n<p>Als Sommer-Paarungsquartier m\u00f6glich f\u00fcr:<\/p>\n<ul>\n<li>Zwergfledermaus<\/li>\n<li>Rauhautfledermaus<\/li>\n<li>M\u00fcckenfledermaus<\/li>\n<li>Kleine Bartfledermaus<\/li>\n<li>Braunes Langohr<\/li>\n<li>Zweifarbfledermaus<\/li>\n<\/ul>\n<p>In milden Wintern, m\u00f6gliche Nutzung durch:<\/p>\n<ul>\n<li>Zwergfledermaus<\/li>\n<li>Braunes Langohr<\/li>\n<\/ul>\n","protected":false},"excerpt":{"rendered":"<p>VK WS 09 Fledermaus Fassadenkasten | Schwarzer Kast aus Holzbeton | ideal unter Dachrinne als Sommerquartier, Paarungsplatz &amp; Unterschlupf.<\/p>\n","protected":false},"featured_media":28803,"template":"","meta":{"_acf_changed":false,"_relevanssi_hide_post":"","_relevanssi_hide_content":"","_relevanssi_pin_for_all":"","_relevanssi_pin_keywords":"","_relevanssi_unpin_keywords":"","_relevanssi_related_keywords":"","_relevanssi_related_include_ids":"","_relevanssi_related_exclude_ids":"","_relevanssi_related_no_append":"","_relevanssi_related_not_related":"","_relevanssi_related_posts":"","_relevanssi_noindex_reason":""},"product_brand":[],"product_cat":[4601,4598,4584],"product_tag":[7288,7281,7278,7287,7280,7279],"class_list":{"0":"post-9583","1":"product","2":"type-product","3":"status-publish","4":"has-post-thumbnail","6":"product_cat-fassadenkaesten","7":"product_cat-fassadenkaesten-fledermause","8":"product_cat-fledermause","9":"product_tag-dachrinne","10":"product_tag-fassade","11":"product_tag-fledermaus","12":"product_tag-holzbeton","13":"product_tag-kast","14":"product_tag-schwarz","15":"pa_binnenmaat-b-x-h-x-d-cm-25-x-45-x-2-de","16":"pa_buitenmaat-b-x-h-x-d-cm-30-x-50-x-75-de","17":"pa_gewicht-kg-76-de","18":"pa_kleur-schwarz","19":"pa_materiaal-woodstone-de","20":"pa_materiaal-voor-filter-holzbeton","21":"pa_soort-braunes-langohr","22":"pa_soort-kleine-bartfledermaus","23":"pa_soort-muckenfledermaus","24":"pa_soort-rauhautfledermaus","25":"pa_soort-zweifarbfledermaus","26":"pa_soort-zwergfledermaus","27":"pa_soortgroep-fledermause","29":"first","30":"instock","31":"purchasable","32":"product-type-simple"},"acf":[],"_links":{"self":[{"href":"https:\/\/viva.ezxdemo.com\/de\/wp-json\/wp\/v2\/product\/9583","targetHints":{"allow":["GET"]}}],"collection":[{"href":"https:\/\/viva.ezxdemo.com\/de\/wp-json\/wp\/v2\/product"}],"about":[{"href":"https:\/\/viva.ezxdemo.com\/de\/wp-json\/wp\/v2\/types\/product"}],"wp:featuredmedia":[{"embeddable":true,"href":"https:\/\/viva.ezxdemo.com\/de\/wp-json\/wp\/v2\/media\/28803"}],"wp:attachment":[{"href":"https:\/\/viva.ezxdemo.com\/de\/wp-json\/wp\/v2\/media?parent=9583"}],"wp:term":[{"taxonomy":"product_brand","embeddable":true,"href":"https:\/\/viva.ezxdemo.com\/de\/wp-json\/wp\/v2\/product_brand?post=9583"},{"taxonomy":"product_cat","embeddable":true,"href":"https:\/\/viva.ezxdemo.com\/de\/wp-json\/wp\/v2\/product_cat?post=9583"},{"taxonomy":"product_tag","embeddable":true,"href":"https:\/\/viva.ezxdemo.com\/de\/wp-json\/wp\/v2\/product_tag?post=9583"}],"curies":[{"name":"wp","href":"https:\/\/api.w.org\/{rel}","templated":true}]}}