{"id":9584,"date":"2023-12-20T19:03:26","date_gmt":"2023-12-20T18:03:26","guid":{"rendered":"https:\/\/vivarapro.nl\/product\/ib-mu-06-haussperling-eingebauter-nistkasten-einzeln-renovierung\/"},"modified":"2026-02-03T12:09:17","modified_gmt":"2026-02-03T11:09:17","slug":"ib-mu-06-haussperling-eingebauter-nistkasten-einzeln-renovierung","status":"publish","type":"product","link":"https:\/\/viva.ezxdemo.com\/de\/produkt\/ib-mu-06-haussperling-eingebauter-nistkasten-einzeln-renovierung\/","title":{"rendered":"IB MU 06 Haussperling Einbaunistkasten einzeln (Renovierung)"},"content":{"rendered":"<p>Dieser Einbaunistkasten ist geeignet, um Nistpl\u00e4tze f\u00fcr Haussperlinge in der Fassade auszugleichen.<\/p>\n<p>Mit seiner maximalen Tiefe von 160 mm passt er auch in bestehende Geb\u00e4ude, so dass er f\u00fcr Renovierungen oder Nachisolierungen verwendet werden kann. Die H\u00f6he dieses Einbausteins passt perfekt in das 4-Lagen-Waal-Format. Sperlinge leben in Kolonien, daher empfiehlt es sich, mehrere Einbausteine zusammen zu platzieren. Der Einbaunistkasten wird auch regelm\u00e4\u00dfig von anderen Arten wie Meisen bewohnt.<\/p>\n<p>Dieser Einbaunistkasten ist aus FSC\u00ae-Holzbeton gefertigt und kann bei Bedarf an der Vorderseite zur Reinigung ge\u00f6ffnet werden.<\/p>\n","protected":false},"excerpt":{"rendered":"<p>IB MU 06 Haussperling Eingebauter Nistkasten einzeln (Renovierung)<\/p>\n","protected":false},"featured_media":31375,"template":"","meta":{"_acf_changed":false,"_relevanssi_hide_post":"","_relevanssi_hide_content":"","_relevanssi_pin_for_all":"","_relevanssi_pin_keywords":"","_relevanssi_unpin_keywords":"","_relevanssi_related_keywords":"","_relevanssi_related_include_ids":"","_relevanssi_related_exclude_ids":"","_relevanssi_related_no_append":"","_relevanssi_related_not_related":"","_relevanssi_related_posts":"","_relevanssi_noindex_reason":""},"product_brand":[],"product_cat":[4583,4595,4586],"product_tag":[],"class_list":{"0":"post-9584","1":"product","2":"type-product","3":"status-publish","4":"has-post-thumbnail","6":"product_cat-einbausteine","7":"product_cat-einbausteine-sperlinge","8":"product_cat-haussperlinge","9":"pa_binnenmaat-b-x-h-x-d-cm-22-x-17-x-12-de","10":"pa_buitenmaat-b-x-h-x-d-cm-29-x-24-x-155-de","11":"pa_gewicht-kg-7-de","12":"pa_invliegopening-34-mm-de","13":"pa_kleur-grau-weis","14":"pa_materiaal-woodstone-de","15":"pa_materiaal-voor-filter-holzbeton","16":"pa_soort-haussperling","17":"pa_soortgroep-sperlingen","19":"first","20":"instock","21":"purchasable","22":"product-type-simple"},"acf":[],"_links":{"self":[{"href":"https:\/\/viva.ezxdemo.com\/de\/wp-json\/wp\/v2\/product\/9584","targetHints":{"allow":["GET"]}}],"collection":[{"href":"https:\/\/viva.ezxdemo.com\/de\/wp-json\/wp\/v2\/product"}],"about":[{"href":"https:\/\/viva.ezxdemo.com\/de\/wp-json\/wp\/v2\/types\/product"}],"wp:featuredmedia":[{"embeddable":true,"href":"https:\/\/viva.ezxdemo.com\/de\/wp-json\/wp\/v2\/media\/31375"}],"wp:attachment":[{"href":"https:\/\/viva.ezxdemo.com\/de\/wp-json\/wp\/v2\/media?parent=9584"}],"wp:term":[{"taxonomy":"product_brand","embeddable":true,"href":"https:\/\/viva.ezxdemo.com\/de\/wp-json\/wp\/v2\/product_brand?post=9584"},{"taxonomy":"product_cat","embeddable":true,"href":"https:\/\/viva.ezxdemo.com\/de\/wp-json\/wp\/v2\/product_cat?post=9584"},{"taxonomy":"product_tag","embeddable":true,"href":"https:\/\/viva.ezxdemo.com\/de\/wp-json\/wp\/v2\/product_tag?post=9584"}],"curies":[{"name":"wp","href":"https:\/\/api.w.org\/{rel}","templated":true}]}}