{"id":9585,"date":"2023-12-20T19:03:26","date_gmt":"2023-12-20T18:03:26","guid":{"rendered":"https:\/\/vivarapro.nl\/product\/ib-vl-07-fledermauskasten\/"},"modified":"2026-01-15T16:43:36","modified_gmt":"2026-01-15T15:43:36","slug":"ib-vl-07-fledermauskasten","status":"publish","type":"product","link":"https:\/\/viva.ezxdemo.com\/de\/produkt\/ib-vl-07-fledermauskasten\/","title":{"rendered":"IB VL 07 Fledermaus Einbaustein"},"content":{"rendered":"<p>Vor der Platzierung dieses Einbausteins werden die kleinen Holzbetonbl\u00f6ckchen an den Seiten entfernt. Diese Bl\u00f6ckchen lassen sich problemlos herausbrechen. Die Einbausteine k\u00f6nnen sowohl nach links oder rechts als auch nach oben miteinander verbunden werden. Auf diese Weise entsteht ein gro\u00dfer Fledermauskasten in der Hohlwand.<\/p>\n<p>Arten wie die Zwergfledermaus, die M\u00fcckenfledermaus, die Rauhautfledermaus und die Zweifarbfledermaus k\u00f6nnen diesen Fledermauskasten nutzen.<\/p>\n","protected":false},"excerpt":{"rendered":"<p>IB VL 07 Fledermaus Einbaustein | Modularer Fledermaus-Einbaustein aus Holzbeton | deal f\u00fcr verschiedene Fledermausarten.<\/p>\n","protected":false},"featured_media":30132,"template":"","meta":{"_acf_changed":false,"_relevanssi_hide_post":"","_relevanssi_hide_content":"","_relevanssi_pin_for_all":"","_relevanssi_pin_keywords":"","_relevanssi_unpin_keywords":"","_relevanssi_related_keywords":"","_relevanssi_related_include_ids":"","_relevanssi_related_exclude_ids":"","_relevanssi_related_no_append":"","_relevanssi_related_not_related":"","_relevanssi_related_posts":"","_relevanssi_noindex_reason":""},"product_brand":[],"product_cat":[4583,4596,4584],"product_tag":[7376,7278,7375,7287,7302],"class_list":{"0":"post-9585","1":"product","2":"type-product","3":"status-publish","4":"has-post-thumbnail","6":"product_cat-einbausteine","7":"product_cat-einbausteine-fledermaeuse","8":"product_cat-fledermause","9":"product_tag-einbaustein","10":"product_tag-fledermaus","11":"product_tag-fledermauese","12":"product_tag-holzbeton","13":"product_tag-nistkasten","14":"pa_binnenmaat-b-x-h-x-d-cm-185-x-46-x-25-de","15":"pa_buitenmaat-b-x-h-x-d-cm-21-x-50-x-4-9-de","16":"pa_gewicht-kg-37-de","17":"pa_kleur-grau","18":"pa_materiaal-holzbeton","19":"pa_materiaal-sperrholz-fsc","20":"pa_materiaal-voor-filter-holzbeton","21":"pa_soort-breitflugelfledermaus","22":"pa_soort-muckenfledermaus","23":"pa_soort-rauhautfledermaus","24":"pa_soort-teichfledermaus","25":"pa_soort-zwergfledermaus","26":"pa_soortgroep-fledermause","28":"first","29":"instock","30":"purchasable","31":"product-type-simple"},"acf":[],"_links":{"self":[{"href":"https:\/\/viva.ezxdemo.com\/de\/wp-json\/wp\/v2\/product\/9585","targetHints":{"allow":["GET"]}}],"collection":[{"href":"https:\/\/viva.ezxdemo.com\/de\/wp-json\/wp\/v2\/product"}],"about":[{"href":"https:\/\/viva.ezxdemo.com\/de\/wp-json\/wp\/v2\/types\/product"}],"wp:featuredmedia":[{"embeddable":true,"href":"https:\/\/viva.ezxdemo.com\/de\/wp-json\/wp\/v2\/media\/30132"}],"wp:attachment":[{"href":"https:\/\/viva.ezxdemo.com\/de\/wp-json\/wp\/v2\/media?parent=9585"}],"wp:term":[{"taxonomy":"product_brand","embeddable":true,"href":"https:\/\/viva.ezxdemo.com\/de\/wp-json\/wp\/v2\/product_brand?post=9585"},{"taxonomy":"product_cat","embeddable":true,"href":"https:\/\/viva.ezxdemo.com\/de\/wp-json\/wp\/v2\/product_cat?post=9585"},{"taxonomy":"product_tag","embeddable":true,"href":"https:\/\/viva.ezxdemo.com\/de\/wp-json\/wp\/v2\/product_tag?post=9585"}],"curies":[{"name":"wp","href":"https:\/\/api.w.org\/{rel}","templated":true}]}}