{"id":9586,"date":"2023-12-20T19:03:26","date_gmt":"2023-12-20T18:03:26","guid":{"rendered":"https:\/\/vivarapro.nl\/product\/ib-mu-07-haussperling-eingebauter-nistkasten-einzeln-neubau\/"},"modified":"2026-02-03T12:10:23","modified_gmt":"2026-02-03T11:10:23","slug":"ib-mu-07-haussperling-eingebauter-nistkasten-einzeln-neubau","status":"publish","type":"product","link":"https:\/\/viva.ezxdemo.com\/de\/produkt\/ib-mu-07-haussperling-eingebauter-nistkasten-einzeln-neubau\/","title":{"rendered":"IB MU 07  Haussperling Einbaunistkasten einzeln (Neubau)"},"content":{"rendered":"<p>Dieser Einbaunistkasten eignet sich bei Neubauten als Ausgleich f\u00fcr Haussperling-Nistpl\u00e4tze in der Fassade. Die Innenma\u00dfe sind ideal f\u00fcr nistende Haussperlinge.<\/p>\n<p>Die H\u00f6he dieses Einbausteins passt perfekt in das 4-Lagen-Waal-Format. Sperlinge leben in Kolonien, daher empfiehlt es sich, mehrere Einbausteine zusammen zu platzieren. Der Einbaunistkasten wird auch regelm\u00e4\u00dfig von anderen Arten wie Meisen bewohnt.<\/p>\n<p>Dieser Einbaunistkasten ist aus FSC\u00ae-Holzbeton gefertigt und kann bei Bedarf an der Vorderseite zur Reinigung ge\u00f6ffnet werden.<\/p>\n","protected":false},"excerpt":{"rendered":"<p>IB MU 07 Haussperling Eingebauter Nistkasten einzeln (Neubau)<\/p>\n","protected":false},"featured_media":31431,"template":"","meta":{"_acf_changed":false,"_relevanssi_hide_post":"","_relevanssi_hide_content":"","_relevanssi_pin_for_all":"","_relevanssi_pin_keywords":"","_relevanssi_unpin_keywords":"","_relevanssi_related_keywords":"","_relevanssi_related_include_ids":"","_relevanssi_related_exclude_ids":"","_relevanssi_related_no_append":"","_relevanssi_related_not_related":"","_relevanssi_related_posts":"","_relevanssi_noindex_reason":""},"product_brand":[],"product_cat":[4583,4595,4586],"product_tag":[],"class_list":{"0":"post-9586","1":"product","2":"type-product","3":"status-publish","4":"has-post-thumbnail","6":"product_cat-einbausteine","7":"product_cat-einbausteine-sperlinge","8":"product_cat-haussperlinge","9":"pa_binnenmaat-b-x-h-x-d-cm-22-x-17-x-15-de","10":"pa_buitenmaat-b-x-h-x-d-cm-29-x-24-x-19-de","11":"pa_gewicht-kg-75-de","12":"pa_invliegopening-34-mm-de","13":"pa_kleur-grau-weis","14":"pa_materiaal-woodstone-de","15":"pa_materiaal-voor-filter-holzbeton","16":"pa_soort-haussperling","17":"pa_soortgroep-sperlingen","19":"first","20":"instock","21":"purchasable","22":"product-type-simple"},"acf":[],"_links":{"self":[{"href":"https:\/\/viva.ezxdemo.com\/de\/wp-json\/wp\/v2\/product\/9586","targetHints":{"allow":["GET"]}}],"collection":[{"href":"https:\/\/viva.ezxdemo.com\/de\/wp-json\/wp\/v2\/product"}],"about":[{"href":"https:\/\/viva.ezxdemo.com\/de\/wp-json\/wp\/v2\/types\/product"}],"wp:featuredmedia":[{"embeddable":true,"href":"https:\/\/viva.ezxdemo.com\/de\/wp-json\/wp\/v2\/media\/31431"}],"wp:attachment":[{"href":"https:\/\/viva.ezxdemo.com\/de\/wp-json\/wp\/v2\/media?parent=9586"}],"wp:term":[{"taxonomy":"product_brand","embeddable":true,"href":"https:\/\/viva.ezxdemo.com\/de\/wp-json\/wp\/v2\/product_brand?post=9586"},{"taxonomy":"product_cat","embeddable":true,"href":"https:\/\/viva.ezxdemo.com\/de\/wp-json\/wp\/v2\/product_cat?post=9586"},{"taxonomy":"product_tag","embeddable":true,"href":"https:\/\/viva.ezxdemo.com\/de\/wp-json\/wp\/v2\/product_tag?post=9586"}],"curies":[{"name":"wp","href":"https:\/\/api.w.org\/{rel}","templated":true}]}}