{"id":9588,"date":"2023-12-20T19:03:26","date_gmt":"2023-12-20T19:03:26","guid":{"rendered":"https:\/\/vivarapro.nl\/product\/ib-gz-03-eingebauter-nistkasten-fuer-mauersegler-renovierung\/"},"modified":"2026-02-03T12:00:59","modified_gmt":"2026-02-03T11:00:59","slug":"ib-gz-03-eingebauter-nistkasten-fuer-mauersegler-renovierung","status":"publish","type":"product","link":"https:\/\/viva.ezxdemo.com\/de\/produkt\/ib-gz-03-eingebauter-nistkasten-fuer-mauersegler-renovierung\/","title":{"rendered":"IB GZ 03 Einbaunistkasten f\u00fcr Mauersegler (Renovierung)"},"content":{"rendered":"<p>Diese integrierte Nistkastenl\u00f6sung eignet sich hervorragend als Kompensation f\u00fcr verlorene Brutpl\u00e4tze von Mauerseglern in der Fassade. Mit einer maximalen Einbautiefe von nur 160\u202fmm passt der Kasten auch in Bestandsgeb\u00e4ude und l\u00e4sst sich somit problemlos bei Sanierungen oder nachtr\u00e4glicher W\u00e4rmed\u00e4mmung einsetzen. Die H\u00f6he dieses Einbausteins passt perfekt in das 3-Schicht-Waal-Format. Der Kasten kann entweder mit der Einflug\u00f6ffnung auf der linken oder rechten Seite angebracht werden.<\/p>\n<p>Auch Haussperlinge nutzen diesen Einbaunistkasten gerne. Ihre Anwesenheit kann f\u00fcr die Entdeckung durch Mauersegler sogar von Vorteil sein. Wenn ein Mauersegler den Kasten \u00fcbernehmen m\u00f6chte, vertreibt er die Haussperlinge jedoch oft entschlossen \u2013 nicht selten mit Nachdruck.<\/p>\n<p>Dieser Einbau-Nistkasten ist aus FSC\u00ae Holzbeton gefertigt mit einer wasserfesten verleimten Muliplex-R\u00fcckwand.<\/p>\n","protected":false},"excerpt":{"rendered":"<p>IB GZ 03 Einbaustein f\u00fcr Mauersegler (Renovierung) | Kompakter FSC-Holzbeton-Nistkasten f\u00fcr Mauersegler, perfekt f\u00fcr Fassaden und D\u00e4mmung<\/p>\n","protected":false},"featured_media":30245,"template":"","meta":{"_acf_changed":false,"_relevanssi_hide_post":"","_relevanssi_hide_content":"","_relevanssi_pin_for_all":"","_relevanssi_pin_keywords":"","_relevanssi_unpin_keywords":"","_relevanssi_related_keywords":"","_relevanssi_related_include_ids":"","_relevanssi_related_exclude_ids":"","_relevanssi_related_no_append":"","_relevanssi_related_not_related":"","_relevanssi_related_posts":"","_relevanssi_noindex_reason":""},"product_brand":[],"product_cat":[4583,4599,4595,4585,7838],"product_tag":[7325,7306,7376,7286,7586],"class_list":{"0":"post-9588","1":"product","2":"type-product","3":"status-publish","4":"has-post-thumbnail","6":"product_cat-einbausteine","7":"product_cat-einbausteine-mauersegler","8":"product_cat-einbausteine-sperlinge","9":"product_cat-mauersegler","10":"product_cat-nabu-empfohlen","11":"product_tag-braun","12":"product_tag-brutplatz","13":"product_tag-einbaustein","14":"product_tag-kasten","15":"product_tag-mauersegler","16":"pa_binnenmaat-b-x-h-x-d-cm-37-x-13-x-13-de","17":"pa_buitenmaat-b-x-h-x-d-cm-42-x-18-x-16-1-de","18":"pa_gewicht-kg-65-de","19":"pa_invliegopening-30-x-65-de","20":"pa_kleur-grau","21":"pa_materiaal-woodstone-de","22":"pa_materiaal-voor-filter-holzbeton","23":"pa_soort-schwalben","24":"pa_soortgroep-mauersegler","26":"first","27":"instock","28":"purchasable","29":"product-type-simple"},"acf":[],"_links":{"self":[{"href":"https:\/\/viva.ezxdemo.com\/de\/wp-json\/wp\/v2\/product\/9588","targetHints":{"allow":["GET"]}}],"collection":[{"href":"https:\/\/viva.ezxdemo.com\/de\/wp-json\/wp\/v2\/product"}],"about":[{"href":"https:\/\/viva.ezxdemo.com\/de\/wp-json\/wp\/v2\/types\/product"}],"wp:featuredmedia":[{"embeddable":true,"href":"https:\/\/viva.ezxdemo.com\/de\/wp-json\/wp\/v2\/media\/30245"}],"wp:attachment":[{"href":"https:\/\/viva.ezxdemo.com\/de\/wp-json\/wp\/v2\/media?parent=9588"}],"wp:term":[{"taxonomy":"product_brand","embeddable":true,"href":"https:\/\/viva.ezxdemo.com\/de\/wp-json\/wp\/v2\/product_brand?post=9588"},{"taxonomy":"product_cat","embeddable":true,"href":"https:\/\/viva.ezxdemo.com\/de\/wp-json\/wp\/v2\/product_cat?post=9588"},{"taxonomy":"product_tag","embeddable":true,"href":"https:\/\/viva.ezxdemo.com\/de\/wp-json\/wp\/v2\/product_tag?post=9588"}],"curies":[{"name":"wp","href":"https:\/\/api.w.org\/{rel}","templated":true}]}}