{"id":9589,"date":"2023-12-20T19:03:26","date_gmt":"2023-12-20T18:03:26","guid":{"rendered":"https:\/\/vivarapro.nl\/product\/ib-vl-08-fledermauskasten\/"},"modified":"2025-12-01T17:41:33","modified_gmt":"2025-12-01T16:41:33","slug":"ib-vl-08-fledermaus-einbaustein","status":"publish","type":"product","link":"https:\/\/viva.ezxdemo.com\/de\/produkt\/ib-vl-08-fledermaus-einbaustein\/","title":{"rendered":"IB VL 08 Fledermaus Einbaustein"},"content":{"rendered":"<p>Dieser Einbaustein ist sowohl f\u00fcr den Neubau als auch f\u00fcr Sanierungsma\u00dfnahmen geeignet. Die Vorderseite mit Einflugschlitz ist exakt auf eine Lage im Waalformat-Mauerwerk abgestimmt. Der Stein kann einzeln oder seitlich gekoppelt mit mehreren Modulen des Typs IB VL 08 eingebaut werden. Zudem ist eine horizontale oder vertikale Kopplung innerhalb des Hohlraums mit dem <a href=\"https:\/\/www.vivarapro.de\/produkt\/ib-vl-07-fledermauskasten\/\" target=\"_blank\" rel=\"noopener\">Modell IB VL 07<\/a> m\u00f6glich.<\/p>\n<p>Arten wie die Zwergfledermaus (Pipistrellus pipistrellus), die Kleinzwergfledermaus (Pipistrellus pygmaeus), die Rauhautfledermaus (Pipistrellus nathusii) und die Zweifarbfledermaus (Vespertilio murinus) k\u00f6nnen diesen Unterschlupf nutzen.<\/p>\n<p>Durch die Integration des Kastenteils hinter der Au\u00dfenschale ist ein besserer Schutz gegen\u00fcber extremen Temperaturspitzen \u2013 sowohl im Sommer als auch im Winter \u2013 gew\u00e4hrleistet.<\/p>\n<p>Die Einbaunisthilfe besteht aus FSC\u00ae-zertifiziertem Holzbeton und ist r\u00fcckseitig mit einer wetterfest verleimten Multiplexplatte ausgestattet. Die Innenseite der R\u00fcckwand ist zus\u00e4tzlich mit einer Schicht Spr\u00fchkork versehen, um den Tieren besseren Halt zu bieten.<\/p>\n<p>Der Nistkasten erf\u00fcllt die Anforderungen des offiziellen Fachleitfadens zum Schutz der Zwergflederm\u00e4use.<\/p>\n","protected":false},"excerpt":{"rendered":"<p>IB VL 08 Fledermaus Einbaustein |\u00a0nutzbar als Sommer-, Paarungs- und bei mildem Klima auch als Winterquartier.<\/p>\n","protected":false},"featured_media":29793,"template":"","meta":{"_acf_changed":false,"_relevanssi_hide_post":"","_relevanssi_hide_content":"","_relevanssi_pin_for_all":"","_relevanssi_pin_keywords":"","_relevanssi_unpin_keywords":"","_relevanssi_related_keywords":"","_relevanssi_related_include_ids":"","_relevanssi_related_exclude_ids":"","_relevanssi_related_no_append":"","_relevanssi_related_not_related":"","_relevanssi_related_posts":"","_relevanssi_noindex_reason":""},"product_brand":[],"product_cat":[4583,4596,4584],"product_tag":[7376,7278,7375,7302,7377],"class_list":{"0":"post-9589","1":"product","2":"type-product","3":"status-publish","4":"has-post-thumbnail","6":"product_cat-einbausteine","7":"product_cat-einbausteine-fledermaeuse","8":"product_cat-fledermause","9":"product_tag-einbaustein","10":"product_tag-fledermaus","11":"product_tag-fledermauese","12":"product_tag-nistkasten","13":"product_tag-stein","14":"pa_binnenmaat-b-x-h-x-d-cm-16-x-425-x-22-de","15":"pa_buitenmaat-b-x-h-x-d-cm-21-x-50-x-15-de","16":"pa_gewicht-kg-68-de","17":"pa_kleur-grau","18":"pa_materiaal-holzbeton","19":"pa_materiaal-sperrholz-fsc","20":"pa_materiaal-voor-filter-holzbeton","21":"pa_soort-breitflugelfledermaus","22":"pa_soort-kleine-bartfledermaus","23":"pa_soort-muckenfledermaus","24":"pa_soort-rauhautfledermaus","25":"pa_soort-teichfledermaus","26":"pa_soort-zwergfledermaus","27":"pa_soortgroep-fledermause","29":"first","30":"instock","31":"purchasable","32":"product-type-simple"},"acf":[],"_links":{"self":[{"href":"https:\/\/viva.ezxdemo.com\/de\/wp-json\/wp\/v2\/product\/9589","targetHints":{"allow":["GET"]}}],"collection":[{"href":"https:\/\/viva.ezxdemo.com\/de\/wp-json\/wp\/v2\/product"}],"about":[{"href":"https:\/\/viva.ezxdemo.com\/de\/wp-json\/wp\/v2\/types\/product"}],"wp:featuredmedia":[{"embeddable":true,"href":"https:\/\/viva.ezxdemo.com\/de\/wp-json\/wp\/v2\/media\/29793"}],"wp:attachment":[{"href":"https:\/\/viva.ezxdemo.com\/de\/wp-json\/wp\/v2\/media?parent=9589"}],"wp:term":[{"taxonomy":"product_brand","embeddable":true,"href":"https:\/\/viva.ezxdemo.com\/de\/wp-json\/wp\/v2\/product_brand?post=9589"},{"taxonomy":"product_cat","embeddable":true,"href":"https:\/\/viva.ezxdemo.com\/de\/wp-json\/wp\/v2\/product_cat?post=9589"},{"taxonomy":"product_tag","embeddable":true,"href":"https:\/\/viva.ezxdemo.com\/de\/wp-json\/wp\/v2\/product_tag?post=9589"}],"curies":[{"name":"wp","href":"https:\/\/api.w.org\/{rel}","templated":true}]}}