{"id":11457,"date":"2024-01-03T09:08:29","date_gmt":"2024-01-03T08:08:29","guid":{"rendered":"https:\/\/vivarapro.nl\/sobre-nosotros\/"},"modified":"2026-04-07T15:11:22","modified_gmt":"2026-04-07T13:11:22","slug":"sobre-nosotros","status":"publish","type":"page","link":"https:\/\/viva.ezxdemo.com\/es\/sobre-nosotros\/","title":{"rendered":"Sobre nosotros"},"content":{"rendered":"<div class=\"wpb-content-wrapper\"><p>[vc_row el_class=&#8221;inner-container&#8221;][vc_column][vc_row_inner][vc_column_inner width=&#8221;1\/2&#8243;][vc_single_image image=&#8221;35793&#8243; img_size=&#8221;2000&#215;2000&#8243; css=&#8221;&#8221;][\/vc_column_inner][vc_column_inner width=&#8221;1\/2&#8243;][vc_custom_heading text=&#8221;Vivara Pro: even voorstellen&#8221; font_container=&#8221;tag:h1|font_size:34px|text_align:left|color:%232a2a2a&#8221; use_theme_fonts=&#8221;yes&#8221;][vc_column_text css=&#8221;&#8221;]Vivara Pro es el experto europeo en proyectos y <a href=\"https:\/\/viva.ezxdemo.com\/producten\/\">productos<\/a> centrados en la mitigaci\u00f3n, el fomento de la biodiversidad, la compensaci\u00f3n de flora y fauna y la sostenibilidad. Gracias a nuestros propios centros de producci\u00f3n, campos de plantas y equipo de instalaci\u00f3n, somos flexibles y capaces de realizar proyectos completos.<\/p>\n<h3>Producten vanuit kennis<\/h3>\n<p>Onze producten zijn het resultaat van langdurige en unieke samenwerkingen met <a href=\"https:\/\/viva.ezxdemo.com\/es\/socios\/\">onze partners<\/a> van vooraanstaande natuurorganisaties, zoals de Vogelbescherming en de Zoogdiervereniging. Deze samenwerking strekt zich niet alleen uit tot Nederland; zo hebben we ook nauwe banden met NABU in Duitsland. Door deze aanpak kunnen we altijd rekenen op de expertise van ervaren ecologen, adviseurs en specialisten waardoor wij oplossingen kunnen bieden met bewezen resultaat.  <\/p>\n<h3>Meer dan 25 jaar ervaring<\/h3>\n<p>Con m\u00e1s de 25 a\u00f1os de experiencia, nuestros productos se prueban regularmente en la pr\u00e1ctica, lo que permite obtener nuevos conocimientos y mejoras continuas. Onze producten voldoen aan de hoogste normen en worden volledig duurzaam geproduceerd met <a href=\"https:\/\/viva.ezxdemo.com\/es\/certificacion-fsc\/\">FSC\u00ae-certificering<\/a> als garantie.[\/vc_column_text][\/vc_column_inner][\/vc_row_inner][\/vc_column][\/vc_row][vc_row css=&#8221;.vc_custom_1756281707058{padding-top: 30px !important;padding-bottom: 30px !important;background-color: #e2ebf2 !important;}&#8221; el_class=&#8221;inner-container&#8221;][vc_column][vc_row_inner][vc_column_inner width=&#8221;1\/2&#8243;][vc_custom_heading text=&#8221;C\u00f3mo empez\u00f3&#8221; font_container=&#8221;tag:h2|font_size:24px|text_align:left&#8221; use_theme_fonts=&#8221;yes&#8221;][vc_column_text css=&#8221;&#8221;]El origen de Vivara Pro est\u00e1 en los productos de conservaci\u00f3n para uso en el huerto dom\u00e9stico. Bajo el nombre de <a href=\"https:\/\/www.vivara.nl\/\" target=\"_blank\" rel=\"noopener\">Vivara<\/a>, desarrollamos productos como comida para p\u00e1jaros de primera calidad, sistemas de alimentaci\u00f3n, cajas nido, plantaci\u00f3n respetuosa con la naturaleza, libros y productos educativos. Vivara empez\u00f3 en 1994 y tiene unos 300 empleados.<\/p>\n<p>A partir de Vivara, en septiembre de 2014 se lanz\u00f3 la unidad de negocio Vivara Pro. Vivara Pro se cre\u00f3 debido a la gran demanda de productos para organizaciones profesionales para la EDIFICACI\u00d3N RESPETUOSA CON LA NATURALEZA y el aumento de la biodiversidad.<\/p>\n<p>Vivara Pro is sinds 2024 een losse B.V. en volledig onafhankelijk van Vivara. hierdoor kan Vivara Pro zich volledig focussen op het maken van kwalitatieve faunaoplossingen voor de professionele markt.[\/vc_column_text][vc_custom_heading text=&#8221;Lo que nos hace \u00fanicos&#8221; font_container=&#8221;tag:h2|font_size:24px|text_align:left&#8221; use_theme_fonts=&#8221;yes&#8221;][vc_column_text]<\/p>\n<ul>\n<li>Productos desarrollados junto con organizaciones de defensa de la naturaleza<\/li>\n<li>Ecologistas y consultores experimentados<\/li>\n<li>F\u00e1bricas europeas propias<\/li>\n<li>Duurzame productie\/FSC\u00ae-gecertificeerd<\/li>\n<li>Completa la ejecuci\u00f3n del proyecto<\/li>\n<\/ul>\n<p>[\/vc_column_text][vc_btn title=&#8221;Haz clic aqu\u00ed para ver nuestra soluci\u00f3n completa&#8221; i_align=&#8221;right&#8221; add_icon=&#8221;true&#8221; link=&#8221;url:https%3A%2F%2Fvivarapro.nl%2Ftotaaloplossing%2F|title:Material|&#8221; el_class=&#8221;green-btn&#8221;][\/vc_column_inner][vc_column_inner width=&#8221;1\/2&#8243;][vc_single_image image=&#8221;11464&#8243; img_size=&#8221;full&#8221; alignment=&#8221;right&#8221;][\/vc_column_inner][\/vc_row_inner][\/vc_column][\/vc_row][vc_row css=&#8221;.vc_custom_1756281742837{padding-top: 30px !important;padding-bottom: 30px !important;}&#8221; el_class=&#8221;inner-container&#8221;][vc_column][vc_row_inner][vc_column_inner width=&#8221;1\/2&#8243;][vc_single_image image=&#8221;25311&#8243; img_size=&#8221;full&#8221;][\/vc_column_inner][vc_column_inner width=&#8221;1\/2&#8243;][vc_custom_heading text=&#8221;Qu\u00e9 podemos hacer por ti&#8221; font_container=&#8221;tag:h2|font_size:24px|text_align:left&#8221; use_theme_fonts=&#8221;yes&#8221;][vc_column_text]Elk project begint met onderzoek om te inventariseren wat nodig is om aan de Omgevingswet (voorheen Wet Natuurbescherming) te voldoen. Hacemos una <a href=\"https:\/\/viva.ezxdemo.com\/onderzoek\/\">exploraci\u00f3n r\u00e1pida<\/a> o un <a href=\"https:\/\/viva.ezxdemo.com\/onderzoek\/\">estudio ecol\u00f3gico<\/a> completo.<\/p>\n<p>Tambi\u00e9n hemos desarrollado y producido bastantes productos e instalaciones en los \u00faltimos a\u00f1os. Siempre lo hacemos junto con expertos, como organizaciones conservacionistas y ecologistas. En zoals gezegd, houden we daarbij rekening met de richtlijnen van BIJ12. Bovendien gebruiken wij voor de productie alleen FSC\u00ae hout.  Todos los productos pueden incorporarse a la fachada durante la construcci\u00f3n o la renovaci\u00f3n y pueden utilizarse para trasladar y conservar animales.<\/p>\n<p>Voor soorten als gierzwaluw, huismus, diverse vleermuissoorten maar ook voor solitaire bijen zijn er inbouwstenen. Si no hay posibilidad de instalaci\u00f3n, a\u00fan se pueden instalar instalaciones. Piensa en cajas elevadas o a dos aguas y cajas de postes.[\/vc_column_text][vc_btn title=&#8221;Ir a los productos&#8221; i_align=&#8221;right&#8221; add_icon=&#8221;true&#8221; link=&#8221;url:https%3A%2F%2Fvivarapro.nl%2Fes%2Fproductos%2F|title:Productos|&#8221; el_class=&#8221;green-btn&#8221;][\/vc_column_inner][\/vc_row_inner][\/vc_column][\/vc_row]<\/p>\n<\/div>","protected":false},"excerpt":{"rendered":"<p>[vc_row el_class=&#8221;inner-container&#8221;][vc_column][vc_row_inner][vc_column_inner width=&#8221;1\/2&#8243;][vc_single_image image=&#8221;35793&#8243; img_size=&#8221;2000&#215;2000&#8243; css=&#8221;&#8221;][\/vc_column_inner][vc_column_inner width=&#8221;1\/2&#8243;][vc_custom_heading text=&#8221;Vivara Pro: even voorstellen&#8221; font_container=&#8221;tag:h1|font_size:34px|text_align:left|color:%232a2a2a&#8221; use_theme_fonts=&#8221;yes&#8221;][vc_column_text css=&#8221;&#8221;]Vivara Pro es el experto europeo en proyectos y productos centrados en la mitigaci\u00f3n, el fomento de la biodiversidad, la compensaci\u00f3n de flora y fauna y la sostenibilidad. Gracias a nuestros propios centros de producci\u00f3n, campos de plantas y equipo de instalaci\u00f3n, [&hellip;]<\/p>\n","protected":false},"author":5,"featured_media":0,"parent":0,"menu_order":0,"comment_status":"closed","ping_status":"closed","template":"","meta":{"_acf_changed":false,"_relevanssi_hide_post":"","_relevanssi_hide_content":"","_relevanssi_pin_for_all":"","_relevanssi_pin_keywords":"","_relevanssi_unpin_keywords":"","_relevanssi_related_keywords":"","_relevanssi_related_include_ids":"","_relevanssi_related_exclude_ids":"","_relevanssi_related_no_append":"","_relevanssi_related_not_related":"","_relevanssi_related_posts":"","_relevanssi_noindex_reason":"","footnotes":""},"class_list":["post-11457","page","type-page","status-publish","hentry"],"acf":[],"_links":{"self":[{"href":"https:\/\/viva.ezxdemo.com\/es\/wp-json\/wp\/v2\/pages\/11457","targetHints":{"allow":["GET"]}}],"collection":[{"href":"https:\/\/viva.ezxdemo.com\/es\/wp-json\/wp\/v2\/pages"}],"about":[{"href":"https:\/\/viva.ezxdemo.com\/es\/wp-json\/wp\/v2\/types\/page"}],"author":[{"embeddable":true,"href":"https:\/\/viva.ezxdemo.com\/es\/wp-json\/wp\/v2\/users\/5"}],"replies":[{"embeddable":true,"href":"https:\/\/viva.ezxdemo.com\/es\/wp-json\/wp\/v2\/comments?post=11457"}],"version-history":[{"count":5,"href":"https:\/\/viva.ezxdemo.com\/es\/wp-json\/wp\/v2\/pages\/11457\/revisions"}],"predecessor-version":[{"id":37019,"href":"https:\/\/viva.ezxdemo.com\/es\/wp-json\/wp\/v2\/pages\/11457\/revisions\/37019"}],"wp:attachment":[{"href":"https:\/\/viva.ezxdemo.com\/es\/wp-json\/wp\/v2\/media?parent=11457"}],"curies":[{"name":"wp","href":"https:\/\/api.w.org\/{rel}","templated":true}]}}