{"id":36084,"date":"2025-02-11T09:22:27","date_gmt":"2025-02-11T08:22:27","guid":{"rendered":"https:\/\/vivarapro.nl\/certificacion-fsc\/"},"modified":"2026-02-26T09:25:41","modified_gmt":"2026-02-26T08:25:41","slug":"certificacion-fsc","status":"publish","type":"page","link":"https:\/\/viva.ezxdemo.com\/es\/certificacion-fsc\/","title":{"rendered":"Certificaci\u00f3n FSC\u00ae"},"content":{"rendered":"<div class=\"wpb-content-wrapper\"><p>[vc_row el_class=&#8221;inner-container&#8221;][vc_column][vc_row_inner][vc_column_inner width=&#8221;1\/2&#8243;][vc_single_image image=&#8221;17458&#8243; img_size=&#8221;full&#8221;][\/vc_column_inner][vc_column_inner width=&#8221;1\/2&#8243;][vc_custom_heading text=&#8221;FSC\u00ae: Madera y hormig\u00f3n de madera sostenibles para soluciones respetuosas con la naturaleza&#8221; font_container=&#8221;tag:h1|font_size:34px|text_align:left|color:%232a2a2a&#8221; use_theme_fonts=&#8221;yes&#8221;][vc_column_text css=&#8221;&#8221;]Todos nuestros productos, incluida toda la madera de nuestros armarios, cuentan con la certificaci\u00f3n 100 % FSC\u00ae. Esto significa que la madera procede de bosques gestionados de forma responsable, lo que no solo garantiza la m\u00e1xima calidad, sino que tambi\u00e9n contribuye a un futuro m\u00e1s sostenible.  <a href=\"\/wp-content\/uploads\/2026\/02\/Vivara_Pro_BV_FSC_COC_Certificate_22_1_2025.pdf\" target=\"_blank\" rel=\"noopener\">Certificado FSC\u00ae<\/a><\/p>\n<p>En Vivara Pro nos comprometemos con un entorno de vida sostenible e inclusivo con la naturaleza. Por eso elegimos conscientemente productos con certificaci\u00f3n FSC\u00ae. El F<a href=\"https:\/\/fsc.org\/en\" target=\"_blank\" rel=\"noopener\">orest Stewardship Council (FSC\u00ae)<\/a> es la norma internacional para la gesti\u00f3n forestal responsable. Con el sello FSC\u00ae, garantizamos que la madera y el papel de nuestros productos proceden de bosques gestionados de forma ecol\u00f3gica, social y econ\u00f3micamente responsable. Certificado FSC\u00ae.   <\/p>\n<p data-start=\"575\" data-end=\"1048\">Los bosques son de un valor incalculable para nuestro planeta. Desempe\u00f1an un papel crucial en la regulaci\u00f3n del clima, la retenci\u00f3n de CO\u2082 y la provisi\u00f3n de un h\u00e1bitat para innumerables especies animales y vegetales. Los productos con certificaci\u00f3n FSC\u00ae ayudan a combatir la deforestaci\u00f3n y contribuyen a la gesti\u00f3n forestal sostenible. Nuestras cajas nido, hoteles para insectos, cajas para murci\u00e9lagos y otras soluciones respetuosas con la naturaleza se fabrican respetando el medio ambiente y pensando en el futuro.   <\/p>\n<p>[\/vc_column_text][vc_single_image image=&#8221;36083&#8243; img_size=&#8221;125&#215;125&#8243; css=&#8221;&#8221;][\/vc_column_inner][\/vc_row_inner][\/vc_column][\/vc_row][vc_row css=&#8221;.vc_custom_1756283019947{padding-top: 30px !important;padding-bottom: 30px !important;background-color: #e2ebf2 !important;}&#8221; el_class=&#8221;inner-container&#8221;][vc_column][vc_row_inner][vc_column_inner width=&#8221;1\/2&#8243;][vc_column_text]<\/p>\n<h3 data-start=\"1325\" data-end=\"1366\"><strong data-start=\"1329\" data-end=\"1364\">\u00bfQu\u00e9 significa la certificaci\u00f3n FSC\u00ae?<\/strong><\/h3>\n<p data-start=\"1367\" data-end=\"1526\">El Forest Stewardship Council (FSC\u00ae) es una organizaci\u00f3n reconocida a nivel mundial que se dedica a la gesti\u00f3n forestal responsable. Un certificado FSC\u00ae garantiza que: <\/p>\n<ul data-start=\"1528\" data-end=\"1893\">\n<li data-start=\"1528\" data-end=\"1608\">Los bosques se gestionan de forma sostenible y no se talan para otros fines.<\/li>\n<li data-start=\"1609\" data-end=\"1699\">Los animales y las plantas de estos bosques est\u00e1n protegidos y su h\u00e1bitat se conserva.<\/li>\n<li data-start=\"1700\" data-end=\"1781\">Los trabajadores forestales deben tener salarios justos y condiciones de trabajo seguras.<\/li>\n<li data-start=\"1782\" data-end=\"1893\">Las comunidades locales se benefician de la gesti\u00f3n forestal sin poner en peligro sus derechos ni sus medios de subsistencia.<\/li>\n<\/ul>\n<p>[\/vc_column_text][vc_btn title=&#8221;Haz clic aqu\u00ed para ver nuestra soluci\u00f3n completa&#8221; i_align=&#8221;right&#8221; add_icon=&#8221;true&#8221; link=&#8221;url:https%3A%2F%2Fvivarapro.nl%2Ftotaaloplossing%2F|title:Materiaal|&#8221; el_class=&#8221;green-btn&#8221;][\/vc_column_inner][vc_column_inner width=&#8221;1\/2&#8243;][vc_single_image image=&#8221;25271&#8243; img_size=&#8221;full&#8221; alignment=&#8221;right&#8221;][\/vc_column_inner][\/vc_row_inner][\/vc_column][\/vc_row][vc_row css=&#8221;.vc_custom_1756283046178{padding-top: 30px !important;padding-bottom: 30px !important;}&#8221; el_class=&#8221;inner-container&#8221;][vc_column][vc_row_inner][vc_column_inner width=&#8221;1\/2&#8243;][vc_single_image image=&#8221;25311&#8243; img_size=&#8221;full&#8221;][\/vc_column_inner][vc_column_inner width=&#8221;1\/2&#8243;][vc_column_text]<\/p>\n<h3 data-start=\"1895\" data-end=\"1939\"><strong data-start=\"1899\" data-end=\"1937\">Nuestros productos con certificaci\u00f3n FSC\u00ae<\/strong><\/h3>\n<p data-start=\"1940\" data-end=\"2051\">En Vivara Pro utilizamos madera y hormig\u00f3n de madera con certificaci\u00f3n FSC\u00ae en una amplia gama de productos, entre los que se incluyen:<\/p>\n<ul data-start=\"2053\" data-end=\"2403\">\n<li data-start=\"2053\" data-end=\"2142\">Cajas nido para aves y mam\u00edferos, fabricadas con madera FSC\u00ae o hormig\u00f3n de madera sostenible.<\/li>\n<li data-start=\"2143\" data-end=\"2233\">Cajas para murci\u00e9lagos que contribuyen a la conservaci\u00f3n de estos \u00fatiles controladores de insectos.<\/li>\n<li data-start=\"2234\" data-end=\"2317\">Hoteles para insectos y colmenas, que ofrecen refugio a los polinizadores.<\/li>\n<li data-start=\"2318\" data-end=\"2403\">Instalaciones para \u00e1rboles y fachadas, especialmente desarrolladas para la construcci\u00f3n respetuosa con la naturaleza.<\/li>\n<\/ul>\n<p data-start=\"2405\" data-end=\"2536\">Estos productos no solo son ecol\u00f3gicos, sino que tambi\u00e9n est\u00e1n dise\u00f1ados para tener una larga vida \u00fatil y una funcionalidad \u00f3ptima.<\/p>\n<p>[\/vc_column_text][vc_btn title=&#8221;Ir a los productos&#8221; i_align=&#8221;right&#8221; add_icon=&#8221;true&#8221; link=&#8221;url:https%3A%2F%2Fvivarapro.nl%2Fproducten%2F|title:Producten|&#8221; el_class=&#8221;green-btn&#8221;][\/vc_column_inner][\/vc_row_inner][\/vc_column][\/vc_row]<\/p>\n<\/div>","protected":false},"excerpt":{"rendered":"<p>[vc_row el_class=&#8221;inner-container&#8221;][vc_column][vc_row_inner][vc_column_inner width=&#8221;1\/2&#8243;][vc_single_image image=&#8221;17458&#8243; img_size=&#8221;full&#8221;][\/vc_column_inner][vc_column_inner width=&#8221;1\/2&#8243;][vc_custom_heading text=&#8221;FSC\u00ae: Madera y hormig\u00f3n de madera sostenibles para soluciones respetuosas con la naturaleza&#8221; font_container=&#8221;tag:h1|font_size:34px|text_align:left|color:%232a2a2a&#8221; use_theme_fonts=&#8221;yes&#8221;][vc_column_text css=&#8221;&#8221;]Todos nuestros productos, incluida toda la madera de nuestros armarios, cuentan con la certificaci\u00f3n 100 % FSC\u00ae. Esto significa que la madera procede de bosques gestionados de forma responsable, lo que no solo garantiza [&hellip;]<\/p>\n","protected":false},"author":5,"featured_media":0,"parent":0,"menu_order":0,"comment_status":"closed","ping_status":"closed","template":"","meta":{"_acf_changed":false,"_relevanssi_hide_post":"","_relevanssi_hide_content":"","_relevanssi_pin_for_all":"","_relevanssi_pin_keywords":"","_relevanssi_unpin_keywords":"","_relevanssi_related_keywords":"","_relevanssi_related_include_ids":"","_relevanssi_related_exclude_ids":"","_relevanssi_related_no_append":"","_relevanssi_related_not_related":"","_relevanssi_related_posts":"","_relevanssi_noindex_reason":"","footnotes":""},"class_list":["post-36084","page","type-page","status-publish","hentry"],"acf":[],"_links":{"self":[{"href":"https:\/\/viva.ezxdemo.com\/es\/wp-json\/wp\/v2\/pages\/36084","targetHints":{"allow":["GET"]}}],"collection":[{"href":"https:\/\/viva.ezxdemo.com\/es\/wp-json\/wp\/v2\/pages"}],"about":[{"href":"https:\/\/viva.ezxdemo.com\/es\/wp-json\/wp\/v2\/types\/page"}],"author":[{"embeddable":true,"href":"https:\/\/viva.ezxdemo.com\/es\/wp-json\/wp\/v2\/users\/5"}],"replies":[{"embeddable":true,"href":"https:\/\/viva.ezxdemo.com\/es\/wp-json\/wp\/v2\/comments?post=36084"}],"version-history":[{"count":5,"href":"https:\/\/viva.ezxdemo.com\/es\/wp-json\/wp\/v2\/pages\/36084\/revisions"}],"predecessor-version":[{"id":36098,"href":"https:\/\/viva.ezxdemo.com\/es\/wp-json\/wp\/v2\/pages\/36084\/revisions\/36098"}],"wp:attachment":[{"href":"https:\/\/viva.ezxdemo.com\/es\/wp-json\/wp\/v2\/media?parent=36084"}],"curies":[{"name":"wp","href":"https:\/\/api.w.org\/{rel}","templated":true}]}}