{"id":36580,"date":"2026-01-09T13:53:18","date_gmt":"2026-01-09T12:53:18","guid":{"rendered":"https:\/\/vivarapro.nl\/las-fabricas-europeas-de-vivara-pro\/"},"modified":"2026-03-05T10:36:38","modified_gmt":"2026-03-05T09:36:38","slug":"las-fabricas-europeas-de-vivara-pro","status":"publish","type":"page","link":"https:\/\/viva.ezxdemo.com\/es\/las-fabricas-europeas-de-vivara-pro\/","title":{"rendered":"Las f\u00e1bricas europeas de Vivara Pro"},"content":{"rendered":"<div class=\"wpb-content-wrapper\"><p>[vc_row css=&#8221;.vc_custom_1713961305103{margin-top: 30px !important;}&#8221;][vc_column width=&#8221;1\/2&#8243;][vc_single_image image=&#8221;36578&#8243; img_size=&#8221;full&#8221; css=&#8221;&#8221;][\/vc_column][vc_column width=&#8221;1\/2&#8243;][vc_custom_heading text=&#8221;Nuestras propias f\u00e1bricas europeas&#8221; font_container=&#8221;tag:h1|font_size:34px|text_align:left|color:%232a2a2a&#8221; use_theme_fonts=&#8221;yes&#8221; css=&#8221;&#8221;][vc_column_text css=&#8221;&#8221;]Vivara Pro cuenta con f\u00e1bricas en Polonia, Lituania y Pa\u00edses Bajos. Nuestra producci\u00f3n interna en Europa nos permite ser independientes de terceros. Esto permite a Vivara Pro responder con flexibilidad a la demanda y entregar nuestros productos con rapidez.  <\/p>\n<p>Con f\u00e1bricas en Europa, Vivara Pro cumple con la legislaci\u00f3n y normativa europeas en materia de normas medioambientales, condiciones de trabajo, seguridad y uso de materiales. Esto se alinea con nuestro enfoque de sostenibilidad: producci\u00f3n responsable con respeto por las personas y el medio ambiente. <\/p>\n<p>Esto significa que Vivara Pro participa en el proceso de producci\u00f3n de principio a fin. Desde nuestros expertos, que desarrollan productos junto con nuestros socios en organizaciones de conservaci\u00f3n de la naturaleza, hasta nuestras propias f\u00e1bricas, que los fabrican seg\u00fan estrictos est\u00e1ndares de calidad, y nuestro centro log\u00edstico en los Pa\u00edses Bajos, donde se almacenan.[\/vc_column_text][\/vc_column][\/vc_row][vc_row css=&#8221;.vc_custom_1772697932521{background-color: #E2EBF2 !important;}&#8221;][vc_column width=&#8221;1\/2&#8243;][vc_empty_space][vc_custom_heading text=&#8221;Producci\u00f3n amigable con el FSC&#8221; font_container=&#8221;tag:h2|font_size:24px|text_align:left&#8221; use_theme_fonts=&#8221;yes&#8221; css=&#8221;&#8221;][vc_column_text css=&#8221;&#8221;]En nuestras propias f\u00e1bricas, operamos seg\u00fan los est\u00e1ndares FSC\u00ae, lo que significa que cumplimos con los est\u00e1ndares internacionales de <a href=\"https:\/\/fsc.org\/en\" target=\"_blank\" rel=\"noopener\">Forest Stewardship Council<\/a> (FSC). La madera que utilizamos proviene de bosques gestionados de forma sostenible que respetan la biodiversidad, las personas y el medio ambiente. Esto garantiza que nuestros productos no solo contribuyan a un entorno natural pr\u00f3spero, sino que tambi\u00e9n se produzcan de forma responsable.  <\/p>\n<p>Todos nuestros productos, incluida toda la madera de nuestros armarios, cuentan con la certificaci\u00f3n 100 % FSC\u00ae. Esto significa que la madera procede de bosques gestionados de forma responsable, lo que no solo garantiza la m\u00e1xima calidad, sino que tambi\u00e9n contribuye a un futuro m\u00e1s sostenible. <\/p>\n<p>Obtenga m\u00e1s informaci\u00f3n sobre nuestra <a href=\"https:\/\/www.vivarapro.es\/certificacion-fsc\/\" target=\"_blank\" rel=\"noopener\">certificaci\u00f3n FSC\u00ae<\/a>, qu\u00e9 implica, por qu\u00e9 elegimos madera certificada FSC\u00ae y qu\u00e9 productos cumplen con los requisitos de certificaci\u00f3n.[\/vc_column_text][\/vc_column][vc_column width=&#8221;1\/2&#8243;][vc_empty_space][vc_single_image image=&#8221;11494&#8243; img_size=&#8221;full&#8221; css=&#8221;&#8221;][\/vc_column][\/vc_row][vc_row full_width=&#8221;stretch_row&#8221; css=&#8221;.vc_custom_1772697922478{margin-top: 30px !important;}&#8221;][vc_column width=&#8221;1\/2&#8243;][vc_single_image image=&#8221;36579&#8243; img_size=&#8221;large&#8221; css=&#8221;&#8221;][\/vc_column][vc_column width=&#8221;1\/2&#8243;][vc_custom_heading text=&#8221;Producci\u00f3n de hormig\u00f3n de madera en nuestras f\u00e1bricas europeas&#8221; font_container=&#8221;tag:h2|font_size:24px|text_align:left&#8221; use_theme_fonts=&#8221;yes&#8221; css=&#8221;&#8221;][vc_column_text css=&#8221;&#8221;]Nuestras f\u00e1bricas europeas en Lituania y Polonia son cruciales para nuestra producci\u00f3n. Aqu\u00ed, combinamos artesan\u00eda y tecnolog\u00eda, desarrollando productos duraderos que resisten cualquier condici\u00f3n clim\u00e1tica. <\/p>\n<p>La f\u00e1brica en Lituania nos ha ayudado con la innovaci\u00f3n en materiales. Fue all\u00ed donde desarrollamos nuestro <strong><a href=\"https:\/\/www.vivarapro.es\/piedra-de-madera-hormigon-de-madera-y-etiqueta-fsc\/\" target=\"_blank\" rel=\"noopener\">hormig\u00f3n de madera <\/a><\/strong>(WoodStone\u00ae) hace m\u00e1s de 20 a\u00f1os. Este material se utiliza actualmente en muchos de nuestros productos. Ventajas del hormig\u00f3n de madera (WoodStone\u00ae):   <\/p>\n<ul>\n<li>Tiene una larga vida \u00fatil.<\/li>\n<li>Reduce la huella de carbono del proceso productivo<\/li>\n<li>Tiene propiedades aislantes y resistentes al fuego.<\/li>\n<\/ul>\n<p>En nuestra f\u00e1brica de Polonia fabricamos productos de madera con certificaci\u00f3n FSC\u00ae.[\/vc_column_text][vc_btn title=&#8221;Obtenga m\u00e1s informaci\u00f3n sobre el hormig\u00f3n de madera&#8221; i_align=&#8221;right&#8221; css=&#8221;&#8221; add_icon=&#8221;true&#8221; link=&#8221;url:https%3A%2F%2Fwww.vivarapro.es%2F%3Fpage_id%3D15857|title:Hormig%C3%B3n%20de%20madera|&#8221; el_class=&#8221;green-btn&#8221;][\/vc_column][\/vc_row][vc_row full_width=&#8221;stretch_row_content&#8221; el_class=&#8221;video-section&#8221; css=&#8221;.vc_custom_1771843280211{background-image: url(https:\/\/viva.ezxdemo.com\/wp-content\/uploads\/2026\/02\/VIV03758-scaled.jpg?id=35808) !important;background-position: center !important;background-repeat: no-repeat !important;background-size: cover !important;}&#8221;][vc_column width=&#8221;2\/3&#8243;][vc_custom_heading text=&#8221;F\u00e1brica en los Pa\u00edses Bajos: Taller de madera para trabajos a medida&#8221; use_theme_fonts=&#8221;yes&#8221; css=&#8221;&#8221;][vc_column_text css=&#8221;&#8221;]Adem\u00e1s de nuestras l\u00edneas de productos est\u00e1ndar, Vivara Pro tambi\u00e9n cuenta con su propio taller de carpinter\u00eda. Aqu\u00ed, podemos lograr la biodiversidad mediante la creaci\u00f3n de soluciones personalizadas. Creamos soluciones que se adaptan con precisi\u00f3n a las necesidades del cliente, desde torres para murci\u00e9lagos hasta muros para aviones zapadores y hoteles para insectos.   <\/p>\n<p>Este taller forma parte de nuestro centro log\u00edstico en Vierlingsbeek y nos ofrece la flexibilidad de apoyar proyectos con soluciones que no son &#8220;est\u00e1ndar&#8221;, pero que son necesarias para que la construcci\u00f3n que incluye la naturaleza realmente funcione.[\/vc_column_text][vc_btn title=&#8221;M\u00e1s sobre nuestro trabajo personalizado&#8221; i_align=&#8221;right&#8221; css=&#8221;&#8221; add_icon=&#8221;true&#8221; link=&#8221;url:https%3A%2F%2Fvivarapro.nl%2Fmaatwerkoplossingen-voor-biodiversiteit%2F|title:Ponte%20en%20contacto%20con|&#8221; el_class=&#8221;green-btn&#8221;][\/vc_column][vc_column width=&#8221;1\/3&#8243;][\/vc_column][\/vc_row]<\/p>\n<\/div>","protected":false},"excerpt":{"rendered":"<p>[vc_row css=&#8221;.vc_custom_1713961305103{margin-top: 30px !important;}&#8221;][vc_column width=&#8221;1\/2&#8243;][vc_single_image image=&#8221;36578&#8243; img_size=&#8221;full&#8221; css=&#8221;&#8221;][\/vc_column][vc_column width=&#8221;1\/2&#8243;][vc_custom_heading text=&#8221;Nuestras propias f\u00e1bricas europeas&#8221; font_container=&#8221;tag:h1|font_size:34px|text_align:left|color:%232a2a2a&#8221; use_theme_fonts=&#8221;yes&#8221; css=&#8221;&#8221;][vc_column_text css=&#8221;&#8221;]Vivara Pro cuenta con f\u00e1bricas en Polonia, Lituania y Pa\u00edses Bajos. Nuestra producci\u00f3n interna en Europa nos permite ser independientes de terceros. Esto permite a Vivara Pro responder con flexibilidad a la demanda y entregar nuestros productos con rapidez. [&hellip;]<\/p>\n","protected":false},"author":42,"featured_media":36579,"parent":0,"menu_order":0,"comment_status":"closed","ping_status":"closed","template":"","meta":{"_acf_changed":false,"_relevanssi_hide_post":"","_relevanssi_hide_content":"","_relevanssi_pin_for_all":"","_relevanssi_pin_keywords":"","_relevanssi_unpin_keywords":"","_relevanssi_related_keywords":"","_relevanssi_related_include_ids":"","_relevanssi_related_exclude_ids":"","_relevanssi_related_no_append":"","_relevanssi_related_not_related":"","_relevanssi_related_posts":"","_relevanssi_noindex_reason":"","footnotes":""},"class_list":["post-36580","page","type-page","status-publish","has-post-thumbnail","hentry"],"acf":[],"_links":{"self":[{"href":"https:\/\/viva.ezxdemo.com\/es\/wp-json\/wp\/v2\/pages\/36580","targetHints":{"allow":["GET"]}}],"collection":[{"href":"https:\/\/viva.ezxdemo.com\/es\/wp-json\/wp\/v2\/pages"}],"about":[{"href":"https:\/\/viva.ezxdemo.com\/es\/wp-json\/wp\/v2\/types\/page"}],"author":[{"embeddable":true,"href":"https:\/\/viva.ezxdemo.com\/es\/wp-json\/wp\/v2\/users\/42"}],"replies":[{"embeddable":true,"href":"https:\/\/viva.ezxdemo.com\/es\/wp-json\/wp\/v2\/comments?post=36580"}],"version-history":[{"count":3,"href":"https:\/\/viva.ezxdemo.com\/es\/wp-json\/wp\/v2\/pages\/36580\/revisions"}],"predecessor-version":[{"id":36586,"href":"https:\/\/viva.ezxdemo.com\/es\/wp-json\/wp\/v2\/pages\/36580\/revisions\/36586"}],"wp:featuredmedia":[{"embeddable":true,"href":"https:\/\/viva.ezxdemo.com\/es\/wp-json\/wp\/v2\/media\/36579"}],"wp:attachment":[{"href":"https:\/\/viva.ezxdemo.com\/es\/wp-json\/wp\/v2\/media?parent=36580"}],"curies":[{"name":"wp","href":"https:\/\/api.w.org\/{rel}","templated":true}]}}