{"id":16869,"date":"2025-01-13T09:49:18","date_gmt":"2025-01-13T08:49:18","guid":{"rendered":"https:\/\/vivarapro.nl\/?post_type=product&#038;p=16869"},"modified":"2025-01-13T10:41:22","modified_gmt":"2025-01-13T09:41:22","slug":"nk-gz-10-caja-nido-a-dos-aguas-vencejo-comun-kopie-kopie-kopie-kopie-kopie-kopie-kopie-kopie-kopie-kopie-kopie-4","status":"publish","type":"product","link":"https:\/\/viva.ezxdemo.com\/es\/producto\/nk-gz-10-caja-nido-a-dos-aguas-vencejo-comun-kopie-kopie-kopie-kopie-kopie-kopie-kopie-kopie-kopie-kopie-kopie-4\/","title":{"rendered":"NK GZ 10 Caja nido a dos aguas Vencejo com\u00fan (kopie) (kopie) (kopie) (kopie) (kopie) (kopie) (kopie) (kopie) (kopie) (kopie) (kopie)"},"content":{"rendered":"<p>Esta Caja nido tambi\u00e9n la utilizan regularmente los gorriones comunes.<br \/>\nEsto es beneficioso para que los vencejos descubran la Caja nido.<br \/>\nEn cuanto los vencejos quieran apoderarse de la Caja nido de los gorriones dom\u00e9sticos, los expulsar\u00e1n sin piedad.<br \/>\nLa Caja nido est\u00e1 hecha de Hormig\u00f3n de madera FSC\u00ae, por lo que es muy duradera.<br \/>\nLa Instalaci\u00f3n es f\u00e1cil con el gancho en Z y los tornillos de acero inoxidable suministrados.<br \/>\nLa Caja nido cumple todos los requisitos del Documento de Conocimientos Bij12 Vencejo com\u00fan.  <\/p>\n","protected":false},"excerpt":{"rendered":"<p>Esta caja nido de vencejo es ideal para la mitigaci\u00f3n y compensaci\u00f3n en la fachada y puede aplicarse f\u00e1cilmente a construcciones nuevas, reformas o edificios existentes.<\/p>\n","protected":false},"featured_media":16978,"template":"","meta":{"_acf_changed":false,"_relevanssi_hide_post":"","_relevanssi_hide_content":"","_relevanssi_pin_for_all":"","_relevanssi_pin_keywords":"","_relevanssi_unpin_keywords":"","_relevanssi_related_keywords":"","_relevanssi_related_include_ids":"","_relevanssi_related_exclude_ids":"","_relevanssi_related_no_append":"","_relevanssi_related_not_related":"","_relevanssi_related_posts":"","_relevanssi_noindex_reason":""},"product_brand":[],"product_cat":[6969],"product_tag":[],"class_list":{"0":"post-16869","1":"product","2":"type-product","3":"status-publish","4":"has-post-thumbnail","6":"product_cat-geen-categorie","7":"pa_soort-carbonero","8":"pa_soort-gorrion-anillado","9":"pa_soort-gorrion-comun","10":"pa_soort-herrerillo","11":"pa_soort-herrerillo-capuchino","12":"pa_soort-robins-es","13":"pa_soort-starling","14":"pa_soort-trepador-azul","16":"first","17":"instock","18":"purchasable","19":"product-type-simple"},"acf":[],"_links":{"self":[{"href":"https:\/\/viva.ezxdemo.com\/es\/wp-json\/wp\/v2\/product\/16869","targetHints":{"allow":["GET"]}}],"collection":[{"href":"https:\/\/viva.ezxdemo.com\/es\/wp-json\/wp\/v2\/product"}],"about":[{"href":"https:\/\/viva.ezxdemo.com\/es\/wp-json\/wp\/v2\/types\/product"}],"wp:featuredmedia":[{"embeddable":true,"href":"https:\/\/viva.ezxdemo.com\/es\/wp-json\/wp\/v2\/media\/16978"}],"wp:attachment":[{"href":"https:\/\/viva.ezxdemo.com\/es\/wp-json\/wp\/v2\/media?parent=16869"}],"wp:term":[{"taxonomy":"product_brand","embeddable":true,"href":"https:\/\/viva.ezxdemo.com\/es\/wp-json\/wp\/v2\/product_brand?post=16869"},{"taxonomy":"product_cat","embeddable":true,"href":"https:\/\/viva.ezxdemo.com\/es\/wp-json\/wp\/v2\/product_cat?post=16869"},{"taxonomy":"product_tag","embeddable":true,"href":"https:\/\/viva.ezxdemo.com\/es\/wp-json\/wp\/v2\/product_tag?post=16869"}],"curies":[{"name":"wp","href":"https:\/\/api.w.org\/{rel}","templated":true}]}}