{"id":19795,"date":"2025-05-06T13:47:12","date_gmt":"2025-05-06T11:47:12","guid":{"rendered":"https:\/\/vivarapro.nl\/?post_type=product&#038;p=19795"},"modified":"2025-05-07T17:32:37","modified_gmt":"2025-05-07T15:32:37","slug":"ht-mu-02-caja-alta-para-gorrion-completo-kopie","status":"publish","type":"product","link":"https:\/\/viva.ezxdemo.com\/es\/producto\/ht-mu-02-caja-alta-para-gorrion-completo-kopie\/","title":{"rendered":"HT MU 02 Caja alta para gorri\u00f3n completo (kopie)"},"content":{"rendered":"<p>Para mitigar y compensar a los gorriones dom\u00e9sticos, a menudo se instalan diversas instalaciones.<br \/>\nPuede tratarse de cajas nido, pero tambi\u00e9n de los llamados altillos para gorriones dom\u00e9sticos.<br \/>\nEsta Caja alta cumple las dimensiones del Documento de Conocimientos sobre el Gorri\u00f3n Com\u00fan de Bee 12.<br \/>\nEl palomar proporciona 18 cajas nido bajo un mismo techo para una colonia de gorriones comunes.<br \/>\nCuando se instala en zonas m\u00e1s agr\u00edcolas y en corrales, los gorriones anillados tambi\u00e9n utilizan este palomar.<br \/>\nEste palomar est\u00e1 construido con una estructura met\u00e1lica acabada con contrachapado exterior y tratada con una capa de pintura de etiqueta ecol\u00f3gica, Color RAL 9010.<br \/>\nEl tejado tiene una capa de cuero negro para tejados.<br \/>\nLa estructura del tejado tiene una cubierta adicional para la ventilaci\u00f3n, por lo que no har\u00e1 tanto calor en las Cajas nido cuando haga calor.<br \/>\nSi se coloca correctamente, la Caja alta resistir\u00e1 como m\u00ednimo vientos de fuerza 10.  <\/p>\n","protected":false},"excerpt":{"rendered":"<p>Esta Caja alta para gorri\u00f3n ofrece a los gorriones dom\u00e9sticos (pero tambi\u00e9n a los gorriones anillados) un lugar de nidificaci\u00f3n de sustituci\u00f3n antes, durante y despu\u00e9s de las obras de reforma o nueva construcci\u00f3n.<br \/>\nLa Caja alta est\u00e1 equipada con 18 oportunidades de nidificaci\u00f3n con una Entrada de vuelo de 35 mm. <\/p>\n","protected":false},"featured_media":19879,"template":"","meta":{"_acf_changed":false,"_relevanssi_hide_post":"","_relevanssi_hide_content":"","_relevanssi_pin_for_all":"","_relevanssi_pin_keywords":"","_relevanssi_unpin_keywords":"","_relevanssi_related_keywords":"","_relevanssi_related_include_ids":"","_relevanssi_related_exclude_ids":"","_relevanssi_related_no_append":"","_relevanssi_related_not_related":"","_relevanssi_related_posts":"","_relevanssi_noindex_reason":""},"product_brand":[],"product_cat":[5519,5469],"product_tag":[],"class_list":{"0":"post-19795","1":"product","2":"type-product","3":"status-publish","4":"has-post-thumbnail","6":"product_cat-cajas-elevadoras-y-de-pertiga","7":"product_cat-vencejo-comun","8":"pa_buitenmaat-b-x-h-x-d-cm-120-x-60-x-120-excl-paal-es","9":"pa_gewicht-kg-82-sin-pertiga","10":"pa_materiaal-madera-fsc","11":"pa_materiaal-voor-filter-hormigon-de-madera","12":"pa_soort-carbonero","13":"pa_soort-gorrion-anillado","14":"pa_soort-gorrion-comun","15":"pa_soort-herrerillo","16":"pa_soort-vencejo-comun","17":"pa_soortgroep-gorriones","18":"pa_soortgroep-tetas","19":"pa_soortgroep-vencejo-comun","21":"first","22":"instock","23":"purchasable","24":"product-type-variable"},"acf":[],"_links":{"self":[{"href":"https:\/\/viva.ezxdemo.com\/es\/wp-json\/wp\/v2\/product\/19795","targetHints":{"allow":["GET"]}}],"collection":[{"href":"https:\/\/viva.ezxdemo.com\/es\/wp-json\/wp\/v2\/product"}],"about":[{"href":"https:\/\/viva.ezxdemo.com\/es\/wp-json\/wp\/v2\/types\/product"}],"wp:featuredmedia":[{"embeddable":true,"href":"https:\/\/viva.ezxdemo.com\/es\/wp-json\/wp\/v2\/media\/19879"}],"wp:attachment":[{"href":"https:\/\/viva.ezxdemo.com\/es\/wp-json\/wp\/v2\/media?parent=19795"}],"wp:term":[{"taxonomy":"product_brand","embeddable":true,"href":"https:\/\/viva.ezxdemo.com\/es\/wp-json\/wp\/v2\/product_brand?post=19795"},{"taxonomy":"product_cat","embeddable":true,"href":"https:\/\/viva.ezxdemo.com\/es\/wp-json\/wp\/v2\/product_cat?post=19795"},{"taxonomy":"product_tag","embeddable":true,"href":"https:\/\/viva.ezxdemo.com\/es\/wp-json\/wp\/v2\/product_tag?post=19795"}],"curies":[{"name":"wp","href":"https:\/\/api.w.org\/{rel}","templated":true}]}}