{"id":10420,"date":"2024-02-05T17:03:26","date_gmt":"2024-02-05T16:03:26","guid":{"rendered":"https:\/\/vivarapro.nl\/beton-de-bois-beton-de-bois-et-label-fsc\/"},"modified":"2024-06-20T10:50:53","modified_gmt":"2024-06-20T08:50:53","slug":"beton-de-bois-beton-de-bois-et-label-fsc","status":"publish","type":"page","link":"https:\/\/viva.ezxdemo.com\/fr\/beton-de-bois-beton-de-bois-et-label-fsc\/","title":{"rendered":"B\u00e9ton de bois, b\u00e9ton de bois et label FSC\u00ae"},"content":{"rendered":"<div class=\"wpb-content-wrapper\"><p>[vc_row css=&#8221;.vc_custom_1713973081399{margin-top: 30px !important;}&#8221;][vc_column width=&#8221;1\/2&#8243;][vc_single_image image=&#8221;5892&#8243; img_size=&#8221;full&#8221;][\/vc_column][vc_column width=&#8221;1\/2&#8243;][vc_custom_heading text=&#8221;Woodstone et bois FSC\u00ae&#8221; font_container=&#8221;tag:h1|font_size:34px|text_align:left|color:%232a2a2a&#8221; use_theme_fonts=&#8221;yes&#8221;][vc_column_text]Nous visons \u00e0 fabriquer tous nos produits avec le Mat\u00e9riau Durable Woodstone (b\u00e9ton de bois), un m\u00e9lange de fibre de bois et de b\u00e9ton. De plus, tout le bois de nos produits est certifi\u00e9 FSC\u00ae.[\/vc_column_text][vc_custom_heading text=&#8221;Pourquoi nous choisissons le FSC\u00ae&#8221; font_container=&#8221;tag:h2|font_size:24px|text_align:left&#8221; use_theme_fonts=&#8221;yes&#8221;][vc_column_text]Le bois FSC\u00ae est important car il garantit qu&#8217;il provient de for\u00eats g\u00e9r\u00e9es de mani\u00e8re durable et responsable. Cela permet de pr\u00e9server les for\u00eats, la biodiversit\u00e9 et les communaut\u00e9s locales. Le syst\u00e8me de certification FSC\u00ae garantit que les produits du bois r\u00e9pondent \u00e0 des normes environnementales, sociales et \u00e9conomiques strictes.<\/p>\n<p>Le FSC\u00ae a \u00e9t\u00e9 cr\u00e9\u00e9 en 1993 en r\u00e9ponse aux pr\u00e9occupations croissantes concernant la d\u00e9forestation et l&#8217;exploitation ill\u00e9gale des for\u00eats. Il s&#8217;agit d&#8217;une organisation internationale \u00e0 but non lucratif cr\u00e9\u00e9e gr\u00e2ce \u00e0 la collaboration d&#8217;\u00e9cologistes, de mouvements sociaux et d&#8217;entreprises. Le label FSC\u00ae est d\u00e9sormais mondialement reconnu comme un symbole de la gestion durable des for\u00eats.[\/vc_column_text][\/vc_column][\/vc_row][vc_row full_width=&#8221;stretch_row&#8221; css=&#8221;.vc_custom_1713973090053{padding-top: 30px !important;padding-bottom: 30px !important;background-color: #e2ebf2 !important;}&#8221;][vc_column width=&#8221;1\/2&#8243;][vc_custom_heading text=&#8221;Avantages du B\u00e9ton de bois (Woodstone\u00ae)&#8221; font_container=&#8221;tag:h2|font_size:24px|text_align:left&#8221; use_theme_fonts=&#8221;yes&#8221;][vc_column_text]Le b\u00e9ton de bois FSC\u00ae (Woodstone) offre plusieurs avantages par rapport au b\u00e9ton traditionnel dans les produits :<\/p>\n<ul>\n<li>Respectueux de l&#8217;environnement : Le B\u00e9ton de bois FSC\u00ae utilise du bois produit de mani\u00e8re Durable, ce qui contribue \u00e0 la pr\u00e9servation des for\u00eats et \u00e0 la r\u00e9duction de l&#8217;impact \u00e9cologique. Le b\u00e9ton traditionnel, quant \u00e0 lui, n\u00e9cessite beaucoup d&#8217;\u00e9nergie et a une empreinte carbone importante.<\/li>\n<li>Poids : Le B\u00e9ton de bois est g\u00e9n\u00e9ralement plus l\u00e9ger que le b\u00e9ton traditionnel, ce qui facilite le transport et r\u00e9duit les contraintes sur les structures.<\/li>\n<li>Isolation : Le B\u00e9ton de bois FSC\u00ae poss\u00e8de naturellement des propri\u00e9t\u00e9s isolantes et respire, ce qui permet d&#8217;obtenir un climat int\u00e9rieur plus stable dans les installations. Cela permet d&#8217;obtenir de meilleurs r\u00e9sultats en mati\u00e8re d&#8217;\u00e9levage.<\/li>\n<li>Durabilit\u00e9 : L&#8217;utilisation de bois FSC\u00ae dans le b\u00e9ton en fait une ressource durable, alors que l&#8217;extraction des mati\u00e8res premi\u00e8res pour le b\u00e9ton traditionnel a un impact important sur l&#8217;environnement.<\/li>\n<\/ul>\n<p>[\/vc_column_text][vc_btn title=&#8221;Aller aux produits&#8221; i_align=&#8221;right&#8221; add_icon=&#8221;true&#8221; link=&#8221;url:https%3A%2F%2Fvivarapro.nl%2Fproducten%2F|title:Produits|&#8221; el_class=&#8221;green-btn&#8221;][\/vc_column][vc_column width=&#8221;1\/2&#8243;][vc_single_image image=&#8221;5895&#8243; img_size=&#8221;full&#8221; alignment=&#8221;right&#8221;][\/vc_column][\/vc_row]<\/p>\n<\/div>","protected":false},"excerpt":{"rendered":"<p>[vc_row css=&#8221;.vc_custom_1713973081399{margin-top: 30px !important;}&#8221;][vc_column width=&#8221;1\/2&#8243;][vc_single_image image=&#8221;5892&#8243; img_size=&#8221;full&#8221;][\/vc_column][vc_column width=&#8221;1\/2&#8243;][vc_custom_heading text=&#8221;Woodstone et bois FSC\u00ae&#8221; font_container=&#8221;tag:h1|font_size:34px|text_align:left|color:%232a2a2a&#8221; use_theme_fonts=&#8221;yes&#8221;][vc_column_text]Nous visons \u00e0 fabriquer tous nos produits avec le Mat\u00e9riau Durable Woodstone (b\u00e9ton de bois), un m\u00e9lange de fibre de bois et de b\u00e9ton. De plus, tout le bois de nos produits est certifi\u00e9 FSC\u00ae.[\/vc_column_text][vc_custom_heading text=&#8221;Pourquoi nous choisissons le FSC\u00ae&#8221; font_container=&#8221;tag:h2|font_size:24px|text_align:left&#8221; use_theme_fonts=&#8221;yes&#8221;][vc_column_text]Le [&hellip;]<\/p>\n","protected":false},"author":5,"featured_media":0,"parent":0,"menu_order":0,"comment_status":"closed","ping_status":"closed","template":"","meta":{"_acf_changed":false,"_relevanssi_hide_post":"","_relevanssi_hide_content":"","_relevanssi_pin_for_all":"","_relevanssi_pin_keywords":"","_relevanssi_unpin_keywords":"","_relevanssi_related_keywords":"","_relevanssi_related_include_ids":"","_relevanssi_related_exclude_ids":"","_relevanssi_related_no_append":"","_relevanssi_related_not_related":"","_relevanssi_related_posts":"10387","_relevanssi_noindex_reason":"","footnotes":""},"class_list":["post-10420","page","type-page","status-publish","hentry"],"acf":[],"_links":{"self":[{"href":"https:\/\/viva.ezxdemo.com\/fr\/wp-json\/wp\/v2\/pages\/10420","targetHints":{"allow":["GET"]}}],"collection":[{"href":"https:\/\/viva.ezxdemo.com\/fr\/wp-json\/wp\/v2\/pages"}],"about":[{"href":"https:\/\/viva.ezxdemo.com\/fr\/wp-json\/wp\/v2\/types\/page"}],"author":[{"embeddable":true,"href":"https:\/\/viva.ezxdemo.com\/fr\/wp-json\/wp\/v2\/users\/5"}],"replies":[{"embeddable":true,"href":"https:\/\/viva.ezxdemo.com\/fr\/wp-json\/wp\/v2\/comments?post=10420"}],"version-history":[{"count":0,"href":"https:\/\/viva.ezxdemo.com\/fr\/wp-json\/wp\/v2\/pages\/10420\/revisions"}],"wp:attachment":[{"href":"https:\/\/viva.ezxdemo.com\/fr\/wp-json\/wp\/v2\/media?parent=10420"}],"curies":[{"name":"wp","href":"https:\/\/api.w.org\/{rel}","templated":true}]}}