{"id":10437,"date":"2023-11-16T13:15:05","date_gmt":"2023-11-16T12:15:05","guid":{"rendered":"https:\/\/vivarapro.nl\/contact\/"},"modified":"2025-09-04T09:18:55","modified_gmt":"2025-09-04T07:18:55","slug":"contact","status":"publish","type":"page","link":"https:\/\/viva.ezxdemo.com\/fr\/contact\/","title":{"rendered":"Contact"},"content":{"rendered":"<div class=\"wpb-content-wrapper\"><p>[vc_row el_class=&#8221;contact-innerpage inner-container&#8221; css=&#8221;.vc_custom_1756970185925{border-top-width: 80px !important;}&#8221;][vc_column css=&#8221;.vc_custom_1704288963606{padding-top: 40px !important;padding-right: 40px !important;}&#8221;][vc_row_inner][vc_column_inner width=&#8221;1\/2&#8243;][vc_custom_heading text=&#8221;Vivara Pro&#8221; font_container=&#8221;tag:h1|font_size:30px|text_align:left&#8221; use_theme_fonts=&#8221;yes&#8221;][vc_column_text css=&#8221;.vc_custom_1704289314053{padding-top: 80px !important;}&#8221;]    <div class=\"contact-items\">\n        <div class=\"contact-item\">\n            <div class=\"contact-item__icon\"><img loading=\"lazy\" decoding=\"async\" src=\"https:\/\/viva.ezxdemo.com\/wp-content\/themes\/eijdems-internet-child\/redux-framework\/theme_options\/images\/telephone-icon.png\" width=\"26\" height=\"26\" alt=\"|\" title=\"|\"><\/div>\n            <div class=\"contact-item__content\"><a class=\"text\" href=\"tel:+31(0478)517945\">+31 (0478) 517 945<\/a><\/div>\n        <\/div>\n        <div class=\"contact-item\">\n            <div class=\"contact-item__icon\"><img loading=\"lazy\" decoding=\"async\" src=\"https:\/\/viva.ezxdemo.com\/wp-content\/themes\/eijdems-internet-child\/redux-framework\/theme_options\/images\/envelop-icon.png\" width=\"26\" height=\"26\" alt=\"|\" title=\"|\"><\/div>\n            <div class=\"contact-item__content\"><a class=\"text\" href=\"mailto:info@vivarapro.com\">info@vivarapro.com<\/a><\/div>\n        <\/div>\n        <div class=\"contact-item\">\n            <div class=\"contact-item__icon\"><img loading=\"lazy\" decoding=\"async\" src=\"https:\/\/viva.ezxdemo.com\/wp-content\/themes\/eijdems-internet-child\/redux-framework\/theme_options\/images\/location-icon.png\" width=\"26\" height=\"26\" alt=\"|\" title=\"|\"><\/div>\n            <div class=\"contact-item__content\">\n                <p class=\"text\">Overloonseweg 11c<br>5821 EE Vierlingsbeek<\/p>\n                <div class=\"vc_btn3-container  green-btn vc_btn3-inline\">\n\t\t\t\t\t<a class=\"vc_general vc_btn3 vc_btn3-size-md vc_btn3-shape-rounded vc_btn3-style-modern vc_btn3-icon-right vc_btn3-color-grey\" href=\"https:\/\/maps.app.goo.gl\/qtj8wCFZxLs17X6J6\" title=\"Location\" target=\"_blank\" rel=\"noopener\">Directions <i class=\"vc_btn3-icon fas fa-adjust\"><\/i><\/a><\/div>\n            <\/div>\n        <\/div>\n        <div class=\"contact-item\">\n            <div class=\"contact-item__icon\" style=\"opacity: 0;\"><img loading=\"lazy\" decoding=\"async\" src=\"https:\/\/viva.ezxdemo.com\/wp-content\/themes\/eijdems-internet-child\/redux-framework\/theme_options\/images\/telephone-icon.png\" width=\"26\" height=\"26\" alt=\"|\" title=\"|\"><\/div>\n            <div class=\"contact-item__content\">\n                <p>KvK Nummer: 91960983<\/p>\n                <p>IBAN: NL26 RABO 0379 0753 93<\/p>\n                <p>BTW nummer: NL865 831 841 B01<\/p>\n                <p>BIC code: RABONL2U<\/p>\n            <\/div>\n        <\/div>\n    <\/div>\n    [\/vc_column_text][vc_column_text]Registre du commerce : 91960983<br \/>\nIBAN : NL26 RABO 0379 0753 93<br \/>\nNum\u00e9ro de TVA : NL865 831 841 B01<br \/>\nCode BIC : RABONL2U<\/p>\n<p>Nos heures d&#8217;ouverture sont du lundi au vendredi de 8h30 \u00e0 17h.[\/vc_column_text][\/vc_column_inner][vc_column_inner width=&#8221;1\/2&#8243;][vc_column_text el_class=&#8221;green-para&#8221;]Vous avez une question ou souhaitez obtenir plus d&#8217;informations ?[\/vc_column_text][vc_column_text el_class=&#8221;green-para&#8221; css=&#8221;.vc_custom_1704795869311{padding-bottom: 40px !important;}&#8221;]Remplissez vos coordonn\u00e9es et nous vous contacterons.<\/p>\n<div id=\"gtx-trans\" style=\"position: absolute; left: -509px; top: -10px;\">\n<div class=\"gtx-trans-icon\"><\/div>\n<\/div>\n<p>[\/vc_column_text]\n<div class=\"wpcf7 no-js\" id=\"wpcf7-f10413-o1\" lang=\"fr-FR\" dir=\"ltr\" data-wpcf7-id=\"10413\">\n<div class=\"screen-reader-response\"><p role=\"status\" aria-live=\"polite\" aria-atomic=\"true\"><\/p> <ul><\/ul><\/div>\n<form action=\"\/fr\/wp-json\/wp\/v2\/pages\/10437#wpcf7-f10413-o1\" method=\"post\" class=\"wpcf7-form init\" aria-label=\"Formulaire de contact\" novalidate=\"novalidate\" data-status=\"init\">\n<fieldset class=\"hidden-fields-container\"><input type=\"hidden\" name=\"_wpcf7\" value=\"10413\" \/><input type=\"hidden\" name=\"_wpcf7_version\" value=\"6.1.5\" \/><input type=\"hidden\" name=\"_wpcf7_locale\" value=\"fr_FR\" \/><input type=\"hidden\" name=\"_wpcf7_unit_tag\" value=\"wpcf7-f10413-o1\" \/><input type=\"hidden\" name=\"_wpcf7_container_post\" value=\"0\" \/><input type=\"hidden\" name=\"_wpcf7_posted_data_hash\" value=\"\" \/><input type=\"hidden\" name=\"_wpcf7_recaptcha_response\" value=\"\" \/>\n<\/fieldset>\n<label>  Nom de l'<span>entreprise*<\/span>\n    <span class=\"wpcf7-form-control-wrap\" data-name=\"your-company\"><input size=\"40\" maxlength=\"400\" class=\"wpcf7-form-control wpcf7-text wpcf7-validates-as-required\" aria-required=\"true\" aria-invalid=\"false\" placeholder=\"\" value=\"\" type=\"text\" name=\"your-company\" \/><\/span> <\/label>\n\n<label> <span> Nom*<\/span>\n    <span class=\"wpcf7-form-control-wrap\" data-name=\"your-name\"><input size=\"40\" maxlength=\"400\" class=\"wpcf7-form-control wpcf7-text wpcf7-validates-as-required\" aria-required=\"true\" aria-invalid=\"false\" placeholder=\"\" value=\"\" type=\"text\" name=\"your-name\" \/><\/span> <\/label>\n\n<label> <span> Courriel*<\/span>\n    <span class=\"wpcf7-form-control-wrap\" data-name=\"your-email\"><input size=\"40\" maxlength=\"400\" class=\"wpcf7-form-control wpcf7-email wpcf7-validates-as-required wpcf7-text wpcf7-validates-as-email\" aria-required=\"true\" aria-invalid=\"false\" placeholder=\"\" value=\"\" type=\"email\" name=\"your-email\" \/><\/span> <\/label>\n\n<label>  Num\u00e9ro de t\u00e9l\u00e9phone*\n    <span class=\"wpcf7-form-control-wrap\" data-name=\"your-phone\"><input size=\"40\" maxlength=\"400\" class=\"wpcf7-form-control wpcf7-text wpcf7-validates-as-required\" aria-required=\"true\" aria-invalid=\"false\" placeholder=\"0612345601\" value=\"\" type=\"text\" name=\"your-phone\" \/><\/span> <\/label>\n\n<label>  Questions\/commentaires\n    <span class=\"wpcf7-form-control-wrap\" data-name=\"your-message\"><textarea cols=\"40\" rows=\"10\" maxlength=\"2000\" class=\"wpcf7-form-control wpcf7-textarea\" aria-invalid=\"false\" placeholder=\"Saisissez vos questions ou commentaires ici\" name=\"your-message\"><\/textarea><\/span> <\/label>\n\n<input class=\"wpcf7-form-control wpcf7-submit has-spinner\" type=\"submit\" value=\"Envoyer\" \/><input type='hidden' class='wpcf7-pum' value='{\"closepopup\":false,\"closedelay\":0,\"openpopup\":false,\"openpopup_id\":0}' \/><div class=\"wpcf7-response-output\" aria-hidden=\"true\"><\/div>\n<\/form>\n<\/div>\n[\/vc_column_inner][\/vc_row_inner][\/vc_column][\/vc_row][vc_row css=&#8221;.vc_custom_1756970330763{border-top-width: 80px !important;}&#8221; el_class=&#8221;contact-innerpage&#8221;][vc_column css=&#8221;.vc_custom_1704288963606{padding-top: 40px !important;padding-right: 40px !important;}&#8221;][vc_gmaps link=&#8221;#E-8_JTNDaWZyYW1lJTIwc3JjJTNEJTIyaHR0cHMlM0ElMkYlMkZ3d3cuZ29vZ2xlLmNvbSUyRm1hcHMlMkZlbWJlZCUzRnBiJTNEJTIxMW0xOCUyMTFtMTIlMjExbTMlMjExZDQzOC4yMTU3NjQ3NDIxMjIyJTIxMmQ1Ljk4OTM2ODY4MjM2MDk2NCUyMTNkNTEuNTg3OTc5ODgzNTY2ODQ1JTIxMm0zJTIxMWYwJTIxMmYwJTIxM2YwJTIxM20yJTIxMWkxMDI0JTIxMmk3NjglMjE0ZjEzLjElMjEzbTMlMjExbTIlMjExczB4NDdjNzE0Y2NlNDE2NzRhYiUyNTNBMHhiYzMwNDI4Njk2NzI3MWVhJTIxMnNPdmVybG9vbnNld2VnJTI1MjAxMWMlMjUyQyUyNTIwNTgyMSUyNTIwRUUlMjUyMFZpZXJsaW5nc2JlZWslMjE1ZTAlMjEzbTIlMjExc2VuJTIxMnNubCUyMTR2MTY2OTYyMTEyNzU3OCUyMTVtMiUyMTFzZW4lMjEyc25sJTIyJTIwd2lkdGglM0QlMjI2MDAlMjIlMjBoZWlnaHQlM0QlMjI0NTAlMjIlMjBzdHlsZSUzRCUyMmJvcmRlciUzQTAlM0IlMjIlMjBhbGxvd2Z1bGxzY3JlZW4lM0QlMjIlMjIlMjBsb2FkaW5nJTNEJTIybGF6eSUyMiUyMHJlZmVycmVycG9saWN5JTNEJTIybm8tcmVmZXJyZXItd2hlbi1kb3duZ3JhZGUlMjIlM0UlM0MlMkZpZnJhbWUlM0U=&#8221;][\/vc_column][\/vc_row]<\/p>\n<\/div>","protected":false},"excerpt":{"rendered":"<p>[vc_row el_class=&#8221;contact-innerpage inner-container&#8221; css=&#8221;.vc_custom_1756970185925{border-top-width: 80px !important;}&#8221;][vc_column css=&#8221;.vc_custom_1704288963606{padding-top: 40px !important;padding-right: 40px !important;}&#8221;][vc_row_inner][vc_column_inner width=&#8221;1\/2&#8243;][vc_custom_heading text=&#8221;Vivara Pro&#8221; font_container=&#8221;tag:h1|font_size:30px|text_align:left&#8221; use_theme_fonts=&#8221;yes&#8221;][vc_column_text css=&#8221;.vc_custom_1704289314053{padding-top: 80px !important;}&#8221;][\/vc_column_text][vc_column_text]Registre du commerce : 91960983 IBAN : NL26 RABO 0379 0753 93 Num\u00e9ro de TVA : NL865 831 841 B01 Code BIC : RABONL2U Nos heures d&#8217;ouverture sont du lundi au vendredi de 8h30 \u00e0 17h.[\/vc_column_text][\/vc_column_inner][vc_column_inner width=&#8221;1\/2&#8243;][vc_column_text [&hellip;]<\/p>\n","protected":false},"author":41,"featured_media":0,"parent":0,"menu_order":0,"comment_status":"closed","ping_status":"closed","template":"","meta":{"_acf_changed":false,"_relevanssi_hide_post":"","_relevanssi_hide_content":"","_relevanssi_pin_for_all":"","_relevanssi_pin_keywords":"","_relevanssi_unpin_keywords":"","_relevanssi_related_keywords":"","_relevanssi_related_include_ids":"","_relevanssi_related_exclude_ids":"","_relevanssi_related_no_append":"","_relevanssi_related_not_related":"","_relevanssi_related_posts":"","_relevanssi_noindex_reason":"","footnotes":""},"class_list":["post-10437","page","type-page","status-publish","hentry"],"acf":[],"_links":{"self":[{"href":"https:\/\/viva.ezxdemo.com\/fr\/wp-json\/wp\/v2\/pages\/10437","targetHints":{"allow":["GET"]}}],"collection":[{"href":"https:\/\/viva.ezxdemo.com\/fr\/wp-json\/wp\/v2\/pages"}],"about":[{"href":"https:\/\/viva.ezxdemo.com\/fr\/wp-json\/wp\/v2\/types\/page"}],"author":[{"embeddable":true,"href":"https:\/\/viva.ezxdemo.com\/fr\/wp-json\/wp\/v2\/users\/41"}],"replies":[{"embeddable":true,"href":"https:\/\/viva.ezxdemo.com\/fr\/wp-json\/wp\/v2\/comments?post=10437"}],"version-history":[{"count":0,"href":"https:\/\/viva.ezxdemo.com\/fr\/wp-json\/wp\/v2\/pages\/10437\/revisions"}],"wp:attachment":[{"href":"https:\/\/viva.ezxdemo.com\/fr\/wp-json\/wp\/v2\/media?parent=10437"}],"curies":[{"name":"wp","href":"https:\/\/api.w.org\/{rel}","templated":true}]}}