{"id":10445,"date":"2024-01-17T13:38:04","date_gmt":"2024-01-17T12:38:04","guid":{"rendered":"https:\/\/vivarapro.nl\/partenaires\/"},"modified":"2026-01-11T12:22:59","modified_gmt":"2026-01-11T11:22:59","slug":"partenaires","status":"publish","type":"page","link":"https:\/\/viva.ezxdemo.com\/fr\/partenaires\/","title":{"rendered":"Partenaires"},"content":{"rendered":"<div class=\"wpb-content-wrapper\"><p>[vc_row full_width=&#8221;stretch_row_content&#8221; el_class=&#8221;shop-banner&#8221;][vc_column width=&#8221;1\/4&#8243;][\/vc_column][vc_column width=&#8221;3\/4&#8243;][vc_custom_heading text=&#8221;NOS PARTENAIRES VERTS&#8221; font_container=&#8221;tag:h1|font_size:34px|text_align:left&#8221; use_theme_fonts=&#8221;yes&#8221;][vc_column_text]Vivara Pro collabore avec des organisations de protection de la nature. De diff\u00e9rentes mani\u00e8res, il contribue ainsi \u00e0 l&#8217;am\u00e9lioration de l&#8217;environnement des plantes et des animaux. Les produits sont d\u00e9velopp\u00e9s en collaboration avec nos Partenaires verts ou approuv\u00e9s par eux. Nous soutenons \u00e9galement financi\u00e8rement nos Partenaires verts en leur reversant une partie de nos recettes.<\/p>\n<p>Vivara Pro collabore avec Bird Protection Netherlands and Flanders, Mammal Society, Natuurpunt, Natuurmonumenten, Stichting Eekhoornopvang Nederland, Stichting Egelbescherming Nederland, De Vlinderstichting, RAVON et IVN, entre autres.[\/vc_column_text][\/vc_column][\/vc_row][vc_row el_class=&#8221;inner-container&#8221;][vc_column][vc_row_inner][vc_column_inner width=&#8221;1\/4&#8243;][vc_single_image image=&#8221;10455&#8243; img_size=&#8221;full&#8221; alignment=&#8221;center&#8221;][\/vc_column_inner][vc_column_inner width=&#8221;3\/4&#8243;][vc_custom_heading text=&#8221;Protection des oiseaux Pays-Bas&#8221; font_container=&#8221;tag:h2|font_size:24px|text_align:left&#8221; use_theme_fonts=&#8221;yes&#8221;][vc_column_text]Vivara Pro et Vogelbescherming Nederland travaillent en \u00e9troite collaboration pour am\u00e9liorer les conditions de vie des oiseaux dans notre environnement imm\u00e9diat. De nombreux articles Vivara Pro portent le logo de Vogelbescherming Nederland.[\/vc_column_text][vc_btn title=&#8221;En savoir plus&#8221; i_align=&#8221;right&#8221; add_icon=&#8221;true&#8221; link=&#8221;url:https%3A%2F%2Fwww.vogelbescherming.nl%2F|&#8221; el_class=&#8221;green-btn&#8221;][\/vc_column_inner][\/vc_row_inner][\/vc_column][\/vc_row][vc_row css=&#8221;.vc_custom_1756970414256{padding-top: 30px !important;padding-bottom: 30px !important;background-color: #e2ebf2 !important;}&#8221; el_class=&#8221;inner-container&#8221;][vc_column][vc_row_inner][vc_column_inner width=&#8221;1\/4&#8243;][vc_single_image image=&#8221;10447&#8243; img_size=&#8221;full&#8221; alignment=&#8221;center&#8221;][\/vc_column_inner][vc_column_inner width=&#8221;3\/4&#8243;][vc_custom_heading text=&#8221;Soci\u00e9t\u00e9 des mammif\u00e8res&#8221; font_container=&#8221;tag:h2|font_size:24px|text_align:left&#8221; use_theme_fonts=&#8221;yes&#8221;][vc_column_text]La Mammal Society se consacre \u00e0 la recherche et \u00e0 la protection des mammif\u00e8res sauvages indig\u00e8nes et de leurs habitats aux Pays-Bas. Outre les nombreux b\u00e9n\u00e9voles et groupes de travail actifs au sein de la Mammalian Society, il existe un bureau professionnel \u00e0 Nijmegen.[\/vc_column_text][vc_btn title=&#8221;En savoir plus&#8221; i_align=&#8221;right&#8221; add_icon=&#8221;true&#8221; link=&#8221;url:https%3A%2F%2Fwww.zoogdiervereniging.nl%2F|&#8221; el_class=&#8221;green-btn&#8221;][\/vc_column_inner][\/vc_row_inner][\/vc_column][\/vc_row][vc_row el_class=&#8221;inner-container&#8221;][vc_column][vc_row_inner][vc_column_inner width=&#8221;1\/4&#8243;][vc_single_image image=&#8221;10454&#8243; img_size=&#8221;full&#8221; alignment=&#8221;center&#8221;][\/vc_column_inner][vc_column_inner width=&#8221;3\/4&#8243;][vc_custom_heading text=&#8221;Monuments naturels&#8221; font_container=&#8221;tag:h2|font_size:24px|text_align:left&#8221; use_theme_fonts=&#8221;yes&#8221;][vc_column_text]Natuurmonumenten est une association qui compte plus de 719 000 membres, avec un objectif commun : la protection de la nature aux Pays-Bas. Chaque ann\u00e9e, Vivara Pro verse un montant fixe \u00e0 Natuurmonumenten pour que les Pays-Bas restent ouverts et verts et que nous puissions continuer \u00e0 profiter de la nature.[\/vc_column_text][vc_btn title=&#8221;En savoir plus&#8221; i_align=&#8221;right&#8221; add_icon=&#8221;true&#8221; link=&#8221;url:https%3A%2F%2Fwww.natuurmonumenten.nl%2F|&#8221; el_class=&#8221;green-btn&#8221;][\/vc_column_inner][\/vc_row_inner][\/vc_column][\/vc_row][vc_row css=&#8221;.vc_custom_1756970589894{padding-top: 30px !important;padding-bottom: 30px !important;background-color: #e2ebf2 !important;}&#8221; el_class=&#8221;inner-container&#8221;][vc_column][vc_row_inner][vc_column_inner width=&#8221;1\/4&#8243;][vc_single_image image=&#8221;10452&#8243; img_size=&#8221;full&#8221; alignment=&#8221;center&#8221;][\/vc_column_inner][vc_column_inner width=&#8221;3\/4&#8243;][vc_custom_heading text=&#8221;La Fondation Butterfly&#8221; font_container=&#8221;tag:h2|font_size:24px|text_align:left&#8221; use_theme_fonts=&#8221;yes&#8221;][vc_column_text]Depuis 1983, la Butterfly Foundation \u0153uvre \u00e0 la protection des papillons et des libellules et de leurs habitats aux Pays-Bas et en Europe. La Butterfly Foundation fournit des conseils en mati\u00e8re de politique et de gestion afin d&#8217;am\u00e9liorer les conditions de vie des papillons et des libellules.[\/vc_column_text][vc_btn title=&#8221;En savoir plus&#8221; i_align=&#8221;right&#8221; add_icon=&#8221;true&#8221; link=&#8221;url:https%3A%2F%2Fwww.vlinderstichting.nl%2F|&#8221; el_class=&#8221;green-btn&#8221;][\/vc_column_inner][\/vc_row_inner][\/vc_column][\/vc_row][vc_row el_class=&#8221;inner-container&#8221;][vc_column][vc_row_inner][vc_column_inner width=&#8221;1\/4&#8243;][vc_single_image image=&#8221;10448&#8243; img_size=&#8221;full&#8221; alignment=&#8221;center&#8221;][\/vc_column_inner][vc_column_inner width=&#8221;3\/4&#8243;][vc_custom_heading text=&#8221;Fondation n\u00e9erlandaise pour un abri pour les \u00e9cureuils&#8221; font_container=&#8221;tag:h2|font_size:24px|text_align:left&#8221; use_theme_fonts=&#8221;yes&#8221;][vc_column_text]L&#8217;\u00e9cureuil lutte depuis des d\u00e9cennies. Squirrel Shelter Netherlands apporte donc une contribution importante \u00e0 l&#8217;aide apport\u00e9e \u00e0 cet animal sp\u00e9cial. Pour ce faire, ils accueillent des \u00e9cureuils rouges indig\u00e8nes dans le besoin.[\/vc_column_text][vc_btn title=&#8221;En savoir plus&#8221; i_align=&#8221;right&#8221; add_icon=&#8221;true&#8221; link=&#8221;url:https%3A%2F%2Fwww.eekhoornopvang.nl%2F|&#8221; el_class=&#8221;green-btn&#8221;][\/vc_column_inner][\/vc_row_inner][\/vc_column][\/vc_row][vc_row css=&#8221;.vc_custom_1756970652254{padding-top: 30px !important;padding-bottom: 30px !important;background-color: #e2ebf2 !important;}&#8221; el_class=&#8221;inner-container&#8221;][vc_column][vc_row_inner][vc_column_inner width=&#8221;1\/4&#8243;][vc_single_image image=&#8221;10453&#8243; img_size=&#8221;full&#8221; alignment=&#8221;center&#8221;][\/vc_column_inner][vc_column_inner width=&#8221;3\/4&#8243;][vc_custom_heading text=&#8221;Protection des oiseaux en Flandre&#8221; font_container=&#8221;tag:h2|font_size:24px|text_align:left&#8221; use_theme_fonts=&#8221;yes&#8221;][vc_column_text]Vogelbescherming Vlaanderen vzw s&#8217;engage pour tous les oiseaux sauvages et les mammif\u00e8res indig\u00e8nes. Les oiseaux, en particulier, indiquent l&#8217;\u00e9tat de la nature et de l&#8217;environnement comme aucun autre groupe d&#8217;animaux. Si une esp\u00e8ce d&#8217;oiseau se porte mal, c&#8217;est le signe que quelque chose ne va pas dans son habitat.[\/vc_column_text][vc_btn title=&#8221;En savoir plus&#8221; i_align=&#8221;right&#8221; add_icon=&#8221;true&#8221; link=&#8221;url:https%3A%2F%2Fwww.vogelbescherming.be%2F|&#8221; el_class=&#8221;green-btn&#8221;][\/vc_column_inner][\/vc_row_inner][\/vc_column][\/vc_row][vc_row el_class=&#8221;inner-container&#8221;][vc_column][vc_row_inner][vc_column_inner width=&#8221;1\/4&#8243;][vc_single_image image=&#8221;10451&#8243; img_size=&#8221;full&#8221; alignment=&#8221;center&#8221;][\/vc_column_inner][vc_column_inner width=&#8221;3\/4&#8243;][vc_custom_heading text=&#8221;Natuurpunt&#8221; font_container=&#8221;tag:h2|font_size:24px|text_align:left&#8221; use_theme_fonts=&#8221;yes&#8221;][vc_column_text]Natuurpunt est une organisation ind\u00e9pendante qui prot\u00e8ge les plantes, les animaux et leur environnement naturel en Flandre depuis plus de 50 ans. 118 000 membres, 6 000 b\u00e9n\u00e9voles et 480 professionnels travaillent chaque jour \u00e0 la protection des plantes, des animaux, des biotopes et des paysages menac\u00e9s.[\/vc_column_text][vc_btn title=&#8221;En savoir plus&#8221; i_align=&#8221;right&#8221; add_icon=&#8221;true&#8221; link=&#8221;url:https%3A%2F%2Fwww.natuurpunt.be%2F|&#8221; el_class=&#8221;green-btn&#8221;][\/vc_column_inner][\/vc_row_inner][\/vc_column][\/vc_row][vc_row css=&#8221;.vc_custom_1756970709259{padding-top: 30px !important;padding-bottom: 30px !important;background-color: #e2ebf2 !important;}&#8221; el_class=&#8221;inner-container&#8221;][vc_column][vc_row_inner][vc_column_inner width=&#8221;1\/4&#8243;][vc_single_image image=&#8221;10450&#8243; img_size=&#8221;full&#8221; alignment=&#8221;center&#8221;][\/vc_column_inner][vc_column_inner width=&#8221;3\/4&#8243;][vc_custom_heading text=&#8221;Naturschutzbund Deutschland e.V.&#8221; font_container=&#8221;tag:h2|font_size:24px|text_align:left&#8221; use_theme_fonts=&#8221;yes&#8221;][vc_column_text]La NABU est la plus ancienne et, avec plus de 900 000 membres et sympathisants (en janvier 2023), la plus grande association environnementale d&#8217;Allemagne. L&#8217;actuelle NABU a \u00e9t\u00e9 fond\u00e9e en 1899 par Lina H\u00e4hnle sous le nom de &#8220;Bund f\u00fcr Vogelschutz&#8221;.[\/vc_column_text][vc_btn title=&#8221;En savoir plus&#8221; i_align=&#8221;right&#8221; add_icon=&#8221;true&#8221; link=&#8221;url:https%3A%2F%2Fwww.nabu.de%2F|&#8221; el_class=&#8221;green-btn&#8221;][\/vc_column_inner][\/vc_row_inner][\/vc_column][\/vc_row][vc_row el_class=&#8221;inner-container&#8221;][vc_column][vc_row_inner][vc_column_inner width=&#8221;1\/4&#8243;][vc_single_image image=&#8221;10449&#8243; img_size=&#8221;full&#8221; alignment=&#8221;center&#8221;][\/vc_column_inner][vc_column_inner width=&#8221;3\/4&#8243;][vc_custom_heading text=&#8221;Landesbund f\u00fcr Vogelschutz in Bayern e.V. (Groupement r\u00e9gional pour la protection des animaux en Bavi\u00e8re)&#8221; font_container=&#8221;tag:h2|font_size:24px|text_align:left&#8221; use_theme_fonts=&#8221;yes&#8221;][vc_column_text]Le LBV (Landesbund f\u00fcr Vogel- und Naturschutz) est la plus ancienne organisation de protection de la nature de Bavi\u00e8re. Ensemble, nous d\u00e9couvrons et prot\u00e9geons les types d&#8217;esp\u00e8ces et d&#8217;habitats.[\/vc_column_text][vc_btn title=&#8221;En savoir plus&#8221; i_align=&#8221;right&#8221; add_icon=&#8221;true&#8221; link=&#8221;url:https%3A%2F%2Fwww.lbv.de%2F|&#8221; el_class=&#8221;green-btn&#8221;][\/vc_column_inner][\/vc_row_inner][\/vc_column][\/vc_row]<\/p>\n<\/div>","protected":false},"excerpt":{"rendered":"<p>[vc_row full_width=&#8221;stretch_row_content&#8221; el_class=&#8221;shop-banner&#8221;][vc_column width=&#8221;1\/4&#8243;][\/vc_column][vc_column width=&#8221;3\/4&#8243;][vc_custom_heading text=&#8221;NOS PARTENAIRES VERTS&#8221; font_container=&#8221;tag:h1|font_size:34px|text_align:left&#8221; use_theme_fonts=&#8221;yes&#8221;][vc_column_text]Vivara Pro collabore avec des organisations de protection de la nature. De diff\u00e9rentes mani\u00e8res, il contribue ainsi \u00e0 l&#8217;am\u00e9lioration de l&#8217;environnement des plantes et des animaux. Les produits sont d\u00e9velopp\u00e9s en collaboration avec nos Partenaires verts ou approuv\u00e9s par eux. Nous soutenons \u00e9galement financi\u00e8rement nos Partenaires [&hellip;]<\/p>\n","protected":false},"author":2,"featured_media":0,"parent":0,"menu_order":0,"comment_status":"closed","ping_status":"closed","template":"","meta":{"_acf_changed":false,"_relevanssi_hide_post":"","_relevanssi_hide_content":"","_relevanssi_pin_for_all":"","_relevanssi_pin_keywords":"","_relevanssi_unpin_keywords":"","_relevanssi_related_keywords":"","_relevanssi_related_include_ids":"","_relevanssi_related_exclude_ids":"","_relevanssi_related_no_append":"","_relevanssi_related_not_related":"","_relevanssi_related_posts":"","_relevanssi_noindex_reason":"","footnotes":""},"class_list":["post-10445","page","type-page","status-publish","hentry"],"acf":[],"_links":{"self":[{"href":"https:\/\/viva.ezxdemo.com\/fr\/wp-json\/wp\/v2\/pages\/10445","targetHints":{"allow":["GET"]}}],"collection":[{"href":"https:\/\/viva.ezxdemo.com\/fr\/wp-json\/wp\/v2\/pages"}],"about":[{"href":"https:\/\/viva.ezxdemo.com\/fr\/wp-json\/wp\/v2\/types\/page"}],"author":[{"embeddable":true,"href":"https:\/\/viva.ezxdemo.com\/fr\/wp-json\/wp\/v2\/users\/2"}],"replies":[{"embeddable":true,"href":"https:\/\/viva.ezxdemo.com\/fr\/wp-json\/wp\/v2\/comments?post=10445"}],"version-history":[{"count":1,"href":"https:\/\/viva.ezxdemo.com\/fr\/wp-json\/wp\/v2\/pages\/10445\/revisions"}],"predecessor-version":[{"id":27190,"href":"https:\/\/viva.ezxdemo.com\/fr\/wp-json\/wp\/v2\/pages\/10445\/revisions\/27190"}],"wp:attachment":[{"href":"https:\/\/viva.ezxdemo.com\/fr\/wp-json\/wp\/v2\/media?parent=10445"}],"curies":[{"name":"wp","href":"https:\/\/api.w.org\/{rel}","templated":true}]}}