{"id":10460,"date":"2024-01-03T09:08:29","date_gmt":"2024-01-03T08:08:29","guid":{"rendered":"https:\/\/vivarapro.nl\/a-propos-de-nous\/"},"modified":"2026-01-22T12:26:24","modified_gmt":"2026-01-22T11:26:24","slug":"a-propos-de-nous","status":"publish","type":"page","link":"https:\/\/viva.ezxdemo.com\/fr\/a-propos-de-nous\/","title":{"rendered":"A propos de nous"},"content":{"rendered":"<div class=\"wpb-content-wrapper\"><p>[vc_row el_class=&#8221;inner-container&#8221;][vc_column][vc_row_inner][vc_column_inner width=&#8221;1\/2&#8243;][vc_single_image image=&#8221;10467&#8243; img_size=&#8221;full&#8221;][\/vc_column_inner][vc_column_inner width=&#8221;1\/2&#8243;][vc_custom_heading text=&#8221;Introduction&#8221; font_container=&#8221;tag:h1|font_size:34px|text_align:left|color:%232a2a2a&#8221; use_theme_fonts=&#8221;yes&#8221;][vc_column_text]Vivara Pro est l&#8217;expert europ\u00e9en en mati\u00e8re de projets et de <a href=\"https:\/\/viva.ezxdemo.com\/producten\/\">produits<\/a> ax\u00e9s sur l&#8217;att\u00e9nuation, la promotion de la biodiversit\u00e9, la compensation de la flore et de la faune et la durabilit\u00e9. Gr\u00e2ce \u00e0 nos propres sites de production, nos champs d&#8217;usines et notre \u00e9quipe d&#8217;installation, nous sommes flexibles et capables de r\u00e9aliser des projets complets.<\/p>\n<p>Nos produits sont le r\u00e9sultat de collaborations uniques et \u00e0 long terme avec les principales organisations de protection de la nature, telles que Bird Conservancy et Mammalian Society. Cette coop\u00e9ration ne s&#8217;\u00e9tend pas seulement aux Pays-Bas ; nous entretenons par exemple des liens \u00e9troits avec Nabu en Allemagne. Cette approche signifie que nous pouvons toujours compter sur l&#8217;expertise d&#8217;\u00e9cologistes, de consultants et de sp\u00e9cialistes exp\u00e9riment\u00e9s.<\/p>\n<p>Avec plus de 25 ans d&#8217;exp\u00e9rience, nos produits sont r\u00e9guli\u00e8rement test\u00e9s dans la pratique, ce qui permet d&#8217;acqu\u00e9rir de nouvelles connaissances et d&#8217;apporter des am\u00e9liorations continues. Nos produits r\u00e9pondent aux normes les plus strictes et sont produits de mani\u00e8re durable avec la certification FSC\u00ae comme garantie.[\/vc_column_text][\/vc_column_inner][\/vc_row_inner][\/vc_column][\/vc_row][vc_row css=&#8221;.vc_custom_1756969876610{padding-top: 30px !important;padding-bottom: 30px !important;background-color: #e2ebf2 !important;}&#8221; el_class=&#8221;inner-container&#8221;][vc_column][vc_row_inner][vc_column_inner width=&#8221;1\/2&#8243;][vc_custom_heading text=&#8221;Comment cela a commenc\u00e9&#8221; font_container=&#8221;tag:h2|font_size:24px|text_align:left&#8221; use_theme_fonts=&#8221;yes&#8221;][vc_column_text]Vivara Pro trouve son origine dans les produits de conservation destin\u00e9s \u00e0 \u00eatre utilis\u00e9s dans le jardin domestique. Sous le nom de Vivara, nous avons d\u00e9velopp\u00e9 des produits tels que des aliments pour oiseaux de qualit\u00e9 sup\u00e9rieure, des syst\u00e8mes d&#8217;alimentation, des Nichoirs, des plantations respectueuses de la nature, des livres et des produits \u00e9ducatifs. Vivara a \u00e9t\u00e9 cr\u00e9\u00e9e en 1994 et emploie environ 300 personnes.<\/p>\n<p>L&#8217;unit\u00e9 commerciale Vivara Pro a \u00e9t\u00e9 lanc\u00e9e en septembre 2014. Vivara Pro a \u00e9t\u00e9 cr\u00e9\u00e9 en raison de la forte demande de produits destin\u00e9s aux organisations professionnelles pour la construction en respectant la NATURE et l&#8217;augmentation de la biodiversit\u00e9.[\/vc_column_text][vc_custom_heading text=&#8221;Ce qui nous rend uniques&#8221; font_container=&#8221;tag:h2|font_size:24px|text_align:left&#8221; use_theme_fonts=&#8221;yes&#8221;][vc_column_text]<\/p>\n<ul>\n<li>Produits d\u00e9velopp\u00e9s en collaboration avec des organisations de protection de la nature<\/li>\n<li>Des \u00e9cologistes et des consultants exp\u00e9riment\u00e9s<\/li>\n<li>Des usines europ\u00e9ennes en propre<\/li>\n<li>Production durable\/certifi\u00e9e FSC\u00ae<\/li>\n<li>Achever la mise en \u0153uvre du projet<\/li>\n<\/ul>\n<p>[\/vc_column_text][vc_btn title=&#8221;Cliquez ici pour d\u00e9couvrir notre solution globale&#8221; i_align=&#8221;right&#8221; add_icon=&#8221;true&#8221; link=&#8221;url:https%3A%2F%2Fvivarapro.nl%2Ftotaaloplossing%2F|title:Mat%C3%A9riau|&#8221; el_class=&#8221;green-btn&#8221;][\/vc_column_inner][vc_column_inner width=&#8221;1\/2&#8243;][vc_single_image image=&#8221;10468&#8243; img_size=&#8221;full&#8221; alignment=&#8221;right&#8221;][\/vc_column_inner][\/vc_row_inner][\/vc_column][\/vc_row][vc_row css=&#8221;.vc_custom_1756970029133{padding-top: 30px !important;padding-bottom: 30px !important;}&#8221; el_class=&#8221;inner-container&#8221;][vc_column][vc_row_inner][vc_column_inner width=&#8221;1\/2&#8243;][vc_single_image image=&#8221;25307&#8243; img_size=&#8221;full&#8221;][\/vc_column_inner][vc_column_inner width=&#8221;1\/2&#8243;][vc_custom_heading text=&#8221;Ce que nous pouvons faire pour vous&#8221; font_container=&#8221;tag:h2|font_size:24px|text_align:left&#8221; use_theme_fonts=&#8221;yes&#8221;][vc_column_text]Chaque projet commence par une recherche visant \u00e0 identifier ce qui est n\u00e9cessaire pour se conformer \u00e0 la loi sur la protection de la nature. Nous proc\u00e9dons \u00e0 un <a href=\"\/?page_id=1875\">examen rapide<\/a> ou \u00e0 une <a href=\"\/?page_id=1875\">\u00e9tude \u00e9cologique<\/a> compl\u00e8te.<\/p>\n<p>Nous avons \u00e9galement d\u00e9velopp\u00e9 et produit un certain nombre de produits et d&#8217;installations au cours des derni\u00e8res ann\u00e9es. Nous le faisons toujours en collaboration avec des experts tels que des organisations de protection de la nature et des \u00e9cologistes. Et comme nous l&#8217;avons mentionn\u00e9, nous prenons en compte les lignes directrices de Bij12 pour ce faire. En outre, nous n&#8217;utilisons que du bois FSC\u00ae pour la production. Tous les produits peuvent \u00eatre int\u00e9gr\u00e9s \u00e0 la fa\u00e7ade lors de la construction ou de la r\u00e9novation et peuvent \u00eatre utilis\u00e9s pour d\u00e9placer et conserver les animaux.<\/p>\n<p>Pour les esp\u00e8ces telles que les martinets, les moineaux domestiques, diverses esp\u00e8ces de chauves-souris mais aussi les abeilles solitaires, il existe ce que l&#8217;on appelle des pierres nichoirs. S&#8217;il n&#8217;y a pas de possibilit\u00e9 d&#8217;installation, des installations peuvent tout de m\u00eame \u00eatre mises en place. Pensez \u00e0 l&#8217;H\u00f4tel ou aux Nichoirs sur poteau.[\/vc_column_text][vc_btn title=&#8221;Aller aux produits&#8221; i_align=&#8221;right&#8221; add_icon=&#8221;true&#8221; link=&#8221;url:https%3A%2F%2Fvivarapro.nl%2Fproducten%2F|title:Produits|&#8221; el_class=&#8221;green-btn&#8221;][\/vc_column_inner][\/vc_row_inner][\/vc_column][\/vc_row]<\/p>\n<\/div>","protected":false},"excerpt":{"rendered":"<p>[vc_row el_class=&#8221;inner-container&#8221;][vc_column][vc_row_inner][vc_column_inner width=&#8221;1\/2&#8243;][vc_single_image image=&#8221;10467&#8243; img_size=&#8221;full&#8221;][\/vc_column_inner][vc_column_inner width=&#8221;1\/2&#8243;][vc_custom_heading text=&#8221;Introduction&#8221; font_container=&#8221;tag:h1|font_size:34px|text_align:left|color:%232a2a2a&#8221; use_theme_fonts=&#8221;yes&#8221;][vc_column_text]Vivara Pro est l&#8217;expert europ\u00e9en en mati\u00e8re de projets et de produits ax\u00e9s sur l&#8217;att\u00e9nuation, la promotion de la biodiversit\u00e9, la compensation de la flore et de la faune et la durabilit\u00e9. Gr\u00e2ce \u00e0 nos propres sites de production, nos champs d&#8217;usines et notre \u00e9quipe d&#8217;installation, nous [&hellip;]<\/p>\n","protected":false},"author":5,"featured_media":0,"parent":0,"menu_order":0,"comment_status":"closed","ping_status":"closed","template":"","meta":{"_acf_changed":false,"_relevanssi_hide_post":"","_relevanssi_hide_content":"","_relevanssi_pin_for_all":"","_relevanssi_pin_keywords":"","_relevanssi_unpin_keywords":"","_relevanssi_related_keywords":"","_relevanssi_related_include_ids":"","_relevanssi_related_exclude_ids":"","_relevanssi_related_no_append":"","_relevanssi_related_not_related":"","_relevanssi_related_posts":"","_relevanssi_noindex_reason":"","footnotes":""},"class_list":["post-10460","page","type-page","status-publish","hentry"],"acf":[],"_links":{"self":[{"href":"https:\/\/viva.ezxdemo.com\/fr\/wp-json\/wp\/v2\/pages\/10460","targetHints":{"allow":["GET"]}}],"collection":[{"href":"https:\/\/viva.ezxdemo.com\/fr\/wp-json\/wp\/v2\/pages"}],"about":[{"href":"https:\/\/viva.ezxdemo.com\/fr\/wp-json\/wp\/v2\/types\/page"}],"author":[{"embeddable":true,"href":"https:\/\/viva.ezxdemo.com\/fr\/wp-json\/wp\/v2\/users\/5"}],"replies":[{"embeddable":true,"href":"https:\/\/viva.ezxdemo.com\/fr\/wp-json\/wp\/v2\/comments?post=10460"}],"version-history":[{"count":1,"href":"https:\/\/viva.ezxdemo.com\/fr\/wp-json\/wp\/v2\/pages\/10460\/revisions"}],"predecessor-version":[{"id":28323,"href":"https:\/\/viva.ezxdemo.com\/fr\/wp-json\/wp\/v2\/pages\/10460\/revisions\/28323"}],"wp:attachment":[{"href":"https:\/\/viva.ezxdemo.com\/fr\/wp-json\/wp\/v2\/media?parent=10460"}],"curies":[{"name":"wp","href":"https:\/\/api.w.org\/{rel}","templated":true}]}}