{"id":10461,"date":"2023-11-14T09:57:11","date_gmt":"2023-11-14T08:57:11","guid":{"rendered":"https:\/\/vivarapro.nl\/politique-de-confidentialite\/"},"modified":"2025-09-04T09:28:17","modified_gmt":"2025-09-04T07:28:17","slug":"politique-de-confidentialite","status":"publish","type":"page","link":"https:\/\/viva.ezxdemo.com\/fr\/politique-de-confidentialite\/","title":{"rendered":"Politique de confidentialit\u00e9"},"content":{"rendered":"<div class=\"wpb-content-wrapper\"><p>[vc_row el_class=&#8221;inner-container&#8221;][vc_column][vc_row_inner][vc_column_inner][vc_custom_heading text=&#8221;Politique de confidentialit\u00e9&#8221; font_container=&#8221;tag:h1|text_align:left&#8221; use_theme_fonts=&#8221;yes&#8221; css=&#8221;.vc_custom_1704987161263{margin-left: 35px !important;}&#8221;][vc_empty_space][vc_column_text css=&#8221;.vc_custom_1704987103784{margin-right: 35px !important;margin-left: 35px !important;}&#8221;]Vivara Pro respecte la vie priv\u00e9e de tous les utilisateurs de son site et veille \u00e0 ce que les informations personnelles que vous nous fournissez restent confidentielles. Nous utilisons vos donn\u00e9es pour rendre les demandes aussi rapides et faciles que possible. Vivara Pro ne vendra pas vos donn\u00e9es personnelles \u00e0 des tiers.<\/p>\n<p>Vivara Pro,<br \/>\nOverloonseweg 11c<br \/>\n5821 EE Vierlingsbeek<\/p>\n<p>Registre du commerce : 91960983<br \/>\nIBAN : NL26 RABO 0379 0753 93<br \/>\nNum\u00e9ro de TVA : NL865 831 841 B01<br \/>\nCode BIC : RABONL2U<\/p>\n<p>Vos donn\u00e9es nous permettent de vous fournir le meilleur service possible Si vous demandez un devis ou passez une commande, nous avons besoin de votre nom de soci\u00e9t\u00e9, de votre nom, de votre adresse de livraison, de votre num\u00e9ro de t\u00e9l\u00e9phone et de votre adresse \u00e9lectronique pour ex\u00e9cuter votre demande ou votre commande et vous tenir inform\u00e9 de son \u00e9volution. Lorsque vous cr\u00e9ez un compte avec Vivara Pro, nous stockons vos donn\u00e9es. Dans votre compte, nous stockons des informations telles que le nom de votre entreprise, votre nom et votre adresse, votre num\u00e9ro de t\u00e9l\u00e9phone, votre adresse \u00e9lectronique et votre adresse de livraison, afin que vous n&#8217;ayez pas \u00e0 les remplir \u00e0 chaque fois. Les informations ne sont utilis\u00e9es qu&#8217;en interne et ne sont pas transmises \u00e0 d&#8217;autres organisations \u00e0 des fins commerciales. Vivara Pro ne vous contactera par t\u00e9l\u00e9phone que si cela est n\u00e9cessaire pour vous informer des demandes ou des commandes que vous avez pass\u00e9es.<\/p>\n<h4>Vous pouvez modifier vos donn\u00e9es \u00e0 tout moment<\/h4>\n<p>Une fois connect\u00e9, vous pouvez v\u00e9rifier, modifier ou supprimer toutes les donn\u00e9es que vous avez vous-m\u00eame introduites. Si vous souhaitez annuler une demande ou une commande, veuillez contacter Vivara Pro par t\u00e9l\u00e9phone (0478-517945). Pour toute question concernant votre enregistrement dans notre syst\u00e8me interne, veuillez nous contacter par t\u00e9l\u00e9phone, par voie \u00e9lectronique<a href=\"mailto:info@vivarapro.com\">(info@vivarapro.com)<\/a> ou par \u00e9crit (P.O. Box 5068, 5800 WB Venray). Vos donn\u00e9es personnelles sont en s\u00e9curit\u00e9 avec Vivara Pro.<\/p>\n<p>Nous appr\u00e9cions la confiance que vous nous accordez et nous traiterons donc vos donn\u00e9es avec le plus grand soin. Vivara Pro ne vendra pas vos informations \u00e0 des tiers et ne les mettra \u00e0 la disposition que des personnes impliqu\u00e9es dans l&#8217;ex\u00e9cution de votre demande ou commande. Nous avons mis en place les mesures de s\u00e9curit\u00e9 n\u00e9cessaires pour \u00e9viter la perte, l&#8217;utilisation non autoris\u00e9e ou l&#8217;alt\u00e9ration des informations que nous recevons sur notre site.<\/p>\n<h4>Ce site web utilise des cookies.<\/h4>\n<p>Nous utilisons des cookies, par exemple, pour m\u00e9moriser ce que vous avez mis dans votre panier, pour effectuer des analyses statistiques et pour faire de la publicit\u00e9. Choisissez parmi les deux options ci-dessous, sinon des cookies peuvent \u00eatre install\u00e9s. Vous pouvez modifier vos cookies \u00e0 tout moment dans le menu des param\u00e8tres.<\/p>\n<p>Les cookies sont de petits fichiers texte qui peuvent \u00eatre utilis\u00e9s par les sites web pour rendre l&#8217;exp\u00e9rience de l&#8217;utilisateur plus efficace. La loi nous autorise \u00e0 stocker des cookies sur votre appareil s&#8217;ils sont strictement n\u00e9cessaires \u00e0 l&#8217;utilisation du site. Pour tous les autres types de cookies, nous avons besoin de votre consentement. Ce site web utilise diff\u00e9rents types de cookies. Certains cookies sont install\u00e9s par des services tiers affich\u00e9s sur nos pages. La d\u00e9claration relative aux cookies figurant sur notre site web vous permet de modifier ou de retirer votre consentement \u00e0 tout moment.[\/vc_column_text][\/vc_column_inner][\/vc_row_inner][\/vc_column][\/vc_row]<\/p>\n<\/div>","protected":false},"excerpt":{"rendered":"<p>[vc_row el_class=&#8221;inner-container&#8221;][vc_column][vc_row_inner][vc_column_inner][vc_custom_heading text=&#8221;Politique de confidentialit\u00e9&#8221; font_container=&#8221;tag:h1|text_align:left&#8221; use_theme_fonts=&#8221;yes&#8221; css=&#8221;.vc_custom_1704987161263{margin-left: 35px !important;}&#8221;][vc_empty_space][vc_column_text css=&#8221;.vc_custom_1704987103784{margin-right: 35px !important;margin-left: 35px !important;}&#8221;]Vivara Pro respecte la vie priv\u00e9e de tous les utilisateurs de son site et veille \u00e0 ce que les informations personnelles que vous nous fournissez restent confidentielles. Nous utilisons vos donn\u00e9es pour rendre les demandes aussi rapides et faciles que possible. [&hellip;]<\/p>\n","protected":false},"author":41,"featured_media":0,"parent":0,"menu_order":0,"comment_status":"closed","ping_status":"closed","template":"","meta":{"_acf_changed":false,"_relevanssi_hide_post":"","_relevanssi_hide_content":"","_relevanssi_pin_for_all":"","_relevanssi_pin_keywords":"","_relevanssi_unpin_keywords":"","_relevanssi_related_keywords":"","_relevanssi_related_include_ids":"","_relevanssi_related_exclude_ids":"","_relevanssi_related_no_append":"","_relevanssi_related_not_related":"","_relevanssi_related_posts":"","_relevanssi_noindex_reason":"","footnotes":""},"class_list":["post-10461","page","type-page","status-publish","hentry"],"acf":[],"_links":{"self":[{"href":"https:\/\/viva.ezxdemo.com\/fr\/wp-json\/wp\/v2\/pages\/10461","targetHints":{"allow":["GET"]}}],"collection":[{"href":"https:\/\/viva.ezxdemo.com\/fr\/wp-json\/wp\/v2\/pages"}],"about":[{"href":"https:\/\/viva.ezxdemo.com\/fr\/wp-json\/wp\/v2\/types\/page"}],"author":[{"embeddable":true,"href":"https:\/\/viva.ezxdemo.com\/fr\/wp-json\/wp\/v2\/users\/41"}],"replies":[{"embeddable":true,"href":"https:\/\/viva.ezxdemo.com\/fr\/wp-json\/wp\/v2\/comments?post=10461"}],"version-history":[{"count":0,"href":"https:\/\/viva.ezxdemo.com\/fr\/wp-json\/wp\/v2\/pages\/10461\/revisions"}],"wp:attachment":[{"href":"https:\/\/viva.ezxdemo.com\/fr\/wp-json\/wp\/v2\/media?parent=10461"}],"curies":[{"name":"wp","href":"https:\/\/api.w.org\/{rel}","templated":true}]}}