{"id":10472,"date":"2024-01-02T13:06:34","date_gmt":"2024-01-02T12:06:34","guid":{"rendered":"https:\/\/vivarapro.nl\/bij12\/"},"modified":"2024-06-20T10:50:54","modified_gmt":"2024-06-20T08:50:54","slug":"bij12","status":"publish","type":"page","link":"https:\/\/viva.ezxdemo.com\/fr\/bij12\/","title":{"rendered":"BIJ12"},"content":{"rendered":"<div class=\"wpb-content-wrapper\"><p>[vc_row full_width=&#8221;stretch_row_content&#8221; el_class=&#8221;shop-banner&#8221;][vc_column width=&#8221;1\/4&#8243;][\/vc_column][vc_column width=&#8221;3\/4&#8243;][vc_custom_heading text=&#8221;Qu&apos;est-ce que BIJ12 ?&#8221; font_container=&#8221;tag:h1|text_align:left&#8221; use_theme_fonts=&#8221;yes&#8221;][vc_column_text]BIJ12 travaille au nom des provinces et vise \u00e0 rendre la politique de la nature dans nos provinces plus efficace et efficiente. Il s&#8217;agit notamment de g\u00e9rer les zones naturelles, de prot\u00e9ger les plantes et les animaux et d&#8217;encourager la conservation de la nature. BIJ12 fournit des connaissances et assure la coordination de projets et d&#8217;initiatives visant \u00e0 pr\u00e9server la nature aux Pays-Bas. Le nom BIJ12 provient des 12 provinces des Pays-Bas.<\/p>\n<p>BIJ12 s&#8217;engage en faveur de la protection et de la conservation des animaux. Ils conseillent des mesures visant \u00e0 r\u00e9duire les effets n\u00e9gatifs des activit\u00e9s humaines sur les animaux et \u00e0 conserver et prot\u00e9ger la biodiversit\u00e9. Il peut s&#8217;agir de r\u00e9duire les perturbations des nids, de pr\u00e9server les habitats et de prendre des mesures pour prot\u00e9ger les animaux des effets n\u00e9gatifs, comme l&#8217;interdiction de tuer ou de capturer des esp\u00e8ces vuln\u00e9rables.[\/vc_column_text][\/vc_column][\/vc_row][vc_row full_width=&#8221;stretch_row_content_no_spaces&#8221; el_class=&#8221;inner-page column-reverse&#8221;][vc_column width=&#8221;1\/2&#8243; el_class=&#8221;text-block-inner&#8221;][vc_custom_heading text=&#8221;Pourquoi le BIJ12 est-il important ?&#8221; use_theme_fonts=&#8221;yes&#8221;][vc_column_text]La d\u00e9molition, la construction et l&#8217;abattage d&#8217;arbres peuvent nuire \u00e0 des esp\u00e8ces animales prot\u00e9g\u00e9es par la loi sur la protection de la nature (Wnb). Pour pr\u00e9venir ou r\u00e9duire les dommages caus\u00e9s \u00e0 la nature, des mesures appropri\u00e9es doivent \u00eatre prises.<\/p>\n<p>De m\u00eame, si un propri\u00e9taire de b\u00e2timent souhaite effectuer des travaux en pr\u00e9sence d&#8217;esp\u00e8ces prot\u00e9g\u00e9es, une d\u00e9rogation doit \u00eatre demand\u00e9e aupr\u00e8s de la province concern\u00e9e. Une d\u00e9rogation ne sera accord\u00e9e que si des mesures d&#8217;att\u00e9nuation et de compensation suffisantes sont prises. Ces mesures sont d\u00e9taill\u00e9es dans les documents de connaissance du Type, qui ont \u00e9t\u00e9 \u00e9labor\u00e9s en collaboration avec des experts en \u00e9cologie et en affaires juridiques.[\/vc_column_text][\/vc_column][vc_column width=&#8221;1\/2&#8243;][vc_single_image image=&#8221;1441&#8243; img_size=&#8221;full&#8221;][\/vc_column][\/vc_row][vc_row full_width=&#8221;stretch_row_content_no_spaces&#8221; el_class=&#8221;inner-page&#8221;][vc_column width=&#8221;1\/2&#8243;][vc_single_image image=&#8221;446&#8243; img_size=&#8221;full&#8221; alignment=&#8221;right&#8221;][\/vc_column][vc_column width=&#8221;1\/2&#8243; el_class=&#8221;text-block-inner&#8221;][vc_custom_heading text=&#8221;Nos produits et BIJ12&#8243; use_theme_fonts=&#8221;yes&#8221;][vc_column_text]BIJ12 contribue \u00e9galement au d\u00e9veloppement de produits pour la nature. L&#8217;objectif est d&#8217;offrir aux animaux prot\u00e9g\u00e9s un meilleur cadre de vie, en particulier dans les zones o\u00f9 leur habitat naturel a \u00e9t\u00e9 perturb\u00e9. Par exemple, des installations de nidification et d&#8217;h\u00e9bergement pour les chauves-souris, les martinets, les moineaux domestiques et les insectes peuvent \u00eatre install\u00e9es. Des installations permanentes et \u00e0 long terme sont disponibles \u00e0 cet effet. Ces produits doivent r\u00e9pondre \u00e0 des conditions strictes.<\/p>\n<p>Nos produits r\u00e9pondent donc \u00e0 des normes \u00e9cologiques strictes et aux derni\u00e8res connaissances en la mati\u00e8re. Elles sont conformes aux lignes directrices \u00e9nonc\u00e9es dans les documents de connaissance du BIJ12. Nous suivons de pr\u00e8s les d\u00e9veloppements dans notre domaine et nous nous adaptons imm\u00e9diatement si les id\u00e9es changent ou s&#8217;il y a de nouveaux d\u00e9veloppements.[\/vc_column_text][vc_btn title=&#8221;Voir nos produits&#8221; i_align=&#8221;right&#8221; add_icon=&#8221;true&#8221; link=&#8221;url:https%3A%2F%2Fvivarapro.nl%2Fproducten%2F|title:Mat%C3%A9riau|&#8221; el_class=&#8221;green-btn&#8221;][\/vc_column][\/vc_row]<\/p>\n<\/div>","protected":false},"excerpt":{"rendered":"<p>[vc_row full_width=&#8221;stretch_row_content&#8221; el_class=&#8221;shop-banner&#8221;][vc_column width=&#8221;1\/4&#8243;][\/vc_column][vc_column width=&#8221;3\/4&#8243;][vc_custom_heading text=&#8221;Qu&apos;est-ce que BIJ12 ?&#8221; font_container=&#8221;tag:h1|text_align:left&#8221; use_theme_fonts=&#8221;yes&#8221;][vc_column_text]BIJ12 travaille au nom des provinces et vise \u00e0 rendre la politique de la nature dans nos provinces plus efficace et efficiente. Il s&#8217;agit notamment de g\u00e9rer les zones naturelles, de prot\u00e9ger les plantes et les animaux et d&#8217;encourager la conservation de la nature. BIJ12 [&hellip;]<\/p>\n","protected":false},"author":5,"featured_media":0,"parent":0,"menu_order":0,"comment_status":"closed","ping_status":"closed","template":"","meta":{"_acf_changed":false,"_relevanssi_hide_post":"","_relevanssi_hide_content":"","_relevanssi_pin_for_all":"","_relevanssi_pin_keywords":"","_relevanssi_unpin_keywords":"","_relevanssi_related_keywords":"","_relevanssi_related_include_ids":"","_relevanssi_related_exclude_ids":"","_relevanssi_related_no_append":"","_relevanssi_related_not_related":"","_relevanssi_related_posts":"","_relevanssi_noindex_reason":"","footnotes":""},"class_list":["post-10472","page","type-page","status-publish","hentry"],"acf":[],"_links":{"self":[{"href":"https:\/\/viva.ezxdemo.com\/fr\/wp-json\/wp\/v2\/pages\/10472","targetHints":{"allow":["GET"]}}],"collection":[{"href":"https:\/\/viva.ezxdemo.com\/fr\/wp-json\/wp\/v2\/pages"}],"about":[{"href":"https:\/\/viva.ezxdemo.com\/fr\/wp-json\/wp\/v2\/types\/page"}],"author":[{"embeddable":true,"href":"https:\/\/viva.ezxdemo.com\/fr\/wp-json\/wp\/v2\/users\/5"}],"replies":[{"embeddable":true,"href":"https:\/\/viva.ezxdemo.com\/fr\/wp-json\/wp\/v2\/comments?post=10472"}],"version-history":[{"count":0,"href":"https:\/\/viva.ezxdemo.com\/fr\/wp-json\/wp\/v2\/pages\/10472\/revisions"}],"wp:attachment":[{"href":"https:\/\/viva.ezxdemo.com\/fr\/wp-json\/wp\/v2\/media?parent=10472"}],"curies":[{"name":"wp","href":"https:\/\/api.w.org\/{rel}","templated":true}]}}