{"id":10479,"date":"2023-11-14T09:57:11","date_gmt":"2023-11-14T08:57:11","guid":{"rendered":"https:\/\/vivarapro.nl\/accueil\/"},"modified":"2026-02-10T16:46:42","modified_gmt":"2026-02-10T15:46:42","slug":"accueil","status":"publish","type":"page","link":"https:\/\/viva.ezxdemo.com\/fr\/","title":{"rendered":"Accueil"},"content":{"rendered":"<div class=\"wpb-content-wrapper\"><p>[vc_row el_class=&#8221;main-banner&#8221; css=&#8221;.vc_custom_1762413168854{background-image: url(https:\/\/viva.ezxdemo.com\/wp-content\/uploads\/2025\/11\/Homepage-vivarapro.avif?id=27536) !important;}&#8221;][vc_column][vc_row_inner][vc_column_inner el_class=&#8221;main-left-banner&#8221;][vc_custom_heading text=&#8221;<strong>Nichoirs et g\u00eetes<\/strong> pour des chauves-souris, des oiseaux et de la faune sauvage&#8221; font_container=&#8221;tag:h1|text_align:left&#8221; use_theme_fonts=&#8221;yes&#8221; css=&#8221;&#8221;][vc_column_text css_animation=&#8221;none&#8221; css=&#8221;&#8221;]Vivara Pro est le plus grand fabricant europ\u00e9en de nichoirs et g\u00eetes pour chauves-souris, oiseaux et faune sauvage. Nous d\u00e9veloppons et produisons des nichoirs \u00e0 encastrer, nichoirs muraux, nichoirs sur poteau et des h\u00f4tels \u00e0 insectes. R\u00e9alisation compl\u00e8te de projets et personnalisation possibles.[\/vc_column_text][vc_btn title=&#8221;Nos produits&#8221; i_align=&#8221;right&#8221; css_animation=&#8221;fadeInLeft&#8221; css=&#8221;&#8221; add_icon=&#8221;true&#8221; el_class=&#8221;btn yellow-btn&#8221; link=&#8221;url:https%3A%2F%2Fwww.vivarapro.fr%2Fproduits%2F|title:Producten|&#8221;][\/vc_column_inner][\/vc_row_inner][\/vc_column][\/vc_row][vc_row el_class=&#8221;usps-section&#8221;][vc_column][vc_column_text css=&#8221;&#8221;]<div class=\"usps-inner\">        <div href=\"https:\/\/www.vivarapro.fr\/partenaires\" class=\"usps-wrapper\">\n            <img decoding=\"async\" src=\"https:\/\/viva.ezxdemo.com\/wp-content\/themes\/eijdems-internet-child\/assets\/images\/check-mark.svg\" width=\"32\" alt=\"check mark\" title=\"|\">\n            <span>Solutions de nidification d\u00e9velopp\u00e9es en exclusivit\u00e9 avec des organisations environnementales<\/span>\n        <\/div>\n            <div href=\"https:\/\/www.vivarapro.fr\/beton-de-bois-beton-de-bois-et-label-fsc\/\" class=\"usps-wrapper\">\n            <img decoding=\"async\" src=\"https:\/\/viva.ezxdemo.com\/wp-content\/themes\/eijdems-internet-child\/assets\/images\/check-mark.svg\" width=\"32\" alt=\"check mark\" title=\"|\">\n            <span>Production durable\/certifi\u00e9e FSC\u00ae<\/span>\n        <\/div>\n            <div href=\"https:\/\/www.vivarapro.fr\/produits\/\" class=\"usps-wrapper\">\n            <img decoding=\"async\" src=\"https:\/\/viva.ezxdemo.com\/wp-content\/themes\/eijdems-internet-child\/assets\/images\/check-mark.svg\" width=\"32\" alt=\"check mark\" title=\"|\">\n            <span>Att\u00e9nuation et compensation pour des oiseaux et des chauves-souris prot\u00e9g\u00e9s<\/span>\n        <\/div>\n            <div href=\"#\" class=\"usps-wrapper\">\n            <img decoding=\"async\" src=\"https:\/\/viva.ezxdemo.com\/wp-content\/themes\/eijdems-internet-child\/assets\/images\/check-mark.svg\" width=\"32\" alt=\"check mark\" title=\"|\">\n            <span>Trois propres usines europ\u00e9ennes <\/span>\n        <\/div>\n            <div href=\"#\" class=\"usps-wrapper\">\n            <img decoding=\"async\" src=\"https:\/\/viva.ezxdemo.com\/wp-content\/themes\/eijdems-internet-child\/assets\/images\/check-mark.svg\" width=\"32\" alt=\"check mark\" title=\"|\">\n            <span>\u00c9cologues et conseillers exp\u00e9riment\u00e9s<\/span>\n        <\/div>\n    <\/div>[\/vc_column_text][\/vc_column][\/vc_row][vc_row el_class=&#8221;partners-logos-section&#8221;][vc_column][vc_column_text]    <div class=\"partners-logos d-flex\">\n                    <div>\n                <a href=\"https:\/\/www.vogelbescherming.nl\/\" aria-label=\"partner logos\" title=\"\" target=\"_blank\" rel=\"noopener\"><img loading=\"lazy\" decoding=\"async\" src=\"https:\/\/viva.ezxdemo.com\/wp-content\/uploads\/2023\/12\/Vogelbescherming-Nederland.jpg\" width=\"202\" height=\"108\" alt=\"|\" title=\"|\">\n                <\/a>\n            <\/div>\n                    <div>\n                <a href=\"https:\/\/www.zoogdiervereniging.nl\/\" aria-label=\"partner logos\" title=\"\" target=\"_blank\" rel=\"noopener\"><img loading=\"lazy\" decoding=\"async\" src=\"https:\/\/viva.ezxdemo.com\/wp-content\/uploads\/2023\/11\/logo-1-2.jpg\" width=\"188\" height=\"108\" alt=\"|\" title=\"|\">\n                <\/a>\n            <\/div>\n                    <div>\n                <a href=\"https:\/\/www.vlinderstichting.nl\/\" aria-label=\"partner logos\" title=\"\" target=\"_blank\" rel=\"noopener\"><img loading=\"lazy\" decoding=\"async\" src=\"https:\/\/viva.ezxdemo.com\/wp-content\/uploads\/2023\/12\/de-vlinderstichting.jpg\" width=\"204\" height=\"108\" alt=\"|\" title=\"|\">\n                <\/a>\n            <\/div>\n                    <div>\n                <a href=\"https:\/\/www.eekhoornopvang.nl\/\" aria-label=\"partner logos\" title=\"\" target=\"_blank\" rel=\"noopener\"><img loading=\"lazy\" decoding=\"async\" src=\"https:\/\/viva.ezxdemo.com\/wp-content\/uploads\/2023\/12\/Eekhoornopvang-Nederland-1.jpg\" width=\"118\" height=\"108\" alt=\"|\" title=\"|\">\n                <\/a>\n            <\/div>\n                    <div>\n                <a href=\"https:\/\/vogelbescherming.be\/\" aria-label=\"partner logos\" title=\"\" target=\"_blank\" rel=\"noopener\"><img loading=\"lazy\" decoding=\"async\" src=\"https:\/\/viva.ezxdemo.com\/wp-content\/uploads\/2023\/12\/Vogelbescherming-vlaanderen-1.jpg\" width=\"288\" height=\"108\" alt=\"|\" title=\"|\">\n                <\/a>\n            <\/div>\n                    <div>\n                <a href=\"https:\/\/www.natuurpunt.be\/\" aria-label=\"partner logos\" title=\"\" target=\"_blank\" rel=\"noopener\"><img loading=\"lazy\" decoding=\"async\" src=\"https:\/\/viva.ezxdemo.com\/wp-content\/uploads\/2023\/12\/natuurpunt_logo_groen_rgb.jpg\" width=\"118\" height=\"108\" alt=\"|\" title=\"|\">\n                <\/a>\n            <\/div>\n                    <div>\n                <a href=\"https:\/\/www.nabu.de\/\" aria-label=\"partner logos\" title=\"\" target=\"_blank\" rel=\"noopener\"><img loading=\"lazy\" decoding=\"async\" src=\"https:\/\/viva.ezxdemo.com\/wp-content\/uploads\/2023\/12\/Nabu.jpg\" width=\"159\" height=\"108\" alt=\"|\" title=\"|\">\n                <\/a>\n            <\/div>\n                    <div>\n                <a href=\"https:\/\/www.lbv.de\/\" aria-label=\"partner logos\" title=\"\" target=\"_blank\" rel=\"noopener\"><img loading=\"lazy\" decoding=\"async\" src=\"https:\/\/viva.ezxdemo.com\/wp-content\/uploads\/2023\/12\/LBV-2.jpg\" width=\"118\" height=\"108\" alt=\"|\" title=\"|\">\n                <\/a>\n            <\/div>\n            <\/div>\n    [\/vc_column_text][\/vc_column][\/vc_row][vc_row el_class=&#8221;home-cats home-cats-1&#8243;][vc_column width=&#8221;1\/12&#8243;][\/vc_column][vc_column css_animation=&#8221;bounceIn&#8221; width=&#8221;4\/12&#8243;][vc_custom_heading text=&#8221;NOS<br \/>\nGROUPES DE PRODUITS&#8221; use_theme_fonts=&#8221;yes&#8221;][vc_column_text]La coop\u00e9ration de longue date entre Vivara Pro et ses organisations de protection de la nature a permis aux produits de r\u00e9pondre aux normes de qualit\u00e9 les plus \u00e9lev\u00e9es et d&#8217;\u00eatre certifi\u00e9s par les organisations de protection de la nature.[\/vc_column_text][vc_btn title=&#8221;Voir tous nos groupes de produits&#8221; i_align=&#8221;right&#8221; add_icon=&#8221;true&#8221; link=&#8221;url:https%3A%2F%2Fwww.vivarapro.fr%2Fproduits%2F|title:Producten|&#8221; el_class=&#8221;green-btn&#8221;][\/vc_column][vc_column width=&#8221;2\/12&#8243;][vc_hoverbox image=&#8221;10486&#8243; primary_title=&#8221;G\u00ceTES \u00c0 CHAUVES-SOURIS&#8221; hover_title=&#8221;G\u00ceTES \u00c1 CHAUVES-SOURIS&#8221; hover_title_font_container=&#8221;color:%23ffffff&#8221; hover_title_use_theme_fonts=&#8221;yes&#8221; shape=&#8221;square&#8221; hover_background_color=&#8221;custom&#8221; hover_btn_title=&#8221;G\u00ceTES \u00c1 CHAUVES-SOURIS&#8221; hover_btn_i_align=&#8221;right&#8221; use_custom_fonts_hover_title=&#8221;true&#8221; hover_add_button=&#8221;true&#8221; reverse=&#8221;true&#8221; hover_btn_add_icon=&#8221;true&#8221; hover_btn_link=&#8221;url:https%3A%2F%2Fwww.vivarapro.fr%2Fcategorie-de-produit%2Fchauves-souris%2F|title:Chauves-souris&#8221; el_class=&#8221;bats&#8221; hover_title_link=&#8221;url:https%3A%2F%2Fwww.vivarapro.fr%2Fcategorie-de-produit%2Fbriques-nichoirs-chauves-souris%2F|title:Chauves-souris&#8221; hover_custom_background=&#8221;#608c64&#8243;][\/vc_hoverbox][\/vc_column][vc_column width=&#8221;2\/12&#8243;][vc_hoverbox image=&#8221;10487&#8243; primary_title=&#8221;NICHOIRS POUR MARTINETS NOIR&#8221; hover_title=&#8221;NICHOIRS POUR MARTINETS NOIR&#8221; hover_title_font_container=&#8221;color:%23ffffff&#8221; hover_title_use_theme_fonts=&#8221;yes&#8221; shape=&#8221;square&#8221; hover_background_color=&#8221;custom&#8221; hover_btn_title=&#8221;NICHOIRS POUR MARTINETS NOIR&#8221; hover_btn_i_align=&#8221;right&#8221; use_custom_fonts_hover_title=&#8221;true&#8221; hover_add_button=&#8221;true&#8221; reverse=&#8221;true&#8221; hover_btn_add_icon=&#8221;true&#8221; hover_btn_link=&#8221;url:https%3A%2F%2Fwww.vivarapro.fr%2Fcategorie-de-produit%2Fmartinets-noir%2F|title:Martinets&#8221; el_class=&#8221;swallow&#8221; hover_title_link=&#8221;url:https%3A%2F%2Fwww.vivarapro.fr%2Fcategorie-de-produit%2Fmartinets-noir%2F|title:Martinets&#8221; hover_custom_background=&#8221;#608c64&#8243;][\/vc_hoverbox][\/vc_column][vc_column width=&#8221;2\/12&#8243;][vc_hoverbox image=&#8221;10488&#8243; primary_title=&#8221;NICHOIRS POUR MOINEAUX DOMESTIQUES&#8221; hover_title=&#8221;NICHOIRS POUR MOINEAUX DOMESTIQUES&#8221; hover_title_font_container=&#8221;color:%23ffffff&#8221; hover_title_use_theme_fonts=&#8221;yes&#8221; shape=&#8221;square&#8221; hover_background_color=&#8221;custom&#8221; hover_btn_title=&#8221;NICHOIRS POUR MOINEAUX DOMESTIQUES&#8221; hover_btn_i_align=&#8221;right&#8221; use_custom_fonts_hover_title=&#8221;true&#8221; hover_add_button=&#8221;true&#8221; reverse=&#8221;true&#8221; hover_btn_add_icon=&#8221;true&#8221; hover_btn_link=&#8221;url:https%3A%2F%2Fwww.vivarapro.fr%2Fcategorie-de-produit%2Fmoineaux-domestiques%2F|title:Moineaux%20domestiques&#8221; el_class=&#8221;small-bird&#8221; hover_title_link=&#8221;url:https%3A%2F%2Fwww.vivarapro.fr%2Fcategorie-de-produit%2Fmoineaux-domestiques%2F|title:Moineaux%20domestiques&#8221; hover_custom_background=&#8221;#608c64&#8243;][\/vc_hoverbox][\/vc_column][vc_column width=&#8221;1\/12&#8243;][\/vc_column][\/vc_row][vc_row el_class=&#8221;home-cats home-cats-2&#8243;][vc_column width=&#8221;1\/12&#8243;][\/vc_column][vc_column width=&#8221;2\/12&#8243;][vc_hoverbox image=&#8221;10489&#8243; primary_title=&#8221;G\u00ceTES ET NICHOIRS \u00c0 ENCASTRER&#8221; hover_title=&#8221;G\u00ceTES ET NICHOIRS \u00c0 ENCASTRER&#8221; hover_title_font_container=&#8221;color:%23ffffff&#8221; hover_title_use_theme_fonts=&#8221;yes&#8221; shape=&#8221;square&#8221; hover_background_color=&#8221;custom&#8221; hover_btn_title=&#8221;G\u00ceTES ET NICHOIRS \u00c0 ENCASTRER&#8221; hover_btn_i_align=&#8221;right&#8221; use_custom_fonts_hover_title=&#8221;true&#8221; hover_add_button=&#8221;true&#8221; reverse=&#8221;true&#8221; hover_btn_add_icon=&#8221;true&#8221; hover_btn_link=&#8221;url:https%3A%2F%2Fwww.vivarapro.fr%2Fcategorie-de-produit%2Fgites-et-nichoirs-a-encastrer%2F|title:Briques%20nichoirs&#8221; el_class=&#8221;inbouwstenen&#8221; hover_title_link=&#8221;url:https%3A%2F%2Fwww.vivarapro.fr%2Fcategorie-de-produit%2Fgites-et-nichoirs-a-encastrer%2F|title:Briques%20nichoirs&#8221; hover_custom_background=&#8221;#608c64&#8243;][\/vc_hoverbox][\/vc_column][vc_column width=&#8221;2\/12&#8243;][vc_hoverbox image=&#8221;10485&#8243; primary_title=&#8221;H\u00d4TELS \u00c0 INSECTES&#8221; hover_title=&#8221;H\u00d4TELS \u00c0 INSECTES&#8221; hover_title_font_container=&#8221;color:%23ffffff&#8221; hover_title_use_theme_fonts=&#8221;yes&#8221; shape=&#8221;square&#8221; hover_background_color=&#8221;custom&#8221; hover_btn_title=&#8221;H\u00d4TELS \u00c0 INSECTES&#8221; hover_btn_i_align=&#8221;right&#8221; use_custom_fonts_hover_title=&#8221;true&#8221; hover_add_button=&#8221;true&#8221; reverse=&#8221;true&#8221; hover_btn_add_icon=&#8221;true&#8221; hover_btn_link=&#8221;url:https%3A%2F%2Fwww.vivarapro.fr%2Fcategorie-de-produit%2Fhotel-a-insectes%2F|title:Enceintes%20%C3%A0%20insectes&#8221; el_class=&#8221;butterfly&#8221; hover_title_link=&#8221;url:https%3A%2F%2Fwww.vivarapro.fr%2Fcategorie-de-produit%2Fhotel-a-insectes%2F|title:Enceintes%20%C3%A0%20insectes&#8221; hover_custom_background=&#8221;#608c64&#8243;][\/vc_hoverbox][\/vc_column][vc_column width=&#8221;2\/12&#8243;][vc_hoverbox image=&#8221;10491&#8243; primary_title=&#8221;SOLUTIONS POUR LES AMPHIBIENS&#8221; hover_title=&#8221;SOLUTIONS POUR LES AMPHIBIENS&#8221; hover_title_font_container=&#8221;color:%23ffffff&#8221; hover_title_use_theme_fonts=&#8221;yes&#8221; shape=&#8221;square&#8221; hover_background_color=&#8221;custom&#8221; hover_btn_title=&#8221;SOLUTIONS POUR LES AMPHIBIENS&#8221; hover_btn_i_align=&#8221;right&#8221; use_custom_fonts_hover_title=&#8221;true&#8221; hover_add_button=&#8221;true&#8221; reverse=&#8221;true&#8221; hover_btn_add_icon=&#8221;true&#8221; hover_btn_link=&#8221;url:https%3A%2F%2Fwww.vivarapro.fr%2Fproduit%2Fescaliers-pour-amphibiens%2F|title:Amfibie%C3%ABn%20oplossingen&#8221; el_class=&#8221;frog&#8221; hover_title_link=&#8221;url:https%3A%2F%2Fwww.vivarapro.fr%2Fproduit%2Fescaliers-pour-amphibiens%2F|title:Amfibie%C3%ABn%20oplossingen&#8221; hover_custom_background=&#8221;#608c64&#8243;][\/vc_hoverbox][\/vc_column][\/vc_row][vc_row css=&#8221;.vc_custom_1755521747095{background-image: url(https:\/\/viva.ezxdemo.com\/wp-content\/uploads\/2023\/11\/houses-bg.jpg?id=133) !important;background-position: center !important;background-repeat: no-repeat !important;background-size: cover !important;}&#8221; el_class=&#8221;video-section&#8221;][vc_column css_animation=&#8221;fadeInLeftBig&#8221; width=&#8221;2\/3&#8243;][vc_custom_heading text=&#8221;CONSTRUIRE EN FAVORISANT LA BIODIVERSIT\u00c9&#8221; font_container=&#8221;tag:h3|text_align:left&#8221; use_theme_fonts=&#8221;yes&#8221; css=&#8221;&#8221;][vc_column_text]Construire en faveur de la biodiversit\u00e9 pr\u00e9sente de nombreux avantages pour les \u00eatres humains et les animaux : cela augmente la biodiversit\u00e9 et offre un cadre de vie agr\u00e9able. C\u2019est une situation gagnant-gagnant et une condition essentielle pour pr\u00e9server la viabilit\u00e9 de notre environnement \u00e0 l\u2019avenir.[\/vc_column_text][vc_btn title=&#8221;D\u00e9couvrez nos produits pour une construction en respectant la NATURE&#8221; i_align=&#8221;right&#8221; add_icon=&#8221;true&#8221; link=&#8221;url:https%3A%2F%2Fwww.vivarapro.fr%2Fproduits%2F|title:Natuurinclusief%20bouwen|&#8221; el_class=&#8221;green-btn&#8221;][\/vc_column][vc_column width=&#8221;1\/3&#8243;][\/vc_column][\/vc_row]<\/p>\n<\/div>","protected":false},"excerpt":{"rendered":"<p>[vc_row el_class=&#8221;main-banner&#8221; css=&#8221;.vc_custom_1762413168854{background-image: url(https:\/\/viva.ezxdemo.com\/wp-content\/uploads\/2025\/11\/Homepage-vivarapro.avif?id=27536) !important;}&#8221;][vc_column][vc_row_inner][vc_column_inner el_class=&#8221;main-left-banner&#8221;][vc_custom_heading text=&#8221;Nichoirs et g\u00eetes pour des chauves-souris, des oiseaux et de la faune sauvage&#8221; font_container=&#8221;tag:h1|text_align:left&#8221; use_theme_fonts=&#8221;yes&#8221; css=&#8221;&#8221;][vc_column_text css_animation=&#8221;none&#8221; css=&#8221;&#8221;]Vivara Pro est le plus grand fabricant europ\u00e9en de nichoirs et g\u00eetes pour chauves-souris, oiseaux et faune sauvage. Nous d\u00e9veloppons et produisons des nichoirs \u00e0 encastrer, nichoirs muraux, nichoirs sur poteau et [&hellip;]<\/p>\n","protected":false},"author":41,"featured_media":0,"parent":0,"menu_order":0,"comment_status":"closed","ping_status":"open","template":"","meta":{"_acf_changed":false,"_relevanssi_hide_post":"","_relevanssi_hide_content":"","_relevanssi_pin_for_all":"","_relevanssi_pin_keywords":"","_relevanssi_unpin_keywords":"","_relevanssi_related_keywords":"","_relevanssi_related_include_ids":"","_relevanssi_related_exclude_ids":"","_relevanssi_related_no_append":"","_relevanssi_related_not_related":"","_relevanssi_related_posts":"","_relevanssi_noindex_reason":"","footnotes":""},"class_list":["post-10479","page","type-page","status-publish","hentry"],"acf":[],"_links":{"self":[{"href":"https:\/\/viva.ezxdemo.com\/fr\/wp-json\/wp\/v2\/pages\/10479","targetHints":{"allow":["GET"]}}],"collection":[{"href":"https:\/\/viva.ezxdemo.com\/fr\/wp-json\/wp\/v2\/pages"}],"about":[{"href":"https:\/\/viva.ezxdemo.com\/fr\/wp-json\/wp\/v2\/types\/page"}],"author":[{"embeddable":true,"href":"https:\/\/viva.ezxdemo.com\/fr\/wp-json\/wp\/v2\/users\/41"}],"replies":[{"embeddable":true,"href":"https:\/\/viva.ezxdemo.com\/fr\/wp-json\/wp\/v2\/comments?post=10479"}],"version-history":[{"count":10,"href":"https:\/\/viva.ezxdemo.com\/fr\/wp-json\/wp\/v2\/pages\/10479\/revisions"}],"predecessor-version":[{"id":35215,"href":"https:\/\/viva.ezxdemo.com\/fr\/wp-json\/wp\/v2\/pages\/10479\/revisions\/35215"}],"wp:attachment":[{"href":"https:\/\/viva.ezxdemo.com\/fr\/wp-json\/wp\/v2\/media?parent=10479"}],"curies":[{"name":"wp","href":"https:\/\/api.w.org\/{rel}","templated":true}]}}