{"id":36562,"date":"2026-01-09T13:53:18","date_gmt":"2026-01-09T12:53:18","guid":{"rendered":"https:\/\/vivarapro.nl\/les-usines-europeennes-de-vivara-pro\/"},"modified":"2026-03-05T10:01:27","modified_gmt":"2026-03-05T09:01:27","slug":"les-usines-europeennes-de-vivara-pro","status":"publish","type":"page","link":"https:\/\/viva.ezxdemo.com\/fr\/les-usines-europeennes-de-vivara-pro\/","title":{"rendered":"Les usines europ\u00e9ennes de Vivara Pro"},"content":{"rendered":"<div class=\"wpb-content-wrapper\"><p>[vc_row css=&#8221;.vc_custom_1713961305103{margin-top: 30px !important;}&#8221;][vc_column width=&#8221;1\/2&#8243;][vc_single_image image=&#8221;36556&#8243; img_size=&#8221;full&#8221; css=&#8221;&#8221;][\/vc_column][vc_column width=&#8221;1\/2&#8243;][vc_custom_heading text=&#8221;Nos propres usines europ\u00e9ennes&#8221; font_container=&#8221;tag:h1|font_size:34px|text_align:left|color:%232a2a2a&#8221; use_theme_fonts=&#8221;yes&#8221; css=&#8221;&#8221;][vc_column_text css=&#8221;&#8221;]Vivara Pro poss\u00e8de des usines en Pologne, en Lituanie et aux Pays-Bas. Notre production int\u00e9gr\u00e9e en Europe nous assure l&#8217;ind\u00e9pendance vis-\u00e0-vis des interm\u00e9diaires. Cela permet \u00e0 Vivara Pro de r\u00e9pondre avec souplesse \u00e0 la demande et de livrer ses produits rapidement.  <\/p>\n<p>Implant\u00e9e en Europe, Vivara Pro respecte la l\u00e9gislation et la r\u00e9glementation europ\u00e9ennes en mati\u00e8re de normes environnementales, de conditions de travail, de s\u00e9curit\u00e9 et d&#8217;utilisation des mat\u00e9riaux. Cette d\u00e9marche s&#8217;inscrit pleinement dans notre d\u00e9marche de d\u00e9veloppement durable : une production responsable, respectueuse des personnes et de l&#8217;environnement. <\/p>\n<p>Cela signifie que Vivara Pro est impliqu\u00e9e dans le processus de production de A \u00e0 Z. De nos experts qui d\u00e9veloppent les produits en collaboration avec nos partenaires des organisations de protection de la nature, \u00e0 nos propres usines qui les fabriquent ensuite selon des normes de qualit\u00e9 strictes, jusqu&#8217;\u00e0 notre centre logistique aux Pays-Bas o\u00f9 ils sont stock\u00e9s.[\/vc_column_text][\/vc_column][\/vc_row][vc_row css=&#8221;.vc_custom_1772697932521{background-color: #E2EBF2 !important;}&#8221;][vc_column width=&#8221;1\/2&#8243;][vc_empty_space][vc_custom_heading text=&#8221;production respectueuse de l&apos;environnement (FSC)&#8221; font_container=&#8221;tag:h2|font_size:24px|text_align:left&#8221; use_theme_fonts=&#8221;yes&#8221; css=&#8221;&#8221;][vc_column_text css=&#8221;&#8221;]Dans nos propres usines, nous op\u00e9rons selon les normes FSC\u00ae, ce qui signifie que nous respectons les normes internationales du <a href=\"https:\/\/fsc.org\/en\" target=\"_blank\" rel=\"noopener\">Forest Stewardship Council<\/a>. Le bois que nous utilisons provient de for\u00eats g\u00e9r\u00e9es durablement, dans le respect de la biodiversit\u00e9, des populations et de l&#8217;environnement. Ainsi, nos produits contribuent non seulement \u00e0 la richesse de notre environnement naturel, mais sont \u00e9galement fabriqu\u00e9s de mani\u00e8re responsable.  <\/p>\n<p>Tous nos produits, y compris le bois utilis\u00e9 dans nos armoires, sont certifi\u00e9s 100 % FSC\u00ae. Cela signifie que le bois provient de for\u00eats g\u00e9r\u00e9es de mani\u00e8re responsable, ce qui garantit non seulement la meilleure qualit\u00e9, mais contribue \u00e9galement \u00e0 un avenir plus durable. <\/p>\n<p>Apprenez-en davantage sur notre <a href=\"https:\/\/www.vivarapro.fr\/beton-de-bois-beton-de-bois-et-label-fsc\/\" target=\"_blank\" rel=\"noopener\">certification FSC\u00ae<\/a>, ce qu&#8217;elle implique, pourquoi nous choisissons du bois certifi\u00e9 FSC\u00ae et quels produits r\u00e9pondent aux exigences de la certification.[\/vc_column_text][\/vc_column][vc_column width=&#8221;1\/2&#8243;][vc_empty_space][vc_single_image image=&#8221;10425&#8243; img_size=&#8221;full&#8221; css=&#8221;&#8221;][\/vc_column][\/vc_row][vc_row full_width=&#8221;stretch_row&#8221; css=&#8221;.vc_custom_1772697922478{margin-top: 30px !important;}&#8221;][vc_column width=&#8221;1\/2&#8243;][vc_single_image image=&#8221;36557&#8243; img_size=&#8221;large&#8221; css=&#8221;&#8221;][\/vc_column][vc_column width=&#8221;1\/2&#8243;][vc_custom_heading text=&#8221;Production de b\u00e9ton de bois dans nos usines europ\u00e9ennes&#8221; font_container=&#8221;tag:h2|font_size:24px|text_align:left&#8221; use_theme_fonts=&#8221;yes&#8221; css=&#8221;&#8221;][vc_column_text css=&#8221;&#8221;]Nos usines europ\u00e9ennes en Lituanie et en Pologne sont essentielles \u00e0 notre production. Nous y associons savoir-faire artisanal et technologie pour d\u00e9velopper des produits durables, capables de r\u00e9sister \u00e0 toutes les conditions climatiques. <\/p>\n<p>L&#8217;usine en Lituanie nous a accompagn\u00e9s dans nos innovations en mati\u00e8re de mat\u00e9riaux. C&#8217;est l\u00e0 que nous avons d\u00e9velopp\u00e9 notre b\u00e9ton de bois (<a href=\"https:\/\/www.vivarapro.fr\/beton-de-bois-beton-de-bois-et-label-fsc\/\" target=\"_blank\" rel=\"noopener\">WoodStone\u00ae<\/a>) il y a plus de 20 ans. Ce mat\u00e9riau est aujourd&#8217;hui utilis\u00e9 dans nombre de nos produits. Avantages du b\u00e9ton de bois (WoodStone\u00ae) :   <\/p>\n<ul>\n<li>Elle a une longue dur\u00e9e de vie<\/li>\n<li>Cela r\u00e9duit l&#8217;empreinte carbone du processus de production<\/li>\n<li>Il poss\u00e8de des propri\u00e9t\u00e9s isolantes et ignifuges<\/li>\n<\/ul>\n<p>Dans notre usine en Pologne, nous fabriquons des produits en bois \u00e0 partir de bois certifi\u00e9 FSC\u00ae.[\/vc_column_text][vc_btn title=&#8221;Apprenez-en davantage sur le b\u00e9ton bois&#8221; i_align=&#8221;right&#8221; css=&#8221;&#8221; add_icon=&#8221;true&#8221; link=&#8221;url:https%3A%2F%2Fwww.vivarapro.fr%2F%3Fpage_id%3D15858|title:B%C3%A9ton%20de%20bois|&#8221; el_class=&#8221;green-btn&#8221;][\/vc_column][\/vc_row][vc_row full_width=&#8221;stretch_row_content&#8221; el_class=&#8221;video-section&#8221; css=&#8221;.vc_custom_1771843280211{background-image: url(https:\/\/viva.ezxdemo.com\/wp-content\/uploads\/2026\/02\/VIV03758-scaled.jpg?id=35808) !important;background-position: center !important;background-repeat: no-repeat !important;background-size: cover !important;}&#8221;][vc_column width=&#8221;2\/3&#8243;][vc_custom_heading text=&#8221;Atelier de menuiserie aux Pays-Bas : fabrication sur mesure.&#8221; use_theme_fonts=&#8221;yes&#8221; css=&#8221;&#8221;][vc_column_text css=&#8221;&#8221;]Outre nos gammes de produits standard, Vivara Pro poss\u00e8de \u00e9galement son propre atelier de menuiserie. Nous y favorisons la biodiversit\u00e9 en cr\u00e9ant des solutions sur mesure. Nous concevons des solutions qui r\u00e9pondent pr\u00e9cis\u00e9ment aux besoins de nos clients, des tours \u00e0 chauves-souris aux murs pour hirondelles de rivage en passant par les h\u00f4tels \u00e0 insectes.   <\/p>\n<p>Cet atelier fait partie de notre centre logistique de Vierlingsbeek et nous offre la flexibilit\u00e9 n\u00e9cessaire pour accompagner des projets avec des solutions non \u00ab standard \u00bb, mais indispensables au bon fonctionnement d&#8217;une construction respectueuse de la nature.[\/vc_column_text][vc_btn title=&#8221;Plus d&apos;informations sur nos travaux sur mesure&#8221; i_align=&#8221;right&#8221; css=&#8221;&#8221; add_icon=&#8221;true&#8221; link=&#8221;url:https%3A%2F%2Fvivarapro.nl%2Fmaatwerkoplossingen-voor-biodiversiteit%2F|title:Contact|&#8221; el_class=&#8221;green-btn&#8221;][\/vc_column][vc_column width=&#8221;1\/3&#8243;][\/vc_column][\/vc_row]<\/p>\n<\/div>","protected":false},"excerpt":{"rendered":"<p>[vc_row css=&#8221;.vc_custom_1713961305103{margin-top: 30px !important;}&#8221;][vc_column width=&#8221;1\/2&#8243;][vc_single_image image=&#8221;36556&#8243; img_size=&#8221;full&#8221; css=&#8221;&#8221;][\/vc_column][vc_column width=&#8221;1\/2&#8243;][vc_custom_heading text=&#8221;Nos propres usines europ\u00e9ennes&#8221; font_container=&#8221;tag:h1|font_size:34px|text_align:left|color:%232a2a2a&#8221; use_theme_fonts=&#8221;yes&#8221; css=&#8221;&#8221;][vc_column_text css=&#8221;&#8221;]Vivara Pro poss\u00e8de des usines en Pologne, en Lituanie et aux Pays-Bas. Notre production int\u00e9gr\u00e9e en Europe nous assure l&#8217;ind\u00e9pendance vis-\u00e0-vis des interm\u00e9diaires. Cela permet \u00e0 Vivara Pro de r\u00e9pondre avec souplesse \u00e0 la demande et de livrer ses [&hellip;]<\/p>\n","protected":false},"author":42,"featured_media":36557,"parent":0,"menu_order":0,"comment_status":"closed","ping_status":"closed","template":"","meta":{"_acf_changed":false,"_relevanssi_hide_post":"","_relevanssi_hide_content":"","_relevanssi_pin_for_all":"","_relevanssi_pin_keywords":"","_relevanssi_unpin_keywords":"","_relevanssi_related_keywords":"","_relevanssi_related_include_ids":"","_relevanssi_related_exclude_ids":"","_relevanssi_related_no_append":"","_relevanssi_related_not_related":"","_relevanssi_related_posts":"","_relevanssi_noindex_reason":"","footnotes":""},"class_list":["post-36562","page","type-page","status-publish","has-post-thumbnail","hentry"],"acf":[],"_links":{"self":[{"href":"https:\/\/viva.ezxdemo.com\/fr\/wp-json\/wp\/v2\/pages\/36562","targetHints":{"allow":["GET"]}}],"collection":[{"href":"https:\/\/viva.ezxdemo.com\/fr\/wp-json\/wp\/v2\/pages"}],"about":[{"href":"https:\/\/viva.ezxdemo.com\/fr\/wp-json\/wp\/v2\/types\/page"}],"author":[{"embeddable":true,"href":"https:\/\/viva.ezxdemo.com\/fr\/wp-json\/wp\/v2\/users\/42"}],"replies":[{"embeddable":true,"href":"https:\/\/viva.ezxdemo.com\/fr\/wp-json\/wp\/v2\/comments?post=36562"}],"version-history":[{"count":3,"href":"https:\/\/viva.ezxdemo.com\/fr\/wp-json\/wp\/v2\/pages\/36562\/revisions"}],"predecessor-version":[{"id":36568,"href":"https:\/\/viva.ezxdemo.com\/fr\/wp-json\/wp\/v2\/pages\/36562\/revisions\/36568"}],"wp:featuredmedia":[{"embeddable":true,"href":"https:\/\/viva.ezxdemo.com\/fr\/wp-json\/wp\/v2\/media\/36557"}],"wp:attachment":[{"href":"https:\/\/viva.ezxdemo.com\/fr\/wp-json\/wp\/v2\/media?parent=36562"}],"curies":[{"name":"wp","href":"https:\/\/api.w.org\/{rel}","templated":true}]}}