{"id":10005,"date":"2023-12-20T19:17:54","date_gmt":"2023-12-20T18:17:54","guid":{"rendered":"https:\/\/vivarapro.nl\/product\/ib-vl-15-nichoir-a-encastrer\/"},"modified":"2025-10-29T21:00:14","modified_gmt":"2025-10-29T20:00:14","slug":"ib-vl-15-nichoir-a-encastrer","status":"publish","type":"product","link":"https:\/\/viva.ezxdemo.com\/fr\/produit\/ib-vl-15-nichoir-a-encastrer\/","title":{"rendered":"IB VL 15 G\u00eete \u00e0 encastrer"},"content":{"rendered":"<p>Ce g\u00eete pour chauves-souris peut \u00eatre utilis\u00e9 en combinaison avec l\u2019<a href=\"https:\/\/viva.ezxdemo.com\/product\/ib-vl-05-inbouwsteen-vleermuizen\/\">IB VL\u00a005<\/a> aussi bien dans les constructions neuves que lors de travaux de r\u00e9novation. Avant d\u2019installer le g\u00eete, retirez les petits blocs en WoodStone\u00ae situ\u00e9s sur les c\u00f4t\u00e9s. Les g\u00eetes \u00e0 encastrer peuvent \u00eatre assembl\u00e9s par la gauche ou par la droite. Plusieurs g\u00eetes \u00e0 encastrer IB VL\u00a015 peuvent \u00e9galement \u00eatre plac\u00e9s c\u00f4te \u00e0 c\u00f4te \u00e0 l\u2019int\u00e9rieur du mur, cr\u00e9ant ainsi une pi\u00e8ce interne plus spacieuse pour les chauves-souris \u00e0 l\u2019int\u00e9rieur de la cavit\u00e9. En \u00e9t\u00e9, ce g\u00eete \u00e0 chauve-souris (quand au moins 3\u00a0g\u00eetes sont reli\u00e9s) peuvent accueillir des esp\u00e8ces comme la <\/p>\n<ul>\n<li>Pipistrelle commune, la Pipistrelle pygm\u00e9e, la Pipistrelle de Nathusius <\/li>\n<li>ou la <\/li>\n<li>S\u00e9rotine bicolore<\/li>\n<\/ul>\n<p> Pendant les hivers doux, il peut servir \u00e0 la <\/p>\n<ul>\n<li>Pipistrelle commune<\/li>\n<\/ul>\n<p> Pour les chauves-souris, plus il y a d\u2019espace disponible, mieux c\u2019est\u00a0!<\/p>\n","protected":false},"excerpt":{"rendered":"<p>IB VL 15 G\u00eete \u00e0 encastrer | Vivara Pro | Le plus grand fabricant europ\u00e9en de solutions de nidification pour les chauves-souris, les oiseaux et la faune sauvage<\/p>\n","protected":false},"featured_media":29843,"template":"","meta":{"_acf_changed":false,"_relevanssi_hide_post":"","_relevanssi_hide_content":"","_relevanssi_pin_for_all":"","_relevanssi_pin_keywords":"","_relevanssi_unpin_keywords":"","_relevanssi_related_keywords":"","_relevanssi_related_include_ids":"","_relevanssi_related_exclude_ids":"","_relevanssi_related_no_append":"","_relevanssi_related_not_related":"","_relevanssi_related_posts":"","_relevanssi_noindex_reason":""},"product_brand":[],"product_cat":[5024,5035,5023],"product_tag":[],"class_list":{"0":"post-10005","1":"product","2":"type-product","3":"status-publish","4":"has-post-thumbnail","6":"product_cat-chauves-souris","7":"product_cat-gites-a-encastrer-pour-chauves-souris","8":"product_cat-gites-et-nichoirs-a-encastrer","9":"pa_binnenmaat-b-x-h-x-d-cm-16-x-45-x-2-fr","10":"pa_buitenmaat-b-x-h-x-d-cm-21-x-50-x-76-fr","11":"pa_gewicht-kg-5-fr","12":"pa_kleur-gris","13":"pa_materiaal-beton-de-bois","14":"pa_materiaal-contreplaque-fsc","15":"pa_materiaal-voor-filter-beton-de-bois","16":"pa_soort-murin-a-moustaches","17":"pa_soort-murin-des-marais","18":"pa_soort-pipistrelle-commune","19":"pa_soort-pipistrelle-de-nathusius","20":"pa_soort-pipistrelle-pygmee","21":"pa_soort-serotine-commune","22":"pa_soortgroep-chauves-souris","24":"first","25":"instock","26":"purchasable","27":"product-type-simple"},"acf":[],"_links":{"self":[{"href":"https:\/\/viva.ezxdemo.com\/fr\/wp-json\/wp\/v2\/product\/10005","targetHints":{"allow":["GET"]}}],"collection":[{"href":"https:\/\/viva.ezxdemo.com\/fr\/wp-json\/wp\/v2\/product"}],"about":[{"href":"https:\/\/viva.ezxdemo.com\/fr\/wp-json\/wp\/v2\/types\/product"}],"wp:featuredmedia":[{"embeddable":true,"href":"https:\/\/viva.ezxdemo.com\/fr\/wp-json\/wp\/v2\/media\/29843"}],"wp:attachment":[{"href":"https:\/\/viva.ezxdemo.com\/fr\/wp-json\/wp\/v2\/media?parent=10005"}],"wp:term":[{"taxonomy":"product_brand","embeddable":true,"href":"https:\/\/viva.ezxdemo.com\/fr\/wp-json\/wp\/v2\/product_brand?post=10005"},{"taxonomy":"product_cat","embeddable":true,"href":"https:\/\/viva.ezxdemo.com\/fr\/wp-json\/wp\/v2\/product_cat?post=10005"},{"taxonomy":"product_tag","embeddable":true,"href":"https:\/\/viva.ezxdemo.com\/fr\/wp-json\/wp\/v2\/product_tag?post=10005"}],"curies":[{"name":"wp","href":"https:\/\/api.w.org\/{rel}","templated":true}]}}