{"id":10015,"date":"2023-12-20T19:15:02","date_gmt":"2023-12-20T18:15:02","guid":{"rendered":"https:\/\/vivarapro.nl\/product\/nk-bk-01-nichoir-pour-le-grimpereau-des-arbres\/"},"modified":"2026-02-24T10:16:17","modified_gmt":"2026-02-24T09:16:17","slug":"nk-bk-01-nichoir-pour-le-grimpereau-des-arbres","status":"publish","type":"product","link":"https:\/\/viva.ezxdemo.com\/fr\/produit\/nk-bk-01-nichoir-pour-le-grimpereau-des-arbres\/","title":{"rendered":"NK BK 01 Nichoir pour grimpereau"},"content":{"rendered":"<p>Fabriqu\u00e9 en pin, ce nichoir constitue une solution simple \u00e0 mettre en place pour permettre la nidification des grimpereaux. Apr\u00e8s l\u2019installation, il suffit de le garnir d\u2019environ un tiers de mat\u00e9riau de nidification, par exemple de la sciure de bois.<\/p>\n","protected":false},"excerpt":{"rendered":"<p>NK BK 01 Nichoir pour grimpereau | Vivara Pro | Le plus grand fabricant europ\u00e9en de solutions de nidification pour les chauves-souris, les oiseaux et la faune sauvage<\/p>\n","protected":false},"featured_media":10022,"template":"","meta":{"_acf_changed":false,"_relevanssi_hide_post":"","_relevanssi_hide_content":"","_relevanssi_pin_for_all":"","_relevanssi_pin_keywords":"","_relevanssi_unpin_keywords":"","_relevanssi_related_keywords":"","_relevanssi_related_include_ids":"","_relevanssi_related_exclude_ids":"","_relevanssi_related_no_append":"","_relevanssi_related_not_related":"","_relevanssi_related_posts":"","_relevanssi_noindex_reason":""},"product_brand":[],"product_cat":[5078,5029,7868],"product_tag":[],"class_list":{"0":"post-10015","1":"product","2":"type-product","3":"status-publish","4":"has-post-thumbnail","6":"product_cat-nichoirs-pour-grimpereaux","7":"product_cat-nichoirs-oiseaux-chanteurs","8":"product_cat-nichoirs","9":"pa_binnenmaat-b-x-h-x-d-cm-10-x-23-x-75-fr","10":"pa_buitenmaat-b-x-h-x-d-cm-13-x-36-x-135-fr","11":"pa_gewicht-kg-4854","12":"pa_kleur-naturel-vert","13":"pa_materiaal-whitewood-fsc","14":"pa_materiaal-voor-filter-bois-fsc","15":"pa_soort-grimpereau","16":"pa_soortgroep-oiseaux-chanteurs","18":"first","19":"instock","20":"purchasable","21":"product-type-simple"},"acf":[],"_links":{"self":[{"href":"https:\/\/viva.ezxdemo.com\/fr\/wp-json\/wp\/v2\/product\/10015","targetHints":{"allow":["GET"]}}],"collection":[{"href":"https:\/\/viva.ezxdemo.com\/fr\/wp-json\/wp\/v2\/product"}],"about":[{"href":"https:\/\/viva.ezxdemo.com\/fr\/wp-json\/wp\/v2\/types\/product"}],"wp:featuredmedia":[{"embeddable":true,"href":"https:\/\/viva.ezxdemo.com\/fr\/wp-json\/wp\/v2\/media\/10022"}],"wp:attachment":[{"href":"https:\/\/viva.ezxdemo.com\/fr\/wp-json\/wp\/v2\/media?parent=10015"}],"wp:term":[{"taxonomy":"product_brand","embeddable":true,"href":"https:\/\/viva.ezxdemo.com\/fr\/wp-json\/wp\/v2\/product_brand?post=10015"},{"taxonomy":"product_cat","embeddable":true,"href":"https:\/\/viva.ezxdemo.com\/fr\/wp-json\/wp\/v2\/product_cat?post=10015"},{"taxonomy":"product_tag","embeddable":true,"href":"https:\/\/viva.ezxdemo.com\/fr\/wp-json\/wp\/v2\/product_tag?post=10015"}],"curies":[{"name":"wp","href":"https:\/\/api.w.org\/{rel}","templated":true}]}}