{"id":10024,"date":"2023-12-20T19:15:02","date_gmt":"2023-12-20T18:15:02","guid":{"rendered":"https:\/\/vivarapro.nl\/product\/nk-bs-01-nichoir-a-pics\/"},"modified":"2026-02-24T11:34:04","modified_gmt":"2026-02-24T10:34:04","slug":"nk-bs-01-nichoir-a-pics","status":"publish","type":"product","link":"https:\/\/viva.ezxdemo.com\/fr\/produit\/nk-bs-01-nichoir-a-pics\/","title":{"rendered":"NK BS 01 Nichoir \u00e0 pic \u00e9peiche"},"content":{"rendered":"<p>Les pics \u00e9peiches n\u2019utilisent pas volontiers les nichoirs ordinaires. Mais ce nichoir en tronc de bouleau l\u2019attire particuli\u00e8rement, lui et d\u2019autres oiseaux. Il poss\u00e8de un petit trou d\u2019envol pr\u00e9perc\u00e9 que le pic \u00e9peiche agrandit lui-m\u00eame. Le fond \u00e9pais et solide de ce nichoir permet ensuite au pic de creuser son propre nid une fois qu\u2019il est entr\u00e9. Les pics n\u2019utilisent ce type de nichoir qu\u2019une seule ann\u00e9e, car ils aiment creuser un nouveau nid tous les ans. Le nichoir qu\u2019ils ont utilis\u00e9 constitue alors un excellent lieu de nidification pour d\u2019autres oiseaux comme les m\u00e9sanges, les \u00e9tourneaux sansonnets ou les sittelles torchepots.<\/p>\n","protected":false},"excerpt":{"rendered":"<p>NK BS 01 Nichoir \u00e0 pic \u00e9peiche | Vivara Pro | Le plus grand fabricant europ\u00e9en de solutions de nidification pour les chauves-souris, les oiseaux et la faune sauvage<\/p>\n","protected":false},"featured_media":10025,"template":"","meta":{"_acf_changed":false,"_relevanssi_hide_post":"","_relevanssi_hide_content":"","_relevanssi_pin_for_all":"","_relevanssi_pin_keywords":"","_relevanssi_unpin_keywords":"","_relevanssi_related_keywords":"","_relevanssi_related_include_ids":"","_relevanssi_related_exclude_ids":"","_relevanssi_related_no_append":"","_relevanssi_related_not_related":"","_relevanssi_related_posts":"","_relevanssi_noindex_reason":""},"product_brand":[],"product_cat":[5063,5062,5029,7868],"product_tag":[],"class_list":{"0":"post-10024","1":"product","2":"type-product","3":"status-publish","4":"has-post-thumbnail","6":"product_cat-nichoirs-autres","7":"product_cat-nichoirs-pour-pics-epeiches","8":"product_cat-nichoirs-oiseaux-chanteurs","9":"product_cat-nichoirs","10":"pa_buitenmaat-b-x-h-x-d-cm-43-x-23-x-23-fr","11":"pa_gewicht-kg-5-7-kg-variable-fr","12":"pa_kleur-bouleau-vert","13":"pa_materiaal-bouleau-fsc","14":"pa_materiaal-whitewood-fsc","15":"pa_materiaal-voor-filter-bois-fsc","16":"pa_soort-pic-epeiche","17":"pa_soortgroep-oiseaux-chanteurs","19":"first","20":"instock","21":"purchasable","22":"product-type-simple"},"acf":[],"_links":{"self":[{"href":"https:\/\/viva.ezxdemo.com\/fr\/wp-json\/wp\/v2\/product\/10024","targetHints":{"allow":["GET"]}}],"collection":[{"href":"https:\/\/viva.ezxdemo.com\/fr\/wp-json\/wp\/v2\/product"}],"about":[{"href":"https:\/\/viva.ezxdemo.com\/fr\/wp-json\/wp\/v2\/types\/product"}],"wp:featuredmedia":[{"embeddable":true,"href":"https:\/\/viva.ezxdemo.com\/fr\/wp-json\/wp\/v2\/media\/10025"}],"wp:attachment":[{"href":"https:\/\/viva.ezxdemo.com\/fr\/wp-json\/wp\/v2\/media?parent=10024"}],"wp:term":[{"taxonomy":"product_brand","embeddable":true,"href":"https:\/\/viva.ezxdemo.com\/fr\/wp-json\/wp\/v2\/product_brand?post=10024"},{"taxonomy":"product_cat","embeddable":true,"href":"https:\/\/viva.ezxdemo.com\/fr\/wp-json\/wp\/v2\/product_cat?post=10024"},{"taxonomy":"product_tag","embeddable":true,"href":"https:\/\/viva.ezxdemo.com\/fr\/wp-json\/wp\/v2\/product_tag?post=10024"}],"curies":[{"name":"wp","href":"https:\/\/api.w.org\/{rel}","templated":true}]}}