{"id":10031,"date":"2023-12-20T19:10:55","date_gmt":"2023-12-20T18:10:55","guid":{"rendered":"https:\/\/vivarapro.nl\/product\/nk-ij-01-nichoir-a-martin-pecheur\/"},"modified":"2025-10-29T21:00:17","modified_gmt":"2025-10-29T20:00:17","slug":"nk-ij-01-nichoir-a-martin-pecheur","status":"publish","type":"product","link":"https:\/\/viva.ezxdemo.com\/fr\/produit\/nk-ij-01-nichoir-a-martin-pecheur\/","title":{"rendered":"NK IJ 01 Nichoir \u00e0 martin-p\u00eacheur"},"content":{"rendered":"<p>Le martin-p\u00eacheur creuse habituellement son terrier dans des berges abruptes, g\u00e9n\u00e9ralement au ras de l\u2019eau. Ce nichoir a \u00e9t\u00e9 sp\u00e9cialement con\u00e7u pour reproduire ces conditions lorsque l\u2019environnement naturel ne s\u2019y pr\u00eate pas. Il doit \u00eatre enti\u00e8rement enterr\u00e9 dans une paroi artificielle et abrupte.<\/p>\n","protected":false},"excerpt":{"rendered":"<p>NK IJ 01 Nichoir \u00e0 martin-p\u00eacheur | Vivara Pro | Le plus grand fabricant europ\u00e9en de solutions de nidification pour les chauves-souris, les oiseaux et la faune sauvage<\/p>\n","protected":false},"featured_media":16933,"template":"","meta":{"_acf_changed":false,"_relevanssi_hide_post":"","_relevanssi_hide_content":"","_relevanssi_pin_for_all":"","_relevanssi_pin_keywords":"","_relevanssi_unpin_keywords":"","_relevanssi_related_keywords":"","_relevanssi_related_include_ids":"","_relevanssi_related_exclude_ids":"","_relevanssi_related_no_append":"","_relevanssi_related_not_related":"","_relevanssi_related_posts":"","_relevanssi_noindex_reason":""},"product_brand":[],"product_cat":[5064,5030,7868],"product_tag":[],"class_list":{"0":"post-10031","1":"product","2":"type-product","3":"status-publish","4":"has-post-thumbnail","6":"product_cat-nichoirs-pour-martins-pecheurs","7":"product_cat-oiseaux-pres-de-leau","8":"product_cat-nichoirs","9":"pa_buitenmaat-b-x-h-x-d-cm-28-x-17-x-805-nid","10":"pa_gewicht-kg-93-fr","11":"pa_kleur-gris","12":"pa_materiaal-woodstone-fr","13":"pa_materiaal-voor-filter-beton-de-bois","14":"pa_soort-martin-pecheur","15":"pa_soortgroep-oiseaux-pres-de-leau","17":"first","18":"instock","19":"purchasable","20":"product-type-simple"},"acf":[],"_links":{"self":[{"href":"https:\/\/viva.ezxdemo.com\/fr\/wp-json\/wp\/v2\/product\/10031","targetHints":{"allow":["GET"]}}],"collection":[{"href":"https:\/\/viva.ezxdemo.com\/fr\/wp-json\/wp\/v2\/product"}],"about":[{"href":"https:\/\/viva.ezxdemo.com\/fr\/wp-json\/wp\/v2\/types\/product"}],"wp:featuredmedia":[{"embeddable":true,"href":"https:\/\/viva.ezxdemo.com\/fr\/wp-json\/wp\/v2\/media\/16933"}],"wp:attachment":[{"href":"https:\/\/viva.ezxdemo.com\/fr\/wp-json\/wp\/v2\/media?parent=10031"}],"wp:term":[{"taxonomy":"product_brand","embeddable":true,"href":"https:\/\/viva.ezxdemo.com\/fr\/wp-json\/wp\/v2\/product_brand?post=10031"},{"taxonomy":"product_cat","embeddable":true,"href":"https:\/\/viva.ezxdemo.com\/fr\/wp-json\/wp\/v2\/product_cat?post=10031"},{"taxonomy":"product_tag","embeddable":true,"href":"https:\/\/viva.ezxdemo.com\/fr\/wp-json\/wp\/v2\/product_tag?post=10031"}],"curies":[{"name":"wp","href":"https:\/\/api.w.org\/{rel}","templated":true}]}}