{"id":10045,"date":"2023-12-20T19:15:02","date_gmt":"2023-12-20T18:15:02","guid":{"rendered":"https:\/\/vivarapro.nl\/product\/nk-ka-02-nichoir-pour-choucas-des-tours\/"},"modified":"2026-02-24T11:35:04","modified_gmt":"2026-02-24T10:35:04","slug":"nk-ka-02-nichoir-pour-choucas-des-tours","status":"publish","type":"product","link":"https:\/\/viva.ezxdemo.com\/fr\/produit\/nk-ka-02-nichoir-pour-choucas-des-tours\/","title":{"rendered":"NK KA 02 Nichoir pour choucas des tours"},"content":{"rendered":"<p>Le mod\u00e8le NK KA 02 convient particuli\u00e8rement aux choucas et aux pigeons colombin et les \u00e9tourneaux sansonnets l\u2019appr\u00e9cient aussi, et des \u00e9cureuils y ont d\u00e9j\u00e0 \u00e9t\u00e9 vus faisant leur nid. Deux vis peuvent \u00eatre fix\u00e9es au bas de la paroi arri\u00e8re pour renforcer la stabilit\u00e9 de la suspension, notamment lorsque le nichoir est accroch\u00e9 \u00e0 un tronc arrondi. Le nichoir est fabriqu\u00e9 en WoodStone\u00ae, un m\u00e9lange de fibres de bois 100 % certifi\u00e9es FSC\u00ae et de b\u00e9ton. Ce mat\u00e9riau robuste est \u00e0 la fois durable, \u00e9cologique et con\u00e7u pour durer des d\u00e9cennies.<\/p>\n","protected":false},"excerpt":{"rendered":"<p>NK KA 02 Nichoir pour choucas des tours | Vivara Pro | Le plus grand fabricant europ\u00e9en de solutions de nidification pour les chauves-souris, les oiseaux et la faune sauvage<\/p>\n","protected":false},"featured_media":10051,"template":"","meta":{"_acf_changed":false,"_relevanssi_hide_post":"","_relevanssi_hide_content":"","_relevanssi_pin_for_all":"","_relevanssi_pin_keywords":"","_relevanssi_unpin_keywords":"","_relevanssi_related_keywords":"","_relevanssi_related_include_ids":"","_relevanssi_related_exclude_ids":"","_relevanssi_related_no_append":"","_relevanssi_related_not_related":"","_relevanssi_related_posts":"","_relevanssi_noindex_reason":""},"product_brand":[],"product_cat":[5063,5029,5050,7868],"product_tag":[],"class_list":{"0":"post-10045","1":"product","2":"type-product","3":"status-publish","4":"has-post-thumbnail","6":"product_cat-nichoirs-autres","7":"product_cat-nichoirs-oiseaux-chanteurs","8":"product_cat-pigeon-colombin","9":"product_cat-nichoirs","10":"pa_binnenmaat-b-x-h-x-d-cm-20-x-45-x-20","11":"pa_buitenmaat-b-x-h-x-d-cm-28-x-52-x-31-fr","12":"pa_gewicht-kg-12-fr-2","13":"pa_invliegopening-80-mm-fr","14":"pa_kleur-gris-noir","15":"pa_materiaal-beton-de-bois","16":"pa_materiaal-voor-filter-beton-de-bois","17":"pa_soort-etourneau-sansonnet","18":"pa_soort-pigeon-colombin","19":"pa_soortgroep-oiseaux-chanteurs","21":"first","22":"instock","23":"purchasable","24":"product-type-simple"},"acf":[],"_links":{"self":[{"href":"https:\/\/viva.ezxdemo.com\/fr\/wp-json\/wp\/v2\/product\/10045","targetHints":{"allow":["GET"]}}],"collection":[{"href":"https:\/\/viva.ezxdemo.com\/fr\/wp-json\/wp\/v2\/product"}],"about":[{"href":"https:\/\/viva.ezxdemo.com\/fr\/wp-json\/wp\/v2\/types\/product"}],"wp:featuredmedia":[{"embeddable":true,"href":"https:\/\/viva.ezxdemo.com\/fr\/wp-json\/wp\/v2\/media\/10051"}],"wp:attachment":[{"href":"https:\/\/viva.ezxdemo.com\/fr\/wp-json\/wp\/v2\/media?parent=10045"}],"wp:term":[{"taxonomy":"product_brand","embeddable":true,"href":"https:\/\/viva.ezxdemo.com\/fr\/wp-json\/wp\/v2\/product_brand?post=10045"},{"taxonomy":"product_cat","embeddable":true,"href":"https:\/\/viva.ezxdemo.com\/fr\/wp-json\/wp\/v2\/product_cat?post=10045"},{"taxonomy":"product_tag","embeddable":true,"href":"https:\/\/viva.ezxdemo.com\/fr\/wp-json\/wp\/v2\/product_tag?post=10045"}],"curies":[{"name":"wp","href":"https:\/\/api.w.org\/{rel}","templated":true}]}}