{"id":10058,"date":"2023-12-20T19:10:55","date_gmt":"2023-12-20T18:10:55","guid":{"rendered":"https:\/\/vivarapro.nl\/product\/nk-ee-02-panier-a-canards\/"},"modified":"2026-02-24T11:19:12","modified_gmt":"2026-02-24T10:19:12","slug":"nk-ee-02-panier-a-canards","status":"publish","type":"product","link":"https:\/\/viva.ezxdemo.com\/fr\/produit\/nk-ee-02-panier-a-canards\/","title":{"rendered":"NK EE 02 Nid pour canards"},"content":{"rendered":"<p>Les colverts et les canards de parc l\u2019appr\u00e9cient comme site de nidification, mais les poules d\u2019eau peuvent aussi s\u2019y installer. On a m\u00eame observ\u00e9 des cas r\u00e9ussis de reproduction de Harle piette dans des nichoirs \u00e0 canards plac\u00e9s dans des saules t\u00eatards. Le mod\u00e8le NK EE\u00a002 est un panier l\u00e9g\u00e8rement plus long, ce qui permet au nid d\u2019\u00eatre un peu plus profond et d\u2019offrir ainsi une meilleure protection contre les pr\u00e9dateurs.<\/p>\n","protected":false},"excerpt":{"rendered":"<p>NK EE 02 Nid pour canards | Vivara Pro | Le plus grand fabricant europ\u00e9en de solutions de nidification pour les chauves-souris, les oiseaux et la faune sauvage<\/p>\n","protected":false},"featured_media":10061,"template":"","meta":{"_acf_changed":false,"_relevanssi_hide_post":"","_relevanssi_hide_content":"","_relevanssi_pin_for_all":"","_relevanssi_pin_keywords":"","_relevanssi_unpin_keywords":"","_relevanssi_related_keywords":"","_relevanssi_related_include_ids":"","_relevanssi_related_exclude_ids":"","_relevanssi_related_no_append":"","_relevanssi_related_not_related":"","_relevanssi_related_posts":"","_relevanssi_noindex_reason":""},"product_brand":[],"product_cat":[5065,5030],"product_tag":[],"class_list":{"0":"post-10058","1":"product","2":"type-product","3":"status-publish","4":"has-post-thumbnail","6":"product_cat-nichoirs-pour-les-canards","7":"product_cat-oiseaux-pres-de-leau","8":"pa_binnenmaat-b-x-h-x-d-cm-68-x-30-fr","9":"pa_buitenmaat-b-x-h-x-d-cm-88-x-34-fr","10":"pa_gewicht-kg-17-fr","11":"pa_kleur-marron","12":"pa_materiaal-saule","13":"pa_materiaal-voor-filter-saule","14":"pa_soort-canard","15":"pa_soort-canard-colvert","16":"pa_soort-poule-deau","17":"pa_soortgroep-oiseaux-deau","19":"first","20":"instock","21":"purchasable","22":"product-type-simple"},"acf":[],"_links":{"self":[{"href":"https:\/\/viva.ezxdemo.com\/fr\/wp-json\/wp\/v2\/product\/10058","targetHints":{"allow":["GET"]}}],"collection":[{"href":"https:\/\/viva.ezxdemo.com\/fr\/wp-json\/wp\/v2\/product"}],"about":[{"href":"https:\/\/viva.ezxdemo.com\/fr\/wp-json\/wp\/v2\/types\/product"}],"wp:featuredmedia":[{"embeddable":true,"href":"https:\/\/viva.ezxdemo.com\/fr\/wp-json\/wp\/v2\/media\/10061"}],"wp:attachment":[{"href":"https:\/\/viva.ezxdemo.com\/fr\/wp-json\/wp\/v2\/media?parent=10058"}],"wp:term":[{"taxonomy":"product_brand","embeddable":true,"href":"https:\/\/viva.ezxdemo.com\/fr\/wp-json\/wp\/v2\/product_brand?post=10058"},{"taxonomy":"product_cat","embeddable":true,"href":"https:\/\/viva.ezxdemo.com\/fr\/wp-json\/wp\/v2\/product_cat?post=10058"},{"taxonomy":"product_tag","embeddable":true,"href":"https:\/\/viva.ezxdemo.com\/fr\/wp-json\/wp\/v2\/product_tag?post=10058"}],"curies":[{"name":"wp","href":"https:\/\/api.w.org\/{rel}","templated":true}]}}