{"id":10063,"date":"2023-12-20T19:08:38","date_gmt":"2023-12-20T18:08:38","guid":{"rendered":"https:\/\/vivarapro.nl\/product\/nk-oz-01-nichoir-a-hirondelles-de-mer\/"},"modified":"2026-02-24T09:37:58","modified_gmt":"2026-02-24T08:37:58","slug":"nk-oz-01-nichoir-a-hirondelles-de-mer","status":"publish","type":"product","link":"https:\/\/viva.ezxdemo.com\/fr\/produit\/nk-oz-01-nichoir-a-hirondelles-de-mer\/","title":{"rendered":"NK OZ 01 Nichoir \u00e0 hirondelles de rivage"},"content":{"rendered":"<p>L\u2019hirondelle de rivage n\u2019est g\u00e9n\u00e9ralement pas une esp\u00e8ce qui niche dans des nichoirs. Toutefois, ce type d\u2019installation peut lui offrir une alternative artificielle. Les nichoirs peuvent \u00eatre install\u00e9s dans un mur d\u00e9coratif fait maison ou dans le mur sp\u00e9cialement con\u00e7u <a href=\"https:\/\/viva.ezxdemo.com\/fr\/produit\/ow-oz-01-mur-dhirondelles-de-rivage\/\">OW OZ\u00a001<\/a>. L\u2019emplacement id\u00e9al se situe \u00e0 proximit\u00e9 imm\u00e9diate de points d\u2019eau ou sur de grands chantiers de construction o\u00f9 des travaux d\u2019excavation sont en cours, car les hirondelles cherchent souvent \u00e0 nicher dans les grands tas de sable. Dans ces situations, l\u2019installation d\u2019un mur artificiel leur offre un site de nidification s\u00fbr pour nicher sans \u00eatre d\u00e9rang\u00e9es.<\/p>\n","protected":false},"excerpt":{"rendered":"<p>NK OZ 01 Nichoir \u00e0 hirondelles de rivage | Vivara Pro | Le plus grand fabricant europ\u00e9en de solutions de nidification pour les chauves-souris, les oiseaux et la faune sauvage<\/p>\n","protected":false},"featured_media":10069,"template":"","meta":{"_acf_changed":false,"_relevanssi_hide_post":"","_relevanssi_hide_content":"","_relevanssi_pin_for_all":"","_relevanssi_pin_keywords":"","_relevanssi_unpin_keywords":"","_relevanssi_related_keywords":"","_relevanssi_related_include_ids":"","_relevanssi_related_exclude_ids":"","_relevanssi_related_no_append":"","_relevanssi_related_not_related":"","_relevanssi_related_posts":"","_relevanssi_noindex_reason":""},"product_brand":[],"product_cat":[5027,5046,5030,7868],"product_tag":[],"class_list":{"0":"post-10063","1":"product","2":"type-product","3":"status-publish","4":"has-post-thumbnail","6":"product_cat-hirondelles","7":"product_cat-nichoirs-pour-hirondelles-de-rivage","8":"product_cat-oiseaux-pres-de-leau","9":"product_cat-nichoirs","10":"pa_binnenmaat-b-x-h-x-d-cm-12-x-12-x-12-fr","11":"pa_buitenmaat-b-x-h-x-d-cm-145-x-145-x-57-fr","12":"pa_gewicht-kg-4862","13":"pa_invliegopening-55mm-fr","14":"pa_kleur-gris-vert","15":"pa_materiaal-beton-de-bois","16":"pa_materiaal-contreplaque-fsc","17":"pa_materiaal-voor-filter-beton-de-bois","18":"pa_soort-hirondelle-de-rivage","19":"pa_soortgroep-hirondelles","21":"first","22":"instock","23":"purchasable","24":"product-type-simple"},"acf":[],"_links":{"self":[{"href":"https:\/\/viva.ezxdemo.com\/fr\/wp-json\/wp\/v2\/product\/10063","targetHints":{"allow":["GET"]}}],"collection":[{"href":"https:\/\/viva.ezxdemo.com\/fr\/wp-json\/wp\/v2\/product"}],"about":[{"href":"https:\/\/viva.ezxdemo.com\/fr\/wp-json\/wp\/v2\/types\/product"}],"wp:featuredmedia":[{"embeddable":true,"href":"https:\/\/viva.ezxdemo.com\/fr\/wp-json\/wp\/v2\/media\/10069"}],"wp:attachment":[{"href":"https:\/\/viva.ezxdemo.com\/fr\/wp-json\/wp\/v2\/media?parent=10063"}],"wp:term":[{"taxonomy":"product_brand","embeddable":true,"href":"https:\/\/viva.ezxdemo.com\/fr\/wp-json\/wp\/v2\/product_brand?post=10063"},{"taxonomy":"product_cat","embeddable":true,"href":"https:\/\/viva.ezxdemo.com\/fr\/wp-json\/wp\/v2\/product_cat?post=10063"},{"taxonomy":"product_tag","embeddable":true,"href":"https:\/\/viva.ezxdemo.com\/fr\/wp-json\/wp\/v2\/product_tag?post=10063"}],"curies":[{"name":"wp","href":"https:\/\/api.w.org\/{rel}","templated":true}]}}