{"id":10064,"date":"2023-12-20T19:06:04","date_gmt":"2023-12-20T18:06:04","guid":{"rendered":"https:\/\/vivarapro.nl\/product\/nk-mu-08-nichoir-a-pignon-pour-moineau-domestique\/"},"modified":"2025-10-29T21:00:23","modified_gmt":"2025-10-29T20:00:23","slug":"nk-mu-08-nichoir-a-pignon-pour-moineau-domestique","status":"publish","type":"product","link":"https:\/\/viva.ezxdemo.com\/fr\/produit\/nk-mu-08-nichoir-a-pignon-pour-moineau-domestique\/","title":{"rendered":"NK MU 08 Nichoir mural pour moineau domestique"},"content":{"rendered":"<p>Ce nichoir est \u00e9galement appr\u00e9ci\u00e9 par les m\u00e9sanges notamment les m\u00e9sanges charbonni\u00e8res. Le nichoir est fabriqu\u00e9 en WoodStone\u00ae, un m\u00e9lange de fibres de bois 100\u00a0% certifi\u00e9es FSC\u00ae et de b\u00e9ton. Ce mat\u00e9riau robuste, durable et respectueux de l\u2019environnement, assure une long\u00e9vit\u00e9 de plusieurs d\u00e9cennies. L\u2019installation est simple gr\u00e2ce au crochet en Z et aux vis en acier inoxydable fournis.<\/p>\n","protected":false},"excerpt":{"rendered":"<p>NK MU 08 Nichoir mural pour moineau domestique | Vivara Pro | Le plus grand fabricant europ\u00e9en de solutions de nidification pour les chauves-souris, les oiseaux et la faune sauvage<\/p>\n","protected":false},"featured_media":10072,"template":"","meta":{"_acf_changed":false,"_relevanssi_hide_post":"","_relevanssi_hide_content":"","_relevanssi_pin_for_all":"","_relevanssi_pin_keywords":"","_relevanssi_unpin_keywords":"","_relevanssi_related_keywords":"","_relevanssi_related_include_ids":"","_relevanssi_related_exclude_ids":"","_relevanssi_related_no_append":"","_relevanssi_related_not_related":"","_relevanssi_related_posts":"","_relevanssi_noindex_reason":""},"product_brand":[],"product_cat":[5026,5051,5040,5043,7868],"product_tag":[],"class_list":{"0":"post-10064","1":"product","2":"type-product","3":"status-publish","4":"has-post-thumbnail","6":"product_cat-moineaux-domestiques","7":"product_cat-nichoirs-a-moineaux-domestiques","8":"product_cat-nichoirs-muraux","9":"product_cat-nichoirs-muraux-pour-moineaux-domestiques","10":"product_cat-nichoirs","11":"pa_binnenmaat-b-x-h-x-d-cm-34-x-13-x-13-fr","12":"pa_buitenmaat-b-x-h-x-d-cm-44-x-248-x-214-fr","13":"pa_gewicht-kg-8-fr","14":"pa_invliegopening-34-mm-fr","15":"pa_kleur-gris","16":"pa_materiaal-woodstone-fr","17":"pa_materiaal-voor-filter-beton-de-bois","18":"pa_soort-moineau-domestique","19":"pa_soort-moineau-friquet","20":"pa_soortgroep-moineaux","22":"first","23":"instock","24":"purchasable","25":"product-type-simple"},"acf":[],"_links":{"self":[{"href":"https:\/\/viva.ezxdemo.com\/fr\/wp-json\/wp\/v2\/product\/10064","targetHints":{"allow":["GET"]}}],"collection":[{"href":"https:\/\/viva.ezxdemo.com\/fr\/wp-json\/wp\/v2\/product"}],"about":[{"href":"https:\/\/viva.ezxdemo.com\/fr\/wp-json\/wp\/v2\/types\/product"}],"wp:featuredmedia":[{"embeddable":true,"href":"https:\/\/viva.ezxdemo.com\/fr\/wp-json\/wp\/v2\/media\/10072"}],"wp:attachment":[{"href":"https:\/\/viva.ezxdemo.com\/fr\/wp-json\/wp\/v2\/media?parent=10064"}],"wp:term":[{"taxonomy":"product_brand","embeddable":true,"href":"https:\/\/viva.ezxdemo.com\/fr\/wp-json\/wp\/v2\/product_brand?post=10064"},{"taxonomy":"product_cat","embeddable":true,"href":"https:\/\/viva.ezxdemo.com\/fr\/wp-json\/wp\/v2\/product_cat?post=10064"},{"taxonomy":"product_tag","embeddable":true,"href":"https:\/\/viva.ezxdemo.com\/fr\/wp-json\/wp\/v2\/product_tag?post=10064"}],"curies":[{"name":"wp","href":"https:\/\/api.w.org\/{rel}","templated":true}]}}