{"id":10077,"date":"2023-12-20T19:10:55","date_gmt":"2023-12-20T18:10:55","guid":{"rendered":"https:\/\/vivarapro.nl\/product\/nk-gk-02-nichoir-pour-la-bergeronnette-des-ruisseaux\/"},"modified":"2025-10-29T21:00:23","modified_gmt":"2025-10-29T20:00:23","slug":"nk-gk-02-nichoir-pour-la-bergeronnette-des-ruisseaux","status":"publish","type":"product","link":"https:\/\/viva.ezxdemo.com\/fr\/produit\/nk-gk-02-nichoir-pour-la-bergeronnette-des-ruisseaux\/","title":{"rendered":"NK GK 02 Nichoir pour la bergeronnette des ruisseaux"},"content":{"rendered":"<p>La bergeronnette des ruisseaux est une esp\u00e8ce de plus en plus r\u00e9pandue en France, en particulier le long des rivi\u00e8res, des ruisseaux et d\u2019autres zones humides. Ce nichoir constitue pour elle un site de nidification s\u00fbr et adapt\u00e9. Le cincle plongeur peut \u00e9galement l\u2019utiliser dans les zones o\u00f9 il vit. Le nichoir est fabriqu\u00e9 en WoodStone\u00ae, un mat\u00e9riau robuste, durable et respectueux de l\u2019environnement, qui peut durer plusieurs d\u00e9cennies<\/p>\n","protected":false},"excerpt":{"rendered":"<p>NK GK 02 Nichoir pour la bergeronnette des ruisseaux | Vivara Pro | Le plus grand fabricant europ\u00e9en de solutions de nidification pour les chauves-souris, les oiseaux et la faune sauvage<\/p>\n","protected":false},"featured_media":10078,"template":"","meta":{"_acf_changed":false,"_relevanssi_hide_post":"","_relevanssi_hide_content":"","_relevanssi_pin_for_all":"","_relevanssi_pin_keywords":"","_relevanssi_unpin_keywords":"","_relevanssi_related_keywords":"","_relevanssi_related_include_ids":"","_relevanssi_related_exclude_ids":"","_relevanssi_related_no_append":"","_relevanssi_related_not_related":"","_relevanssi_related_posts":"","_relevanssi_noindex_reason":""},"product_brand":[],"product_cat":[5030,5054,5058,5059,7868],"product_tag":[],"class_list":{"0":"post-10077","1":"product","2":"type-product","3":"status-publish","4":"has-post-thumbnail","6":"product_cat-oiseaux-pres-de-leau","7":"product_cat-etourneau-sansonnet","8":"product_cat-nichoirs-pour-bergeronnettes","9":"product_cat-nichoirs-pour-les-rouge-queues-a-front-blanc","10":"product_cat-nichoirs","11":"pa_binnenmaat-b-x-h-x-d-cm-12-x-15-x-16-fr","12":"pa_buitenmaat-b-x-h-x-d-cm-17-x-20-x-31-fr","13":"pa_gewicht-kg-56-fr","14":"pa_kleur-gris","15":"pa_materiaal-woodstone-fr","16":"pa_materiaal-voor-filter-beton-de-bois","17":"pa_soort-bergeronnette-des-ruisseaux","18":"pa_soort-cincle-plongeur","19":"pa_soortgroep-oiseaux-pres-de-leau","21":"first","22":"instock","23":"purchasable","24":"product-type-simple"},"acf":[],"_links":{"self":[{"href":"https:\/\/viva.ezxdemo.com\/fr\/wp-json\/wp\/v2\/product\/10077","targetHints":{"allow":["GET"]}}],"collection":[{"href":"https:\/\/viva.ezxdemo.com\/fr\/wp-json\/wp\/v2\/product"}],"about":[{"href":"https:\/\/viva.ezxdemo.com\/fr\/wp-json\/wp\/v2\/types\/product"}],"wp:featuredmedia":[{"embeddable":true,"href":"https:\/\/viva.ezxdemo.com\/fr\/wp-json\/wp\/v2\/media\/10078"}],"wp:attachment":[{"href":"https:\/\/viva.ezxdemo.com\/fr\/wp-json\/wp\/v2\/media?parent=10077"}],"wp:term":[{"taxonomy":"product_brand","embeddable":true,"href":"https:\/\/viva.ezxdemo.com\/fr\/wp-json\/wp\/v2\/product_brand?post=10077"},{"taxonomy":"product_cat","embeddable":true,"href":"https:\/\/viva.ezxdemo.com\/fr\/wp-json\/wp\/v2\/product_cat?post=10077"},{"taxonomy":"product_tag","embeddable":true,"href":"https:\/\/viva.ezxdemo.com\/fr\/wp-json\/wp\/v2\/product_tag?post=10077"}],"curies":[{"name":"wp","href":"https:\/\/api.w.org\/{rel}","templated":true}]}}