{"id":10083,"date":"2023-12-20T19:08:38","date_gmt":"2023-12-20T18:08:38","guid":{"rendered":"https:\/\/vivarapro.nl\/product\/nk-mu-09-nichoir-de-facade-pour-moineau-domestique\/"},"modified":"2025-10-29T21:00:25","modified_gmt":"2025-10-29T20:00:25","slug":"nk-mu-09-nichoir-de-facade-pour-moineau-domestique","status":"publish","type":"product","link":"https:\/\/viva.ezxdemo.com\/fr\/produit\/nk-mu-09-nichoir-de-facade-pour-moineau-domestique\/","title":{"rendered":"NK MU 09 Nichoir mural pour moineau domestique"},"content":{"rendered":"<p>Ce mod\u00e8le de nichoir est divis\u00e9 en deux compartiments s\u00e9par\u00e9s. Le partenaire dispose ainsi d\u2019un endroit o\u00f9 passer la nuit. De plus, les diff\u00e9rents espaces permettent aux moineaux de commencer une deuxi\u00e8me couv\u00e9e si la premi\u00e8re n\u2019a pas encore pris son envol. Toutefois, le nichoir ne peut pas \u00eatre consid\u00e9r\u00e9 comme une double compensation: il sert de compensation pour un seul couple reproducteur. Il est \u00e9galement volontiers utilis\u00e9, par les m\u00e9sanges (notamment les charbonni\u00e8res). Il est fabriqu\u00e9 en WoodStone\u00ae, un m\u00e9lange de fibres de bois 100\u202f% certifi\u00e9es FSC\u00ae et de b\u00e9ton. Son installation est simple gr\u00e2ce au crochet en Z et aux vis inox fournies.<\/p>\n","protected":false},"excerpt":{"rendered":"<p>NK MU 09 Nichoir mural pour moineau domestique | Vivara Pro | Le plus grand fabricant europ\u00e9en de solutions de nidification pour les chauves-souris, les oiseaux et la faune sauvage<\/p>\n","protected":false},"featured_media":10091,"template":"","meta":{"_acf_changed":false,"_relevanssi_hide_post":"","_relevanssi_hide_content":"","_relevanssi_pin_for_all":"","_relevanssi_pin_keywords":"","_relevanssi_unpin_keywords":"","_relevanssi_related_keywords":"","_relevanssi_related_include_ids":"","_relevanssi_related_exclude_ids":"","_relevanssi_related_no_append":"","_relevanssi_related_not_related":"","_relevanssi_related_posts":"","_relevanssi_noindex_reason":""},"product_brand":[],"product_cat":[5026,5051,5040,5043,7868],"product_tag":[7513],"class_list":{"0":"post-10083","1":"product","2":"type-product","3":"status-publish","4":"has-post-thumbnail","6":"product_cat-moineaux-domestiques","7":"product_cat-nichoirs-a-moineaux-domestiques","8":"product_cat-nichoirs-muraux","9":"product_cat-nichoirs-muraux-pour-moineaux-domestiques","10":"product_cat-nichoirs","11":"product_tag-nestkast","12":"pa_binnenmaat-b-x-h-x-d-cm-15-x-13-x-13-2x-fr","13":"pa_buitenmaat-b-x-h-x-d-cm-44-x-248-x-214-fr","14":"pa_gewicht-kg-8-fr","15":"pa_invliegopening-34-mm-fr","16":"pa_materiaal-woodstone-fr","17":"pa_materiaal-voor-filter-beton-de-bois","18":"pa_soort-moineau-domestique","19":"pa_soort-moineau-friquet","20":"pa_soortgroep-moineaux","22":"first","23":"instock","24":"purchasable","25":"product-type-simple"},"acf":[],"_links":{"self":[{"href":"https:\/\/viva.ezxdemo.com\/fr\/wp-json\/wp\/v2\/product\/10083","targetHints":{"allow":["GET"]}}],"collection":[{"href":"https:\/\/viva.ezxdemo.com\/fr\/wp-json\/wp\/v2\/product"}],"about":[{"href":"https:\/\/viva.ezxdemo.com\/fr\/wp-json\/wp\/v2\/types\/product"}],"wp:featuredmedia":[{"embeddable":true,"href":"https:\/\/viva.ezxdemo.com\/fr\/wp-json\/wp\/v2\/media\/10091"}],"wp:attachment":[{"href":"https:\/\/viva.ezxdemo.com\/fr\/wp-json\/wp\/v2\/media?parent=10083"}],"wp:term":[{"taxonomy":"product_brand","embeddable":true,"href":"https:\/\/viva.ezxdemo.com\/fr\/wp-json\/wp\/v2\/product_brand?post=10083"},{"taxonomy":"product_cat","embeddable":true,"href":"https:\/\/viva.ezxdemo.com\/fr\/wp-json\/wp\/v2\/product_cat?post=10083"},{"taxonomy":"product_tag","embeddable":true,"href":"https:\/\/viva.ezxdemo.com\/fr\/wp-json\/wp\/v2\/product_tag?post=10083"}],"curies":[{"name":"wp","href":"https:\/\/api.w.org\/{rel}","templated":true}]}}