{"id":10096,"date":"2023-12-20T19:03:26","date_gmt":"2023-12-20T18:03:26","guid":{"rendered":"https:\/\/vivarapro.nl\/product\/nk-gz-10-nichoir-a-pignon-pour-martinets\/"},"modified":"2025-10-29T21:00:26","modified_gmt":"2025-10-29T20:00:26","slug":"nk-gz-10-nichoir-a-pignon-pour-martinets","status":"publish","type":"product","link":"https:\/\/viva.ezxdemo.com\/fr\/produit\/nk-gz-10-nichoir-a-pignon-pour-martinets\/","title":{"rendered":"NK GZ 10 Nichoir mural pour martinets noirs"},"content":{"rendered":"<p>Les moineaux domestiques aiment \u00e9galement utiliser ce nichoir, ce qui favorise sa d\u00e9couverte par les martinets noirs. Si un martinet souhaite occuper un nichoir d\u00e9j\u00e0 pris par des moineaux, il les d\u00e9logera tout simplement. Le nichoir est fabriqu\u00e9 en WoodStone\u00ae, un m\u00e9lange de fibres de bois 100\u00a0% certifi\u00e9es FSC\u00ae et de b\u00e9ton. Ce mat\u00e9riau robuste est respectueux de l\u2019environnement et con\u00e7u pour durer plusieurs d\u00e9cennies. L\u2019installation est simple gr\u00e2ce au crochet en Z et aux vis en acier inoxydable fournis.<\/p>\n","protected":false},"excerpt":{"rendered":"<p>NK GZ 10 Nichoir mural pour martinets noirs | Vivara Pro | Le plus grand fabricant europ\u00e9en de solutions de nidification pour les chauves-souris, les oiseaux et la faune sauvage<\/p>\n","protected":false},"featured_media":10098,"template":"","meta":{"_acf_changed":false,"_relevanssi_hide_post":"","_relevanssi_hide_content":"","_relevanssi_pin_for_all":"","_relevanssi_pin_keywords":"","_relevanssi_unpin_keywords":"","_relevanssi_related_keywords":"","_relevanssi_related_include_ids":"","_relevanssi_related_exclude_ids":"","_relevanssi_related_no_append":"","_relevanssi_related_not_related":"","_relevanssi_related_posts":"","_relevanssi_noindex_reason":""},"product_brand":[],"product_cat":[5025,5040,5041],"product_tag":[],"class_list":{"0":"post-10096","1":"product","2":"type-product","3":"status-publish","4":"has-post-thumbnail","6":"product_cat-martinets-noir","7":"product_cat-nichoirs-muraux","8":"product_cat-nichoirs-muraux-pour-martinets-noirs","9":"pa_binnenmaat-b-x-h-x-d-cm-35-x-17-x-17-fr","10":"pa_buitenmaat-b-x-h-x-d-cm-44-x-27-x-27-fr","11":"pa_gewicht-kg-9-fr","12":"pa_invliegopening-65-x-30-mm-ovale","13":"pa_kleur-gris","14":"pa_materiaal-woodstone-fr","15":"pa_materiaal-voor-filter-beton-de-bois","16":"pa_soort-martinet-noir","17":"pa_soortgroep-martinets","19":"first","20":"instock","21":"purchasable","22":"product-type-simple"},"acf":[],"_links":{"self":[{"href":"https:\/\/viva.ezxdemo.com\/fr\/wp-json\/wp\/v2\/product\/10096","targetHints":{"allow":["GET"]}}],"collection":[{"href":"https:\/\/viva.ezxdemo.com\/fr\/wp-json\/wp\/v2\/product"}],"about":[{"href":"https:\/\/viva.ezxdemo.com\/fr\/wp-json\/wp\/v2\/types\/product"}],"wp:featuredmedia":[{"embeddable":true,"href":"https:\/\/viva.ezxdemo.com\/fr\/wp-json\/wp\/v2\/media\/10098"}],"wp:attachment":[{"href":"https:\/\/viva.ezxdemo.com\/fr\/wp-json\/wp\/v2\/media?parent=10096"}],"wp:term":[{"taxonomy":"product_brand","embeddable":true,"href":"https:\/\/viva.ezxdemo.com\/fr\/wp-json\/wp\/v2\/product_brand?post=10096"},{"taxonomy":"product_cat","embeddable":true,"href":"https:\/\/viva.ezxdemo.com\/fr\/wp-json\/wp\/v2\/product_cat?post=10096"},{"taxonomy":"product_tag","embeddable":true,"href":"https:\/\/viva.ezxdemo.com\/fr\/wp-json\/wp\/v2\/product_tag?post=10096"}],"curies":[{"name":"wp","href":"https:\/\/api.w.org\/{rel}","templated":true}]}}